{"id":58238,"date":"2024-02-20T22:21:46","date_gmt":"2024-02-20T19:21:46","guid":{"rendered":"https:\/\/nbg.eu\/product\/geissele-super-precision-compm5s-series-optic-mounts-black-absolute-co-witness\/"},"modified":"2026-04-22T11:36:44","modified_gmt":"2026-04-22T08:36:44","slug":"monturas-para-opticas-super-precision-geissele-serie-compm5s-negro-co-witness-absoluto","status":"publish","type":"product","link":"https:\/\/nbg.eu\/es\/producto\/monturas-para-opticas-super-precision-geissele-serie-compm5s-negro-co-witness-absoluto\/","title":{"rendered":"Geissele Montaje para Punto Rojo Super Precision CompM5s Absolute Co-Witness &#8211; Black"},"content":{"rendered":"<h2>Monturas \u00f3pticas Geissele Super Precision\u00ae &#8211; Serie CompM5s<\/h2>\n<h3>Negro (Co-testigo absoluto)<\/h3>\n<p>Montura \u00f3ptica Geissele Super Precision\u00ae para la serie CompM5s. Dise\u00f1ada espec\u00edficamente para Aimpoint CompM5s y \u00f3pticas de punto rojo similares, esta montura ofrece precisi\u00f3n y durabilidad.<\/p>\n<ul>\n<li>Mecanizado de precisi\u00f3n de una sola pieza de aluminio 7075-T6 de alta resistencia<\/li>\n<li>Opci\u00f3n de altura de co-testigo absoluto<\/li>\n<li>M\u00e9todo de fijaci\u00f3n con tuerca y perno con 1,400 libras de fuerza de sujeci\u00f3n<\/li>\n<li>3 leng\u00fcetas de cizallamiento para m\u00e1xima rigidez y retorno a cero<\/li>\n<li>Acabado anodizado Tipo 3 en color negro<\/li>\n<\/ul>\n<p>Geissele ofrece soluciones de montaje \u00f3ptico que mejoran el rendimiento y la fiabilidad de su arma de fuego.<\/p>\n","protected":false},"excerpt":{"rendered":"<p>Montura mecanizada con precisi\u00f3n para Aimpoint CompM5s. Robusta, r\u00edgida y confiable.<\/p>\n","protected":false},"featured_media":58239,"template":"","meta":{"_acf_changed":false},"product_brand":[11388],"product_cat":[12225,12229,12261,14920],"product_tag":[],"class_list":{"0":"post-58238","1":"product","2":"type-product","3":"status-publish","4":"has-post-thumbnail","6":"product_brand-geissele","7":"product_cat-piezas-de-pistola","8":"product_cat-piezas-kmr","9":"product_cat-puntos-para-pistola","10":"product_cat-red-dot-sights-mounts-es","12":"first","13":"instock","14":"taxable","15":"shipping-taxable","16":"product-type-simple"},"acf":[],"_links":{"self":[{"href":"https:\/\/nbg.eu\/es\/wp-json\/wp\/v2\/product\/58238","targetHints":{"allow":["GET"]}}],"collection":[{"href":"https:\/\/nbg.eu\/es\/wp-json\/wp\/v2\/product"}],"about":[{"href":"https:\/\/nbg.eu\/es\/wp-json\/wp\/v2\/types\/product"}],"wp:featuredmedia":[{"embeddable":true,"href":"https:\/\/nbg.eu\/es\/wp-json\/wp\/v2\/media\/58239"}],"wp:attachment":[{"href":"https:\/\/nbg.eu\/es\/wp-json\/wp\/v2\/media?parent=58238"}],"wp:term":[{"taxonomy":"product_brand","embeddable":true,"href":"https:\/\/nbg.eu\/es\/wp-json\/wp\/v2\/product_brand?post=58238"},{"taxonomy":"product_cat","embeddable":true,"href":"https:\/\/nbg.eu\/es\/wp-json\/wp\/v2\/product_cat?post=58238"},{"taxonomy":"product_tag","embeddable":true,"href":"https:\/\/nbg.eu\/es\/wp-json\/wp\/v2\/product_tag?post=58238"}],"curies":[{"name":"wp","href":"https:\/\/api.w.org\/{rel}","templated":true}]}}