{"id":62981,"date":"2024-01-25T20:19:03","date_gmt":"2024-01-25T20:19:03","guid":{"rendered":"https:\/\/nbg.eu\/product\/iosso-chamber-brushes-2-pack\/"},"modified":"2026-05-13T16:44:50","modified_gmt":"2026-05-13T13:44:50","slug":"cepillos-para-recamara-iosso-paquete-de-2","status":"publish","type":"product","link":"https:\/\/nbg.eu\/es\/producto\/cepillos-para-recamara-iosso-paquete-de-2\/","title":{"rendered":"Cepillos para Rec\u00e1mara Iosso Paquete de 2"},"content":{"rendered":"<p style=\"text-align: center\"><strong><span style=\"font-size: 170%\">Cepillos de c\u00e1mara Iosso (2 paquetes)<\/span><\/strong><\/p>\n<p>El primer cepillo para limpiar la c\u00e1mara de 6.5 Creedmoor. Est\u00e1n dimensionados con tolerancia ajustada para una limpieza precisa. Fabricados con una fibra azul, que es gruesa, r\u00edgida y mantiene su forma mejor que los cepillos tradicionales de lat\u00f3n y bronce. Se pueden usar varias veces antes de desgastarse. El paquete contiene 2 cepillos. Los limpiadores sugeridos para usar con este cepillo son el Limpiador de Ca\u00f1\u00f3n Iosso y el Aceite de Triple Acci\u00f3n Iosso. <strong>Los cepillos azules son una marca registrada de Iosso Products.<\/strong><\/p>\n<table width=\"305\">\n<tbody>\n<tr>\n<td width=\"305\"><strong>Cepillo de c\u00e1mara AR-15 con espiga, paquete de 2<\/strong><\/td>\n<\/tr>\n<tr>\n<td><strong>Cepillo de c\u00e1mara Grendel AR-15 6.5, paquete de 2<\/strong><\/td>\n<\/tr>\n<tr>\n<td><strong>Cepillo de c\u00e1mara Creedmoor 6.5, paquete de 2<\/strong><\/td>\n<\/tr>\n<tr>\n<td><strong>Cepillo de c\u00e1mara para rifle AR.308 con espiga, paquete de 2<\/strong><\/td>\n<\/tr>\n<\/tbody>\n<\/table>\n","protected":false},"excerpt":{"rendered":"<p><strong>El primer cepillo para limpiar la rec\u00e1mara del 6.5 Creedmoor<\/strong><\/p>\n","protected":false},"featured_media":107694,"template":"","meta":{"_acf_changed":false},"product_brand":[11484],"product_cat":[12238,12221],"product_tag":[],"class_list":{"0":"post-62981","1":"product","2":"type-product","3":"status-publish","4":"has-post-thumbnail","6":"product_brand-iosso","7":"product_cat-cepillos","8":"product_cat-limpieza-de-armas","10":"first","11":"instock","12":"taxable","13":"shipping-taxable","14":"purchasable","15":"product-type-variable","16":"wvs-archive-product-wrapper"},"acf":[],"_links":{"self":[{"href":"https:\/\/nbg.eu\/es\/wp-json\/wp\/v2\/product\/62981","targetHints":{"allow":["GET"]}}],"collection":[{"href":"https:\/\/nbg.eu\/es\/wp-json\/wp\/v2\/product"}],"about":[{"href":"https:\/\/nbg.eu\/es\/wp-json\/wp\/v2\/types\/product"}],"wp:featuredmedia":[{"embeddable":true,"href":"https:\/\/nbg.eu\/es\/wp-json\/wp\/v2\/media\/107694"}],"wp:attachment":[{"href":"https:\/\/nbg.eu\/es\/wp-json\/wp\/v2\/media?parent=62981"}],"wp:term":[{"taxonomy":"product_brand","embeddable":true,"href":"https:\/\/nbg.eu\/es\/wp-json\/wp\/v2\/product_brand?post=62981"},{"taxonomy":"product_cat","embeddable":true,"href":"https:\/\/nbg.eu\/es\/wp-json\/wp\/v2\/product_cat?post=62981"},{"taxonomy":"product_tag","embeddable":true,"href":"https:\/\/nbg.eu\/es\/wp-json\/wp\/v2\/product_tag?post=62981"}],"curies":[{"name":"wp","href":"https:\/\/api.w.org\/{rel}","templated":true}]}}