{"id":63473,"date":"2024-01-23T19:15:27","date_gmt":"2024-09-16T13:13:00","guid":{"rendered":"https:\/\/nbg.eu\/product\/iosso-cotton-knit-cleaning-patches\/"},"modified":"2026-05-13T16:01:12","modified_gmt":"2026-05-13T13:01:12","slug":"iosso-parches-de-limpieza-de-algodon","status":"publish","type":"product","link":"https:\/\/nbg.eu\/es\/producto\/iosso-parches-de-limpieza-de-algodon\/","title":{"rendered":"Iosso Parches de Limpieza de Algod\u00f3n"},"content":{"rendered":"<p>\nParches de limpieza de tejido de algod\u00f3n Iosso: 100% algod\u00f3n, sin pelusas y resistentes al deshilachado. El tejido atrapa mejor la suciedad que la franela o el acr\u00edlico. Tama\u00f1os disponibles:<\/p>\n<ul>\n<li>1-1\/2&#8243;: rifle .22 a .270<\/li>\n<li>2-1\/2&#8243;: .338 a .357<\/li>\n<li>3&#8243;: escopetas<\/li>\n<li>6&#8243;: 37-40mm<\/li>\n<\/ul>\n<p>El tejido de punto piqu\u00e9 asegura un rendimiento de limpieza eficaz.<\/p>\n","protected":false},"excerpt":{"rendered":"<p>Parches de algod\u00f3n tejido sin pelusa para una limpieza superior de armas de fuego.<\/p>\n","protected":false},"featured_media":107573,"template":"","meta":{"_acf_changed":false},"product_brand":[11484],"product_cat":[12238,12221],"product_tag":[],"class_list":{"0":"post-63473","1":"product","2":"type-product","3":"status-publish","4":"has-post-thumbnail","6":"product_brand-iosso","7":"product_cat-cepillos","8":"product_cat-limpieza-de-armas","10":"first","11":"instock","12":"taxable","13":"shipping-taxable","14":"purchasable","15":"product-type-variable","16":"wvs-archive-product-wrapper"},"acf":[],"_links":{"self":[{"href":"https:\/\/nbg.eu\/es\/wp-json\/wp\/v2\/product\/63473","targetHints":{"allow":["GET"]}}],"collection":[{"href":"https:\/\/nbg.eu\/es\/wp-json\/wp\/v2\/product"}],"about":[{"href":"https:\/\/nbg.eu\/es\/wp-json\/wp\/v2\/types\/product"}],"wp:featuredmedia":[{"embeddable":true,"href":"https:\/\/nbg.eu\/es\/wp-json\/wp\/v2\/media\/107573"}],"wp:attachment":[{"href":"https:\/\/nbg.eu\/es\/wp-json\/wp\/v2\/media?parent=63473"}],"wp:term":[{"taxonomy":"product_brand","embeddable":true,"href":"https:\/\/nbg.eu\/es\/wp-json\/wp\/v2\/product_brand?post=63473"},{"taxonomy":"product_cat","embeddable":true,"href":"https:\/\/nbg.eu\/es\/wp-json\/wp\/v2\/product_cat?post=63473"},{"taxonomy":"product_tag","embeddable":true,"href":"https:\/\/nbg.eu\/es\/wp-json\/wp\/v2\/product_tag?post=63473"}],"curies":[{"name":"wp","href":"https:\/\/api.w.org\/{rel}","templated":true}]}}