{"id":672180,"date":"2025-11-17T17:17:59","date_gmt":"2025-11-17T14:17:59","guid":{"rendered":"https:\/\/nbg.eu\/product\/camara-termica-nocpix-vista-s50r-con-lrf-1280x1024-15mk-netd\/"},"modified":"2026-04-14T16:20:52","modified_gmt":"2026-04-14T13:20:52","slug":"camara-termica-nocpix-vista-s50r-con-lrf-1280x1024-15mk-netd","status":"publish","type":"product","link":"https:\/\/nbg.eu\/es\/producto\/camara-termica-nocpix-vista-s50r-con-lrf-1280x1024-15mk-netd\/","title":{"rendered":"Nocpix C\u00e1mara T\u00e9rmica VISTA S50R LRF"},"content":{"rendered":"<h2>C\u00e1mara t\u00e9rmica Nocpix VISTA S50R con LRF 1280&#215;1024 \u226415mK NETD<\/h2>\n<p>El sistema Vision+ de Vista, con su pantalla AMOLED de 2560\u00d72560 y un di\u00e1metro de salida de pupila de 8 mm, ofrece una experiencia de visualizaci\u00f3n envolvente. Equipado con un sensor superior y un LRF integrado, Vista ofrece el mayor rendimiento de la industria. Su dise\u00f1o f\u00e1cil de usar y su soluci\u00f3n de bater\u00eda mejorada lo convierten en el compa\u00f1ero ideal para superar los desaf\u00edos al aire libre.<\/p>\n<h2>Sistema Vision+: Visi\u00f3n envolvente<\/h2>\n<p>Una pantalla AMOLED circular de 2560\u00d72560 optimiza la eficiencia espacial, ofreciendo im\u00e1genes v\u00edvidas. Con un di\u00e1metro de salida de pupila de 8 mm y el modo Pure Vision, Vista ofrece una experiencia de visualizaci\u00f3n c\u00f3moda y envolvente.<\/p>\n<h2>Sensor superior: calidad de imagen de primera clase<\/h2>\n<p>Nuestro sensor NETD \u226415mk 1280\u00d71024@12\u03bcm desarrollado internamente asegura una alta calidad de imagen y un rendimiento estable. Las siluetas de los animales, la anatom\u00eda y las caracter\u00edsticas de comportamiento se vuelven f\u00e1cilmente distinguibles.<\/p>\n<h2>LRF integrado: precisi\u00f3n y portabilidad<\/h2>\n<p>Nuestro tel\u00e9metro l\u00e1ser (LRF 1200m) integrado en 2 en 1 combina armoniosamente la est\u00e9tica con la alineaci\u00f3n verdadera del eje \u00f3ptico. Este dise\u00f1o ligero y compacto garantiza un uso m\u00ednimo del \u00e1rea de la lente mientras mantiene una calidad de imagen impecable.<\/p>\n<h2>Tasa de cuadros de 60Hz: captura de movimiento fluida<\/h2>\n<p>Equipado con un detector de 60Hz, Vista ofrece una suavidad superior, lo que permite una captura precisa de animales en movimiento y escenas de alta velocidad. Esta importante mejora respecto a los 50Hz proporciona visualizaciones m\u00e1s suaves y precisas.<\/p>\n<h2>Lente F0.9: mejor captura de luz<\/h2>\n<p>La lente F0.9 est\u00e1 dise\u00f1ada para mejorar la recepci\u00f3n de luz en un 20%, lo que mejora significativamente el brillo y la calidad de la imagen en comparaci\u00f3n con las lentes tradicionales F1.0. Este avance garantiza que cada detalle est\u00e9 brillantemente claro, lo que convierte a Vista en el compa\u00f1ero ideal para observaciones nocturnas.<\/p>\n<h2>Carga flexible: bater\u00edas reemplazables para un funcionamiento prolongado<\/h2>\n<p>Vista ofrece dos opciones de carga: bater\u00edas intercambiables IBP-7\/4400mAh que se pueden cambiar f\u00e1cilmente, o carga directa a trav\u00e9s del puerto integrado. Esto garantiza un funcionamiento continuo para que pueda concentrarse en la caza sin problemas de bater\u00eda.<\/p>\n<h2>Amplio campo de visi\u00f3n: mejor conciencia de la escena<\/h2>\n<p>Con su superior aumento primario de 2X y su amplio campo de visi\u00f3n, el Vista S50R proporciona una perspectiva excepcional de su entorno. Esto le permite detectar y monitorear varios objetivos con facilidad en vastos paisajes, asegurando que cada movimiento se capture con claridad.<\/p>\n<h2>Diferentes paletas de colores<\/h2>\n<p>Vista ofrece 7 paletas de color diferentes, incluidos modos monocrom\u00e1ticos rojo y verde puro. Estas opciones amigables con los ojos ayudan a reducir la fatiga visual, asegurando un uso sin esfuerzo durante per\u00edodos prolongados.<\/p>\n<h2>Dise\u00f1o f\u00e1cil de usar<\/h2>\n<p>Los botones silenciosos de Vista aseguran un uso silencioso en la oscuridad, mientras que la m\u00e1scara ocular giratoria evita fugas de luz, manteniendo su presencia oculta de los animales. La textura de piel de becerro TPU totalmente envolvente proporciona un agarre c\u00f3modo, lo que facilita el uso prolongado.<\/p>\n","protected":false},"excerpt":{"rendered":"<p>Nocpix VISTA S50R con LRF 1280&#215;1024 &lt;15mK NETD: pantalla AMOLED inmersiva de 2560&#215;2560, sensor superior de 1280&#215;1024, LRF integrado, lente F0.9, velocidad de fotogramas de 60Hz, carga flexible, gran campo de visi\u00f3n y dise\u00f1o f\u00e1cil de usar.<\/p>\n<p>Si el art\u00edculo no est\u00e1 disponible, por favor cont\u00e1ctenos: shop@nbg.eu o +359896147790<\/p>\n","protected":false},"featured_media":672245,"template":"","meta":{"_acf_changed":false},"product_brand":[14461],"product_cat":[12250,16102],"product_tag":[],"class_list":{"0":"post-672180","1":"product","2":"type-product","3":"status-publish","4":"has-post-thumbnail","6":"product_brand-nocpix","7":"product_cat-termico","8":"product_cat-thermal-cameras-es","10":"first","11":"instock","12":"taxable","13":"shipping-taxable","14":"purchasable","15":"product-type-simple"},"acf":[],"_links":{"self":[{"href":"https:\/\/nbg.eu\/es\/wp-json\/wp\/v2\/product\/672180","targetHints":{"allow":["GET"]}}],"collection":[{"href":"https:\/\/nbg.eu\/es\/wp-json\/wp\/v2\/product"}],"about":[{"href":"https:\/\/nbg.eu\/es\/wp-json\/wp\/v2\/types\/product"}],"wp:featuredmedia":[{"embeddable":true,"href":"https:\/\/nbg.eu\/es\/wp-json\/wp\/v2\/media\/672245"}],"wp:attachment":[{"href":"https:\/\/nbg.eu\/es\/wp-json\/wp\/v2\/media?parent=672180"}],"wp:term":[{"taxonomy":"product_brand","embeddable":true,"href":"https:\/\/nbg.eu\/es\/wp-json\/wp\/v2\/product_brand?post=672180"},{"taxonomy":"product_cat","embeddable":true,"href":"https:\/\/nbg.eu\/es\/wp-json\/wp\/v2\/product_cat?post=672180"},{"taxonomy":"product_tag","embeddable":true,"href":"https:\/\/nbg.eu\/es\/wp-json\/wp\/v2\/product_tag?post=672180"}],"curies":[{"name":"wp","href":"https:\/\/api.w.org\/{rel}","templated":true}]}}