{"id":673423,"date":"2025-11-17T17:24:54","date_gmt":"2025-11-17T14:24:54","guid":{"rendered":"https:\/\/nbg.eu\/product\/camara-termica-nocpix-vista-h50r-con-lrf-50-mm-12-%ce%bcm-640x512-15mk-netd\/"},"modified":"2026-04-14T16:20:48","modified_gmt":"2026-04-14T13:20:48","slug":"camara-termica-nocpix-vista-h50r-con-lrf-50-mm-12-%ce%bcm-640x512-15mk-netd","status":"publish","type":"product","link":"https:\/\/nbg.eu\/es\/producto\/camara-termica-nocpix-vista-h50r-con-lrf-50-mm-12-%ce%bcm-640x512-15mk-netd\/","title":{"rendered":"Nocpix C\u00e1mara T\u00e9rmica VISTA H50R LRF"},"content":{"rendered":"<h2>Nocpix VISTA H50R &#8211; C\u00e1mara de imagen t\u00e9rmica de vanguardia con tel\u00e9metro l\u00e1ser<\/h2>\n<p>La Nocpix VISTA H50R es una c\u00e1mara de imagen t\u00e9rmica de vanguardia con un tel\u00e9metro l\u00e1ser incorporado (LRF) dise\u00f1ada para uso diurno y nocturno. Ofrece una calidad de imagen excepcional incluso en condiciones clim\u00e1ticas adversas como niebla, smog y lluvia, y puede detectar objetivos a trav\u00e9s de obst\u00e1culos como ramas, hierbas altas y follaje denso que normalmente obstruyen la visibilidad.<\/p>\n<p>La VISTA H50R es muy vers\u00e1til y apta para una variedad de aplicaciones, incluyendo caza, seguridad, vigilancia, navegaci\u00f3n en terreno y operaciones de b\u00fasqueda y rescate. Su tecnolog\u00eda t\u00e9rmica avanzada garantiza un rendimiento confiable, ofreciendo im\u00e1genes claras y mediciones precisas en entornos desafiantes.<\/p>\n<h2>Especificaciones:<\/h2>\n<p>Resoluci\u00f3n: 640 x 512<br \/>\nTama\u00f1o de p\u00edxel: 12<br \/>\nNETD, mK: \u226415<br \/>\nFrecuencia de cuadros: 50<br \/>\nLente: 50mm F0.9<br \/>\nCampo de visi\u00f3n: 8.8 x 7.0<br \/>\nCampo de visi\u00f3n (lineal): 15 x 12<br \/>\nMagnificaci\u00f3n: 4~40<br \/>\nRango de detecci\u00f3n: 2600<br \/>\nDistancia de los ojos: 25<br \/>\nDi\u00e1metro de la pupila de salida: 8<br \/>\nDioptr\u00edas: -4 ~ +6<br \/>\nTipo de pantalla: AMOLED<br \/>\nResoluci\u00f3n de pantalla: 2560 x 2560<br \/>\nBater\u00eda: Bater\u00eda de i\u00f3n de litio reemplazable IBP-7 \/ 4400mAh<br \/>\nTiempo m\u00e1ximo de funcionamiento: 5.5<br \/>\nDistancia de medici\u00f3n de rango: 1200<br \/>\nL\u00e1ser: Clase 1<br \/>\nWi-Fi\/Aplicaci\u00f3n: S\u00cd<br \/>\nMicr\u00f3fono: S\u00cd<br \/>\nCapacidad de memoria: 64GB<br \/>\nClasificaci\u00f3n IP: IP67<br \/>\nTemperatura m\u00e1xima de funcionamiento: -20 ~ +50<br \/>\nPeso (onzas): 22.93<br \/>\nPeso (g): 650<br \/>\nDimensiones (pulg.): 7.64 x 2.76 x 3.23<br \/>\nDimensiones (mm): 194 x 70 x 82<\/p>\n<p>Detector de 640\u00d7512 12\u03bcm<br \/>\nNETD\u226415mK<br \/>\nFrecuencia de cuadros alta de 60Hz<br \/>\nLente F0.9<br \/>\nPantalla AMOLED circular de 2560\u00d72560<br \/>\nBater\u00eda recargable de cambio r\u00e1pido IBP-7<br \/>\nZoom digital suave: 1\u00d7~8\u00d7<br \/>\nModo ultra limpio<br \/>\nProtecci\u00f3n ocular con brillo bajo, paleta de colores y tono c\u00e1lido<br \/>\nEstabilizaci\u00f3n electr\u00f3nica de imagen<\/p>\n","protected":false},"excerpt":{"rendered":"<p>La c\u00e1mara t\u00e9rmica Nocpix VISTA H50R es una c\u00e1mara t\u00e9rmica de 640\u00d7512 p\u00edxeles y 12 \u03bcm, con una NETD \u226415 mK, un objetivo de 50 mm F0.9 y un tel\u00e9metro l\u00e1ser incorporado, para caza, seguridad y m\u00e1s.<\/p>\n<p>Si el art\u00edculo no est\u00e1 disponible, p\u00f3ngase en contacto con nosotros: shop@nbg.eu o +359896147790<\/p>\n","protected":false},"featured_media":673526,"template":"","meta":{"_acf_changed":false},"product_brand":[14461],"product_cat":[12250,16102],"product_tag":[],"class_list":{"0":"post-673423","1":"product","2":"type-product","3":"status-publish","4":"has-post-thumbnail","6":"product_brand-nocpix","7":"product_cat-termico","8":"product_cat-thermal-cameras-es","10":"first","11":"instock","12":"taxable","13":"shipping-taxable","14":"purchasable","15":"product-type-simple"},"acf":[],"_links":{"self":[{"href":"https:\/\/nbg.eu\/es\/wp-json\/wp\/v2\/product\/673423","targetHints":{"allow":["GET"]}}],"collection":[{"href":"https:\/\/nbg.eu\/es\/wp-json\/wp\/v2\/product"}],"about":[{"href":"https:\/\/nbg.eu\/es\/wp-json\/wp\/v2\/types\/product"}],"wp:featuredmedia":[{"embeddable":true,"href":"https:\/\/nbg.eu\/es\/wp-json\/wp\/v2\/media\/673526"}],"wp:attachment":[{"href":"https:\/\/nbg.eu\/es\/wp-json\/wp\/v2\/media?parent=673423"}],"wp:term":[{"taxonomy":"product_brand","embeddable":true,"href":"https:\/\/nbg.eu\/es\/wp-json\/wp\/v2\/product_brand?post=673423"},{"taxonomy":"product_cat","embeddable":true,"href":"https:\/\/nbg.eu\/es\/wp-json\/wp\/v2\/product_cat?post=673423"},{"taxonomy":"product_tag","embeddable":true,"href":"https:\/\/nbg.eu\/es\/wp-json\/wp\/v2\/product_tag?post=673423"}],"curies":[{"name":"wp","href":"https:\/\/api.w.org\/{rel}","templated":true}]}}