{"id":673817,"date":"2025-11-17T17:24:57","date_gmt":"2025-11-17T14:24:57","guid":{"rendered":"https:\/\/nbg.eu\/product\/camara-termica-nocpix-vista-h35r-con-lrf-35-mm-12-%ce%bcm-640x512-15-mk-net\/"},"modified":"2026-04-14T16:20:45","modified_gmt":"2026-04-14T13:20:45","slug":"camara-termica-nocpix-vista-h35r-con-lrf-35-mm-12-%ce%bcm-640x512-15-mk-net","status":"publish","type":"product","link":"https:\/\/nbg.eu\/es\/producto\/camara-termica-nocpix-vista-h35r-con-lrf-35-mm-12-%ce%bcm-640x512-15-mk-net\/","title":{"rendered":"Nocpix C\u00e1mara T\u00e9rmica VISTA H35R LRF"},"content":{"rendered":"<h2>Monocular t\u00e9rmico Nocpix VISTA H35R con tel\u00e9metro l\u00e1ser<\/h2>\n<p>El Nocpix VISTA H35R es un monocular t\u00e9rmico multiprop\u00f3sito equipado con un tel\u00e9metro l\u00e1ser integrado (LRF), dise\u00f1ado para un uso confiable tanto de d\u00eda como de noche. Este dispositivo avanzado ofrece un rendimiento excepcional de imagen t\u00e9rmica, proporcionando im\u00e1genes claras y detalladas incluso en condiciones clim\u00e1ticas desafiantes como niebla, smog y lluvia. Es capaz de detectar objetivos a trav\u00e9s de obst\u00e1culos como ramas, hierba alta y follaje denso, lo que garantiza un funcionamiento eficaz en entornos donde las \u00f3pticas tradicionales son inadecuadas.<\/p>\n<p>Ideal para una variedad de aplicaciones, el VISTA H35R es perfecto para caza, vigilancia, seguridad, navegaci\u00f3n por terreno y misiones de b\u00fasqueda y rescate. Con su tecnolog\u00eda de vanguardia y construcci\u00f3n duradera, el VISTA H35R garantiza una detecci\u00f3n y medici\u00f3n precisas en las condiciones m\u00e1s dif\u00edciles.<\/p>\n<h2>Especificaciones<\/h2>\n<p>Resoluci\u00f3n: 640 x 512<br \/>\nTama\u00f1o de p\u00edxel: 12<br \/>\nNETD, mK: \u226415<br \/>\nFrecuencia de fotogramas: 50<br \/>\nLente: 35mm F0.9<br \/>\nCampo de visi\u00f3n: 12.5 x 10.0<br \/>\nCampo de visi\u00f3n (lineal): 22 x 18<br \/>\nAumento: 3~28<br \/>\nRango de detecci\u00f3n: 1800<br \/>\nDistancia de los ojos: 25<br \/>\nDi\u00e1metro de la pupila de salida: 8<br \/>\nDioptr\u00edas: -4 ~ +6<br \/>\nTipo de pantalla: AMOLED<br \/>\nResoluci\u00f3n de la pantalla: 2560 x 2560<br \/>\nBater\u00eda: Bater\u00eda de i\u00f3n de litio reemplazable IBP-7 \/ 4400mAh<br \/>\nTiempo de funcionamiento m\u00e1ximo: 5.5<br \/>\nRango de medici\u00f3n de distancia: 1200<br \/>\nL\u00e1ser: Clase 1<br \/>\nWiFi\/Aplicaci\u00f3n: S\u00cd<br \/>\nMIC: S\u00cd<br \/>\nCapacidad de memoria: 64GB<br \/>\nClasificaci\u00f3n IP: IP67<br \/>\nTemperatura de funcionamiento m\u00e1xima: -20 ~ +50<br \/>\nPeso (onzas): 22.58<br \/>\nPeso (g): 640<br \/>\nDimensiones (pulgadas): 7.48 x 2.64 x 3.11<br \/>\nDimensiones (mm): 190 x 67 x 79<\/p>\n<h2>Caracter\u00edsticas<\/h2>\n<p>Detector de 640\u00d7512 12\u03bcm<br \/>\nNETD\u226415mK<br \/>\nFrecuencia de fotogramas de 60Hz<br \/>\nLente F0.9<br \/>\nPantalla circular AMOLED 2560\u00d72560<br \/>\nBater\u00eda recargable de cambio r\u00e1pido IBP-7<br \/>\nZoom digital suave: 1\u00d7~8\u00d7<br \/>\nModo ultra limpio<br \/>\nProtecci\u00f3n ocular con brillo bajo, paleta de colores y tono c\u00e1lido<br \/>\nEstabilizaci\u00f3n electr\u00f3nica de imagen<\/p>\n","protected":false},"excerpt":{"rendered":"<p>C\u00e1mara t\u00e9rmica Nocpix VISTA H35R con 35 mm 12 um 640&#215;512 &lt;15mk NET y LRF, para uso confiable d\u00eda\/noche en condiciones dif\u00edciles.<\/p>\n<p>Si el art\u00edculo no est\u00e1 disponible, cont\u00e1ctenos: shop@nbg.eu o +359896147790<\/p>\n","protected":false},"featured_media":673951,"template":"","meta":{"_acf_changed":false},"product_brand":[14461],"product_cat":[12250,16102],"product_tag":[],"class_list":{"0":"post-673817","1":"product","2":"type-product","3":"status-publish","4":"has-post-thumbnail","6":"product_brand-nocpix","7":"product_cat-termico","8":"product_cat-thermal-cameras-es","10":"first","11":"instock","12":"taxable","13":"shipping-taxable","14":"purchasable","15":"product-type-simple"},"acf":[],"_links":{"self":[{"href":"https:\/\/nbg.eu\/es\/wp-json\/wp\/v2\/product\/673817","targetHints":{"allow":["GET"]}}],"collection":[{"href":"https:\/\/nbg.eu\/es\/wp-json\/wp\/v2\/product"}],"about":[{"href":"https:\/\/nbg.eu\/es\/wp-json\/wp\/v2\/types\/product"}],"wp:featuredmedia":[{"embeddable":true,"href":"https:\/\/nbg.eu\/es\/wp-json\/wp\/v2\/media\/673951"}],"wp:attachment":[{"href":"https:\/\/nbg.eu\/es\/wp-json\/wp\/v2\/media?parent=673817"}],"wp:term":[{"taxonomy":"product_brand","embeddable":true,"href":"https:\/\/nbg.eu\/es\/wp-json\/wp\/v2\/product_brand?post=673817"},{"taxonomy":"product_cat","embeddable":true,"href":"https:\/\/nbg.eu\/es\/wp-json\/wp\/v2\/product_cat?post=673817"},{"taxonomy":"product_tag","embeddable":true,"href":"https:\/\/nbg.eu\/es\/wp-json\/wp\/v2\/product_tag?post=673817"}],"curies":[{"name":"wp","href":"https:\/\/api.w.org\/{rel}","templated":true}]}}