{"id":673990,"date":"2025-11-17T17:25:01","date_gmt":"2025-11-17T14:25:01","guid":{"rendered":"https:\/\/nbg.eu\/product\/vista-termica-nocpix-slim-l35\/"},"modified":"2026-04-14T16:20:42","modified_gmt":"2026-04-14T13:20:42","slug":"vista-termica-nocpix-slim-l35","status":"publish","type":"product","link":"https:\/\/nbg.eu\/es\/producto\/vista-termica-nocpix-slim-l35\/","title":{"rendered":"Nocpix Visor T\u00e9rmico Slim L35"},"content":{"rendered":"<h2>Mira t\u00e9rmica Nocpix Slim L35: Rendimiento de caza sin igual<\/h2>\n<p>Presentando el alcance riflescope de la serie SLIM: un MONOCULAR port\u00e1til de 2 en 1 o un alcance de 3.5x (L35). Elija entre dos n\u00facleos de alto rendimiento, disfrute de una pantalla OLED de 1024&#215;768 y benef\u00edciese de una bater\u00eda reemplazable 18650 para 10 horas de energ\u00eda. Capture cada momento con grabaci\u00f3n de impacto, asegur\u00e1ndose de que no se pierda ning\u00fan cuadro.<\/p>\n<p>Cambie sin problemas de miras manuales a \u00f3pticas sin tener que volver a cero, gracias al dise\u00f1o de 2 en 1 con montura QD. Disfrute de una visualizaci\u00f3n sin fatiga con una pantalla AMOLED de 1024&#215;768, un nuevo dise\u00f1o del ocular y un di\u00e1metro de pupila de salida c\u00f3modo de 10 mm. Con un peso de solo 500 g, este dise\u00f1o ultraligero hace que el uso prolongado sea f\u00e1cil, manteni\u00e9ndolo \u00e1gil en el campo.<\/p>\n<p>Opciones principales de alto rendimiento: 384\u00d7288@12\u03bcm o 640\u00d7512@12\u03bcm, NETD\u226418 mK proporcionan una calidad de imagen sin igual, asegurando que cada detalle se capture con una claridad impresionante, independientemente de las condiciones de caza. Con el poder adicional de la tecnolog\u00eda Reality+, Slim logra una calidad de imagen que supera a otras marcas con sensores de la misma clase.<\/p>\n<p>Nunca pierda un disparo con la funci\u00f3n RAV, que le permite revivir y compartir sus momentos de caza m\u00e1s emocionantes. Siga cazando con una bater\u00eda 18650 extra\u00edble y resistente a bajas temperaturas que ofrece hasta 8 horas de tiempo de espera, incluso en condiciones extremas. Con una magnificaci\u00f3n primaria de 3.5x, el SLIM L35 es su elecci\u00f3n para la caza a larga distancia, haciendo que la caza de coyotes sea m\u00e1s precisa y efectiva.<\/p>\n","protected":false},"excerpt":{"rendered":"<p>La serie SLIM: un MONOCULAR port\u00e1til de 2 en 1 o un telescopio 3.5x (L35) con OLED de 1024\u00d7768, bater\u00eda 18650, grabaci\u00f3n de impactos, sensor t\u00e9rmico y flexibilidad de cambio r\u00e1pido.<\/p>\n<p>Si el art\u00edculo no est\u00e1 disponible, comun\u00edquese con nosotros: shop@nbg.eu o +359896147790<\/p>\n","protected":false},"featured_media":674142,"template":"","meta":{"_acf_changed":false},"product_brand":[14461],"product_cat":[16102],"product_tag":[],"class_list":{"0":"post-673990","1":"product","2":"type-product","3":"status-publish","4":"has-post-thumbnail","6":"product_brand-nocpix","7":"product_cat-thermal-cameras-es","9":"first","10":"instock","11":"taxable","12":"shipping-taxable","13":"purchasable","14":"product-type-simple"},"acf":[],"_links":{"self":[{"href":"https:\/\/nbg.eu\/es\/wp-json\/wp\/v2\/product\/673990","targetHints":{"allow":["GET"]}}],"collection":[{"href":"https:\/\/nbg.eu\/es\/wp-json\/wp\/v2\/product"}],"about":[{"href":"https:\/\/nbg.eu\/es\/wp-json\/wp\/v2\/types\/product"}],"wp:featuredmedia":[{"embeddable":true,"href":"https:\/\/nbg.eu\/es\/wp-json\/wp\/v2\/media\/674142"}],"wp:attachment":[{"href":"https:\/\/nbg.eu\/es\/wp-json\/wp\/v2\/media?parent=673990"}],"wp:term":[{"taxonomy":"product_brand","embeddable":true,"href":"https:\/\/nbg.eu\/es\/wp-json\/wp\/v2\/product_brand?post=673990"},{"taxonomy":"product_cat","embeddable":true,"href":"https:\/\/nbg.eu\/es\/wp-json\/wp\/v2\/product_cat?post=673990"},{"taxonomy":"product_tag","embeddable":true,"href":"https:\/\/nbg.eu\/es\/wp-json\/wp\/v2\/product_tag?post=673990"}],"curies":[{"name":"wp","href":"https:\/\/api.w.org\/{rel}","templated":true}]}}