{"id":674760,"date":"2025-11-17T17:25:02","date_gmt":"2025-11-17T14:25:02","guid":{"rendered":"https:\/\/nbg.eu\/product\/thermal-sight-nocpix-slim-h35\/"},"modified":"2026-04-14T16:20:39","modified_gmt":"2026-04-14T13:20:39","slug":"thermal-sight-nocpix-slim-h35","status":"publish","type":"product","link":"https:\/\/nbg.eu\/es\/producto\/thermal-sight-nocpix-slim-h35\/","title":{"rendered":"Nocpix Visor T\u00e9rmico Slim H35"},"content":{"rendered":"<h2>Mira t\u00e9rmica Nocpix Slim H35 &#8211; Im\u00e1genes t\u00e9rmicas ultraligeras con una calidad de imagen impresionante<\/h2>\n<p>Presentamos la serie SLIM del visor de rifle: un MONOCULAR port\u00e1til de 2 en 1 o un alcance de 3.5x (L35). Elige entre dos n\u00facleos de alto rendimiento, disfruta de una pantalla OLED de 1024&#215;768 y benef\u00edciate de una bater\u00eda reemplazable de 18650 para 10 horas de autonom\u00eda. Captura cada momento con grabaci\u00f3n de impacto, asegur\u00e1ndote de no perder ni un solo fotograma.<\/p>\n<p>Disfruta de una visualizaci\u00f3n sin fatiga con una pantalla AMOLED de 1024&#215;768, un nuevo dise\u00f1o de ocular y un di\u00e1metro de salida de pupila c\u00f3modo de 10 mm.<\/p>\n<p>Con un peso de solo 500 g, este dise\u00f1o ultraligero hace que el uso prolongado sea sencillo, manteni\u00e9ndote \u00e1gil en el campo.<\/p>\n<p>Opciones principales de alto rendimiento: 384&#215;288@12\u03bcm o 640&#215;512@12\u03bcm, NETD\u226418 mK, que proporcionan una calidad de imagen inigualable, asegurando que cada detalle se capture con una claridad impresionante, independientemente de las condiciones de caza. Con el poder adicional de la tecnolog\u00eda Reality+, Slim logra una calidad de imagen que supera a otras marcas con sensores de la misma clase.<\/p>\n<p>Nunca te pierdas un tiro con la funci\u00f3n RAV, que te permite revivir y compartir tus momentos de caza m\u00e1s emocionantes.<\/p>\n<p>Sigue cazando con una bater\u00eda de 18650 desmontable y resistente a bajas temperaturas que ofrece hasta 8 horas de tiempo de espera, incluso en condiciones extremas. Tambi\u00e9n cuenta con un puerto de carga magn\u00e9tico para una recarga sencilla, incluso en completa oscuridad.<\/p>\n","protected":false},"excerpt":{"rendered":"<p>Vista t\u00e9rmica Nocpix Slim H35: monocular\/alcance 2 en 1 de 3.5x con OLED de 1024&#215;768, bater\u00eda 18650, grabaci\u00f3n de impacto.<\/p>\n<p>Si el art\u00edculo no est\u00e1 disponible, p\u00f3ngase en contacto con nosotros: shop@nbg.eu o +359896147790<\/p>\n","protected":false},"featured_media":675334,"template":"","meta":{"_acf_changed":false},"product_brand":[14461],"product_cat":[16102],"product_tag":[],"class_list":{"0":"post-674760","1":"product","2":"type-product","3":"status-publish","4":"has-post-thumbnail","6":"product_brand-nocpix","7":"product_cat-thermal-cameras-es","9":"first","10":"instock","11":"taxable","12":"shipping-taxable","13":"purchasable","14":"product-type-simple"},"acf":[],"_links":{"self":[{"href":"https:\/\/nbg.eu\/es\/wp-json\/wp\/v2\/product\/674760","targetHints":{"allow":["GET"]}}],"collection":[{"href":"https:\/\/nbg.eu\/es\/wp-json\/wp\/v2\/product"}],"about":[{"href":"https:\/\/nbg.eu\/es\/wp-json\/wp\/v2\/types\/product"}],"wp:featuredmedia":[{"embeddable":true,"href":"https:\/\/nbg.eu\/es\/wp-json\/wp\/v2\/media\/675334"}],"wp:attachment":[{"href":"https:\/\/nbg.eu\/es\/wp-json\/wp\/v2\/media?parent=674760"}],"wp:term":[{"taxonomy":"product_brand","embeddable":true,"href":"https:\/\/nbg.eu\/es\/wp-json\/wp\/v2\/product_brand?post=674760"},{"taxonomy":"product_cat","embeddable":true,"href":"https:\/\/nbg.eu\/es\/wp-json\/wp\/v2\/product_cat?post=674760"},{"taxonomy":"product_tag","embeddable":true,"href":"https:\/\/nbg.eu\/es\/wp-json\/wp\/v2\/product_tag?post=674760"}],"curies":[{"name":"wp","href":"https:\/\/api.w.org\/{rel}","templated":true}]}}