{"id":676599,"date":"2025-11-17T17:25:14","date_gmt":"2025-11-17T14:25:14","guid":{"rendered":"https:\/\/nbg.eu\/product\/mira-termica-nocpix-rico-2-s75r\/"},"modified":"2026-04-14T16:20:36","modified_gmt":"2026-04-14T13:20:36","slug":"mira-termica-nocpix-rico-2-s75r","status":"publish","type":"product","link":"https:\/\/nbg.eu\/es\/producto\/mira-termica-nocpix-rico-2-s75r\/","title":{"rendered":"Nocpix Visor T\u00e9rmico Rico 2 S75R"},"content":{"rendered":"<h2>Nocpix Rico 2 S75R: Perfecci\u00f3n en el tiro a larga distancia<\/h2>\n<p>La serie de visores t\u00e9rmicos Nocpix RICO 2 S75R est\u00e1 dise\u00f1ada para cazadores que exigen lo mejor en claridad, alcance y comodidad. Dise\u00f1ado con un sensor t\u00e9rmico l\u00edder en la industria y una alta tasa de fotogramas, ofrece una calidad de imagen ultra superior que facilita la identificaci\u00f3n y el seguimiento de objetivos. Su larga distancia focal y el LRF incorporado le permiten medir con precisi\u00f3n los objetivos distantes, mientras que el dise\u00f1o \u00f3ptico avanzado ofrece una experiencia de visualizaci\u00f3n inmersiva sin distorsi\u00f3n. Con su palanca de zoom sin escala y un excepcional alivio ocular, la serie Nocpix RICO 2 S75R permite a los cazadores ajustar el aumento sin esfuerzo y sentirse c\u00f3modos durante largas cacer\u00edas. Con sus innovadoras tecnolog\u00edas y su dise\u00f1o centrado en el usuario, la serie Nocpix RICO 2 S75R realmente le permite cazar m\u00e1s all\u00e1 de los l\u00edmites de lo posible.<\/p>\n<h2>Rendimiento de vanguardia<\/h2>\n<p>Benef\u00edciate del sensor de segunda generaci\u00f3n premium de 12\u03bcm@60Hz, con NETD \u226415mK, para obtener im\u00e1genes n\u00edtidas y de alto contraste, y una mejor identificaci\u00f3n de objetivos. El Nocpix RICO 2 S75R est\u00e1 equipado con objetivos m\u00e1s grandes (75 mm\/F1.0, 50 mm\/F1.0, 42 mm\/F1.0), lo que ofrece una mejor captaci\u00f3n de luz para una claridad de imagen excepcional y un mayor alcance de detecci\u00f3n. La serie RICO 2 le permite ajustar su aumento sin esfuerzo con una palanca de zoom tipo LPVO, lo que proporciona ajustes r\u00e1pidos y sin problemas para participar con precisi\u00f3n en objetivos a cualquier distancia. La serie RICO 2 tiene un impresionante alcance de detecci\u00f3n de hasta 3896 m, lo que le da una ventaja significativa en la caza a larga distancia y en la precisi\u00f3n de los disparos.<\/p>\n<h2>Objetivos flexibles y precisos<\/h2>\n<p>El Nocpix RICO 2 S75R est\u00e1 equipado con un LRF integrado, que ofrece detecci\u00f3n l\u00e1ser a distancias de hasta 1200 m con alineaci\u00f3n \u00f3ptica verdadera, asegurando mediciones de distancia precisas mientras mantiene un dise\u00f1o elegante y estilizado. Simplifique la colocaci\u00f3n de sus disparos con c\u00e1lculos bal\u00edsticos autom\u00e1ticos, utilizando el LRF integrado para acertar con precisi\u00f3n a largas distancias de manera sencilla.<\/p>\n<h2>Visualizaci\u00f3n extremadamente clara y c\u00f3moda<\/h2>\n<p>La pantalla OLED de 1.03&#8243; 2560\u00d72560 (S75R), el ocular sin distorsi\u00f3n, el alivio ocular de 70 mm y la pupila de salida de 23 mm proporcionan una visualizaci\u00f3n n\u00edtida y c\u00f3moda para sesiones prolongadas. El modelo S75R est\u00e1 equipado con una distancia sin precedentes de 70 mm, lo que proporciona la m\u00e1xima comodidad para un uso prolongado sin fatiga ocular y garantiza la seguridad de los ojos.<\/p>\n","protected":false},"excerpt":{"rendered":"<p>Sensor de segunda generaci\u00f3n de 1280&#215;1024, LRF integrado flexible y preciso, visi\u00f3n extremadamente clara y c\u00f3moda, seguridad y alivio ocular c\u00f3modo. Nocpix Rico 2 S75R &#8211; Experto en tiro a larga distancia.<\/p>\n<p>Si el art\u00edculo no est\u00e1 disponible, p\u00f3ngase en contacto con nosotros: shop@nbg.eu o +359896147790<\/p>\n","protected":false},"featured_media":676634,"template":"","meta":{"_acf_changed":false},"product_brand":[14461],"product_cat":[16102],"product_tag":[],"class_list":{"0":"post-676599","1":"product","2":"type-product","3":"status-publish","4":"has-post-thumbnail","6":"product_brand-nocpix","7":"product_cat-thermal-cameras-es","9":"first","10":"instock","11":"taxable","12":"shipping-taxable","13":"purchasable","14":"product-type-simple"},"acf":[],"_links":{"self":[{"href":"https:\/\/nbg.eu\/es\/wp-json\/wp\/v2\/product\/676599","targetHints":{"allow":["GET"]}}],"collection":[{"href":"https:\/\/nbg.eu\/es\/wp-json\/wp\/v2\/product"}],"about":[{"href":"https:\/\/nbg.eu\/es\/wp-json\/wp\/v2\/types\/product"}],"wp:featuredmedia":[{"embeddable":true,"href":"https:\/\/nbg.eu\/es\/wp-json\/wp\/v2\/media\/676634"}],"wp:attachment":[{"href":"https:\/\/nbg.eu\/es\/wp-json\/wp\/v2\/media?parent=676599"}],"wp:term":[{"taxonomy":"product_brand","embeddable":true,"href":"https:\/\/nbg.eu\/es\/wp-json\/wp\/v2\/product_brand?post=676599"},{"taxonomy":"product_cat","embeddable":true,"href":"https:\/\/nbg.eu\/es\/wp-json\/wp\/v2\/product_cat?post=676599"},{"taxonomy":"product_tag","embeddable":true,"href":"https:\/\/nbg.eu\/es\/wp-json\/wp\/v2\/product_tag?post=676599"}],"curies":[{"name":"wp","href":"https:\/\/api.w.org\/{rel}","templated":true}]}}