{"id":676869,"date":"2025-11-17T17:25:15","date_gmt":"2025-11-17T14:25:15","guid":{"rendered":"https:\/\/nbg.eu\/product\/vista-termica-nocpix-rico-2-h75r\/"},"modified":"2026-04-14T16:20:32","modified_gmt":"2026-04-14T13:20:32","slug":"vista-termica-nocpix-rico-2-h75r","status":"publish","type":"product","link":"https:\/\/nbg.eu\/es\/producto\/vista-termica-nocpix-rico-2-h75r\/","title":{"rendered":"Nocpix Visor T\u00e9rmico Rico 2 H75R"},"content":{"rendered":"<h2>Nocpix Rico 2 H75R: Perfecci\u00f3n en tiro a larga distancia<\/h2>\n<p>La serie de visores t\u00e9rmicos Nocpix RICO 2 H75R est\u00e1 dise\u00f1ada para cazadores que exigen lo mejor en claridad, alcance y comodidad. Con un sensor t\u00e9rmico l\u00edder en la industria y una alta tasa de cuadros, ofrece una calidad de imagen ultra superior que facilita la identificaci\u00f3n y el seguimiento de objetivos. Su larga distancia focal y su tel\u00e9metro l\u00e1ser incorporado le permiten medir con precisi\u00f3n objetivos distantes, mientras que el dise\u00f1o \u00f3ptico avanzado proporciona una experiencia de visualizaci\u00f3n envolvente sin distorsi\u00f3n. Con una palanca de zoom sin escalones y un excelente alivio ocular, la serie Nocpix RICO 2 H75R permite a los cazadores ajustar f\u00e1cilmente la magnificaci\u00f3n y sentirse c\u00f3modos durante prolongadas cacer\u00edas. Las tecnolog\u00edas innovadoras y el dise\u00f1o centrado en el usuario convierten a la serie Nocpix RICO 2 H75R en la cima del rendimiento de caza a larga distancia.<\/p>\n<h2>Tecnolog\u00eda t\u00e9rmica de vanguardia<\/h2>\n<p>Aprovecha el sensor premium de segunda generaci\u00f3n 640@12\u03bcm@60Hz, ambos con NETD \u226415mK, para obtener im\u00e1genes n\u00edtidas y de alto contraste, y una mejor identificaci\u00f3n de objetivos.<\/p>\n<h2>Mejor claridad con lentes m\u00e1s grandes<\/h2>\n<p>El Nocpix RICO 2 H75R est\u00e1 equipado con lentes objetivo m\u00e1s grandes (75 mm\/F1.0, 50 mm\/F1.0, 42 mm\/F1.0), que ofrecen una mejor captaci\u00f3n de luz para una claridad de imagen excepcional y un alcance de detecci\u00f3n extendido.<\/p>\n<h2>Ajustes de magnificaci\u00f3n sin esfuerzo<\/h2>\n<p>La serie RICO 2 te permite ajustar f\u00e1cilmente la magnificaci\u00f3n con una palanca de zoom sin escalones, tipo LPVO, lo que permite realizar ajustes r\u00e1pidos y sin problemas para participar con precisi\u00f3n en objetivos a cualquier distancia.<\/p>\n<h2>Dise\u00f1ado para la caza a larga distancia<\/h2>\n<p>La serie RICO 2 ofrece un impresionante alcance de detecci\u00f3n de hasta 3896 m, lo que te brinda una ventaja significativa en la caza a larga distancia y un disparo preciso.<\/p>\n<h2>Tel\u00e9metro l\u00e1ser flexible y preciso<\/h2>\n<p>El Nocpix RICO 2 H75R est\u00e1 equipado con un tel\u00e9metro l\u00e1ser integrado, que ofrece detecci\u00f3n l\u00e1ser a una distancia de hasta 1200 m con alineaci\u00f3n \u00f3ptica real, lo que garantiza mediciones de distancia precisas mientras mantiene un dise\u00f1o elegante y compacto.<\/p>\n<h2>C\u00e1lculos bal\u00edsticos simplificados<\/h2>\n<p>Simplifica la colocaci\u00f3n del disparo con c\u00e1lculos bal\u00edsticos autom\u00e1ticos, utilizando el tel\u00e9metro l\u00e1ser integrado para aterrizar con precisi\u00f3n a largas distancias.<\/p>\n<h2>Visualizaci\u00f3n extremadamente clara y c\u00f3moda<\/h2>\n<p>Pantalla OLED de 1.03&#8243; 2560\u00d72560 (modelo S75R), ocular sin distorsi\u00f3n, 70 mm de alivio ocular y 23 mm de pupila de salida para una visi\u00f3n n\u00edtida y c\u00f3moda durante sesiones prolongadas.<\/p>\n<h2>Seguridad y comodidad<\/h2>\n<p>El modelo H75R cuenta con una distancia sin precedentes de 70 mm, lo que brinda la m\u00e1xima comodidad para un uso prolongado sin fatiga ocular y garantiza la seguridad de los ojos.<\/p>\n","protected":false},"excerpt":{"rendered":"<p>Nocpix Rico 2 H75R &#8211; Experto en tiro a larga distancia con sensor de 640&#215;512, 60Hz, LRF integrado y zoom continuo.<\/p>\n<p>Si el art\u00edculo no est\u00e1 disponible, cont\u00e1ctenos: shop@nbg.eu o +359896147790<\/p>\n","protected":false},"featured_media":676969,"template":"","meta":{"_acf_changed":false},"product_brand":[14461],"product_cat":[16102],"product_tag":[],"class_list":{"0":"post-676869","1":"product","2":"type-product","3":"status-publish","4":"has-post-thumbnail","6":"product_brand-nocpix","7":"product_cat-thermal-cameras-es","9":"first","10":"instock","11":"taxable","12":"shipping-taxable","13":"purchasable","14":"product-type-simple"},"acf":[],"_links":{"self":[{"href":"https:\/\/nbg.eu\/es\/wp-json\/wp\/v2\/product\/676869","targetHints":{"allow":["GET"]}}],"collection":[{"href":"https:\/\/nbg.eu\/es\/wp-json\/wp\/v2\/product"}],"about":[{"href":"https:\/\/nbg.eu\/es\/wp-json\/wp\/v2\/types\/product"}],"wp:featuredmedia":[{"embeddable":true,"href":"https:\/\/nbg.eu\/es\/wp-json\/wp\/v2\/media\/676969"}],"wp:attachment":[{"href":"https:\/\/nbg.eu\/es\/wp-json\/wp\/v2\/media?parent=676869"}],"wp:term":[{"taxonomy":"product_brand","embeddable":true,"href":"https:\/\/nbg.eu\/es\/wp-json\/wp\/v2\/product_brand?post=676869"},{"taxonomy":"product_cat","embeddable":true,"href":"https:\/\/nbg.eu\/es\/wp-json\/wp\/v2\/product_cat?post=676869"},{"taxonomy":"product_tag","embeddable":true,"href":"https:\/\/nbg.eu\/es\/wp-json\/wp\/v2\/product_tag?post=676869"}],"curies":[{"name":"wp","href":"https:\/\/api.w.org\/{rel}","templated":true}]}}