{"id":676977,"date":"2025-11-17T17:25:28","date_gmt":"2025-11-17T14:25:28","guid":{"rendered":"https:\/\/nbg.eu\/product\/mira-termica-nocpix-ace-s60r-rail-zeiss\/"},"modified":"2026-04-14T17:20:54","modified_gmt":"2026-04-14T14:20:54","slug":"mira-termica-nocpix-ace-s60r-rail-zeiss","status":"publish","type":"product","link":"https:\/\/nbg.eu\/es\/producto\/mira-termica-nocpix-ace-s60r-rail-zeiss\/","title":{"rendered":"Nocpix Visor T\u00e9rmico ACE S60R ZEISS RAIL"},"content":{"rendered":"<h2>Alcance t\u00e9rmico NocPix ACE S60R<\/h2>\n<p>El alcance t\u00e9rmico NocPix ACE S60R es una herramienta de vanguardia dise\u00f1ada para cazadores de \u00e9lite que exigen un rendimiento m\u00e1ximo en los entornos m\u00e1s desafiantes. Con su tecnolog\u00eda de \u00faltima generaci\u00f3n y su construcci\u00f3n robusta, este alcance t\u00e9rmico l\u00edder est\u00e1 dise\u00f1ado para ayudarte a dominar la noche y domar a la fauna silvestre. Ya sea que est\u00e9s explorando presas a largas distancias o rastreando objetivos que se mueven r\u00e1pidamente, el ACE S60R ofrece una claridad, precisi\u00f3n y fiabilidad inigualables.<\/p>\n<p>En el coraz\u00f3n de este extraordinario alcance se encuentra un sensor t\u00e9rmico HD de segunda generaci\u00f3n con una impresionante resoluci\u00f3n de 1280&#215;1024 y una sensibilidad ultrasensible de \u226415mK. Este sensor de pr\u00f3xima generaci\u00f3n permite que el ACE S60R detecte incluso los m\u00e1s leves cambios de temperatura, proporcionando im\u00e1genes t\u00e9rmicas claras y detalladas en tiempo real. Con una frecuencia de imagen de 50 Hz, el alcance ofrece una visualizaci\u00f3n suave que se mantiene a la velocidad de tu objetivo, lo que te permite bloquearlo con una precisi\u00f3n inigualable.<\/p>\n<p>El NocPix ACE S60R tambi\u00e9n cuenta con un objetivo de 60mm\/F1.0 que recoge un 20% m\u00e1s de luz que los alcances est\u00e1ndar, lo que te proporciona im\u00e1genes m\u00e1s brillantes y n\u00edtidas incluso en las condiciones m\u00e1s oscuras. Su excepcional detecci\u00f3n a larga distancia de hasta 3100 metros te permite identificar y seguir f\u00e1cilmente objetivos distantes, lo que supone una ventaja decisiva para los escenarios de caza y tiro a largas distancias. Combinado con el algoritmo de procesamiento de im\u00e1genes propietario de NocPix, Reality+, el ACE S60R reduce dr\u00e1sticamente el ruido ambiente, ofreciendo im\u00e1genes n\u00edtidas y de alto contraste en todo momento.<\/p>\n<p>Para aquellos que quieren a\u00fan m\u00e1s claridad visual, el ACE S60R est\u00e1 equipado con el innovador sistema Vision+. La pantalla AMOLED redonda de 1.03 pulgadas con una resoluci\u00f3n de 2560&#215;2560, combinada con una magnificaci\u00f3n ocular l\u00edder en la industria, ofrece una magnificaci\u00f3n \u00f3ptica sin igual sin los borrosos o distorsiones t\u00edpicamente asociados con el zoom electr\u00f3nico. Esta tecnolog\u00eda revolucionaria garantiza que disfrutes de una vista cristalina y un amplio campo de visi\u00f3n, ya sea que te acerques a tu objetivo o examines tu entorno.<\/p>\n<p>La precisi\u00f3n es clave cuando se trata de la caza, y el ACE S60R no decepciona. Su Tel\u00e9metro L\u00e1ser (LRF) integrado ofrece mediciones precisas de hasta 1200 metros de distancia. El LRF est\u00e1 perfectamente integrado en el dise\u00f1o elegante, manteniendo la alineaci\u00f3n del eje \u00f3ptico real mientras te permite calcular rangos precisos sin perturbar el enfoque. Y con la funcionalidad de c\u00e1lculo bal\u00edstico integrada, el ACE S60R garantiza que tus disparos sean precisos, teniendo en cuenta todos los factores para una precisi\u00f3n impecable.<\/p>\n<p>Dise\u00f1ado pensando en los cazadores, el NocPix ACE S60R tambi\u00e9n cuenta con un sistema de doble bater\u00eda con una bater\u00eda interna de 4000mAh y una bater\u00eda extra\u00edble de 18650 para un uso prolongado en el campo. No tendr\u00e1s que preocuparte por quedarte sin energ\u00eda en medio de tu cacer\u00eda: este sistema est\u00e1 dise\u00f1ado para durar tanto como tu aventura. Adem\u00e1s, funciones como el apagado autom\u00e1tico de la pantalla, la grabaci\u00f3n de video activada por retroceso y un dise\u00f1o sin tapa lo convierten en un verdadero revolucionario en el campo.<\/p>\n<p>Fabricado para las condiciones m\u00e1s extremas del exterior, el ACE S60R est\u00e1 hecho de una aleaci\u00f3n de aluminio de alta resistencia, sometido a rigurosas pruebas para soportar choques extremos y un uso intensivo. Con una clasificaci\u00f3n IP67 de resistencia al agua, funciona a la perfecci\u00f3n bajo la lluvia, el polvo y en entornos desafiantes, lo que garantiza que tu alcance es tan duradero como tus instintos de caza.<\/p>\n<p>El NocPix ACE S60R es m\u00e1s que un simple visor t\u00e9rmico: es el compa\u00f1ero de caza definitivo. Con tecnolog\u00eda de vanguardia, una excepcional durabilidad y una multitud de funciones avanzadas dise\u00f1adas para mejorar tu experiencia de caza, este visor redefinir\u00e1 lo que esperas de tu equipo. Prep\u00e1rate para dominar la noche.<\/p>\n","protected":false},"excerpt":{"rendered":"<p>El alcance t\u00e9rmico Nocpix ACE S60R es una herramienta de vanguardia dise\u00f1ada para cazadores de \u00e9lite, con tecnolog\u00eda avanzada, construcci\u00f3n robusta y caracter\u00edsticas como un sensor t\u00e9rmico HD de Gen-2, sistema Vision+, tel\u00e9metro l\u00e1ser integrado y sistema de doble bater\u00eda para un rendimiento m\u00e1ximo en entornos desafiantes.<\/p>\n<p>Si el art\u00edculo no est\u00e1 disponible, comun\u00edquese con nosotros: shop@nbg.eu o +359896147790<\/p>\n","protected":false},"featured_media":677327,"template":"","meta":{"_acf_changed":false},"product_brand":[14461],"product_cat":[12250],"product_tag":[],"class_list":{"0":"post-676977","1":"product","2":"type-product","3":"status-publish","4":"has-post-thumbnail","6":"product_brand-nocpix","7":"product_cat-termico","9":"first","10":"instock","11":"taxable","12":"shipping-taxable","13":"purchasable","14":"product-type-simple"},"acf":[],"_links":{"self":[{"href":"https:\/\/nbg.eu\/es\/wp-json\/wp\/v2\/product\/676977","targetHints":{"allow":["GET"]}}],"collection":[{"href":"https:\/\/nbg.eu\/es\/wp-json\/wp\/v2\/product"}],"about":[{"href":"https:\/\/nbg.eu\/es\/wp-json\/wp\/v2\/types\/product"}],"wp:featuredmedia":[{"embeddable":true,"href":"https:\/\/nbg.eu\/es\/wp-json\/wp\/v2\/media\/677327"}],"wp:attachment":[{"href":"https:\/\/nbg.eu\/es\/wp-json\/wp\/v2\/media?parent=676977"}],"wp:term":[{"taxonomy":"product_brand","embeddable":true,"href":"https:\/\/nbg.eu\/es\/wp-json\/wp\/v2\/product_brand?post=676977"},{"taxonomy":"product_cat","embeddable":true,"href":"https:\/\/nbg.eu\/es\/wp-json\/wp\/v2\/product_cat?post=676977"},{"taxonomy":"product_tag","embeddable":true,"href":"https:\/\/nbg.eu\/es\/wp-json\/wp\/v2\/product_tag?post=676977"}],"curies":[{"name":"wp","href":"https:\/\/api.w.org\/{rel}","templated":true}]}}