{"id":677679,"date":"2025-11-17T17:25:33","date_gmt":"2025-11-17T14:25:33","guid":{"rendered":"https:\/\/nbg.eu\/product\/vision-termica-nocpix-ace-h50r-12um-640x512-15mk-netd\/"},"modified":"2026-04-14T16:20:26","modified_gmt":"2026-04-14T13:20:26","slug":"vision-termica-nocpix-ace-h50r-12um-640x512-15mk-netd","status":"publish","type":"product","link":"https:\/\/nbg.eu\/es\/producto\/vision-termica-nocpix-ace-h50r-12um-640x512-15mk-netd\/","title":{"rendered":"Nocpix Visor T\u00e9rmico ACE H50R"},"content":{"rendered":"<h2>Mira t\u00e9rmica de rifle NocPix ACE H50R<\/h2>\n<p>La mira t\u00e9rmica de rifle NocPix ACE H50R combina tecnolog\u00eda avanzada con durabilidad resistente para una experiencia de caza sin igual. Cuenta con un sensor t\u00e9rmico de resoluci\u00f3n 640&#215;512 con NETD \u226412mK para una claridad de imagen excepcional, un rango de detecci\u00f3n de 3100 metros y un tel\u00e9metro l\u00e1ser integrado para mediciones precisas de hasta 1200 metros. El innovador sistema Vision+ ofrece aumento ocular para acercamientos n\u00edtidos, mientras que un sistema de doble bater\u00eda garantiza un uso duradero. Fabricada en aleaci\u00f3n de aluminio de alta resistencia y con clasificaci\u00f3n IP67, esta mira est\u00e1 dise\u00f1ada para sobresalir en cualquier entorno exterior y adaptarse a cualquier situaci\u00f3n.<\/p>\n<p>La mira t\u00e9rmica de rifle Nocpix ACE H50 es una herramienta de vanguardia dise\u00f1ada para redefinir la experiencia de caza, ya sea que te desplaces en la oscuridad de la noche o acoses a tu presa a trav\u00e9s de un terreno desafiante. Como parte de la serie insignia ACE de Nocpix, este visor \u00f3ptico t\u00e9rmico se destaca por su calidad de imagen y precisi\u00f3n superiores, gracias a su sensor t\u00e9rmico de alta resoluci\u00f3n desarrollado internamente y a los avanzados sistemas Reality+ y Vision+.<\/p>\n<p>En el coraz\u00f3n del Nocpix ACE H50R se encuentra su sensor t\u00e9rmico HD de segunda generaci\u00f3n, que cuenta con una resoluci\u00f3n de 640&#215;512 y una velocidad de fotogramas de 60 Hz, ofreciendo un rendimiento incre\u00edblemente estable. Con un NETD de \u226412mK, este alcance detecta incluso las m\u00e1s peque\u00f1as diferencias de temperatura, proporcionando im\u00e1genes t\u00e9rmicas detalladas y fluidas, ideales para rastrear objetivos en movimiento r\u00e1pido en tiempo real. El algoritmo de imagen avanzado Reality+ mejora a\u00fan m\u00e1s esto al eliminar el ruido de temperatura ambiente, proporcionando un contraste y claridad superiores incluso en condiciones de caza desafiantes.<\/p>\n<p>El ACE H50R est\u00e1 equipado con un objetivo de 50 mm\/F0.9 que permite que el 20% m\u00e1s de luz llegue al sensor, creando im\u00e1genes m\u00e1s brillantes y n\u00edtidas. Esto es crucial para los cazadores que buscan precisi\u00f3n, ya que la mejor transmisi\u00f3n de luz proporciona una mejor visibilidad en entornos de poca luz. Adem\u00e1s, el rango de detecci\u00f3n de 3100 metros diferencia al ACE, facilitando la identificaci\u00f3n y el seguimiento de objetivos distantes de manera m\u00e1s eficaz que nunca.<\/p>\n<p>El sistema Vision+ integrado mejora la experiencia visual con una pantalla AMOLED circular de 1.03 pulgadas y una resoluci\u00f3n de 2560&#215;2560. Su sistema de zoom \u00f3ptico, dise\u00f1ado para evitar la borrosidad y la distorsi\u00f3n t\u00edpicamente asociadas con los zooms electr\u00f3nicos tradicionales, garantiza que los cazadores disfruten de vistas de gran acercamiento claras y de alta resoluci\u00f3n sin perder detalles. Esto proporciona una experiencia de visualizaci\u00f3n envolvente y c\u00f3moda, ya sea que est\u00e9s divisando a tu presa a distancia o acerc\u00e1ndote para un objetivo de precisi\u00f3n.<\/p>\n<p>Dise\u00f1ado para un uso prolongado en el campo, el ACE cuenta con un sistema de doble bater\u00eda con una bater\u00eda integrada de 4000 mAh y una bater\u00eda extra\u00edble adicional de 18650, permitiendo un funcionamiento ininterrumpido durante largas sesiones de caza. El dise\u00f1o resistente, fabricado en aleaci\u00f3n de aluminio de alta resistencia, asegura que el ACE pueda soportar entornos exteriores y un uso intenso, habiendo superado rigurosas pruebas de resistencia a los impactos. Con una clasificaci\u00f3n IP67 a prueba de agua, el alcance sigue siendo confiable en condiciones clim\u00e1ticas adversas, ofreciendo a los cazadores tranquilidad independientemente del entorno.<\/p>\n<p>Dise\u00f1ado con los cazadores en mente, el Nocpix ACE H50R incluye caracter\u00edsticas esenciales como grabaci\u00f3n de video activada por retroceso y un dise\u00f1o sin obturador para un funcionamiento sin problemas en el campo. Con adiciones f\u00e1ciles de usar como un ajuste de enfoque, una cubierta de carga y la posibilidad de reproducir videos directamente a trav\u00e9s de la funci\u00f3n Galer\u00eda, esta mira combina alto rendimiento con conveniencia para una experiencia de caza \u00f3ptima.<\/p>\n","protected":false},"excerpt":{"rendered":"<p>El visor t\u00e9rmico Nocpix ACE H50R cuenta con un sensor t\u00e9rmico de 640&#215;512 con una NETD de \u226412mK, detecci\u00f3n de 3100m, un LRF integrado y un sistema Vision+ para una experiencia de caza sin igual.<br \/>\nSi el art\u00edculo no est\u00e1 disponible, comun\u00edquese con nosotros: shop@nbg.eu o +359896147790<\/p>\n","protected":false},"featured_media":677750,"template":"","meta":{"_acf_changed":false},"product_brand":[14461],"product_cat":[12250],"product_tag":[],"class_list":{"0":"post-677679","1":"product","2":"type-product","3":"status-publish","4":"has-post-thumbnail","6":"product_brand-nocpix","7":"product_cat-termico","9":"first","10":"outofstock","11":"taxable","12":"shipping-taxable","13":"purchasable","14":"product-type-simple"},"acf":[],"_links":{"self":[{"href":"https:\/\/nbg.eu\/es\/wp-json\/wp\/v2\/product\/677679","targetHints":{"allow":["GET"]}}],"collection":[{"href":"https:\/\/nbg.eu\/es\/wp-json\/wp\/v2\/product"}],"about":[{"href":"https:\/\/nbg.eu\/es\/wp-json\/wp\/v2\/types\/product"}],"wp:featuredmedia":[{"embeddable":true,"href":"https:\/\/nbg.eu\/es\/wp-json\/wp\/v2\/media\/677750"}],"wp:attachment":[{"href":"https:\/\/nbg.eu\/es\/wp-json\/wp\/v2\/media?parent=677679"}],"wp:term":[{"taxonomy":"product_brand","embeddable":true,"href":"https:\/\/nbg.eu\/es\/wp-json\/wp\/v2\/product_brand?post=677679"},{"taxonomy":"product_cat","embeddable":true,"href":"https:\/\/nbg.eu\/es\/wp-json\/wp\/v2\/product_cat?post=677679"},{"taxonomy":"product_tag","embeddable":true,"href":"https:\/\/nbg.eu\/es\/wp-json\/wp\/v2\/product_tag?post=677679"}],"curies":[{"name":"wp","href":"https:\/\/api.w.org\/{rel}","templated":true}]}}