{"id":678106,"date":"2025-11-17T17:25:36","date_gmt":"2025-11-17T14:25:36","guid":{"rendered":"https:\/\/nbg.eu\/product\/monocular-termico-nocpix-lumi-l35\/"},"modified":"2026-01-21T11:39:11","modified_gmt":"2026-01-21T08:39:11","slug":"monocular-termico-nocpix-lumi-l35","status":"publish","type":"product","link":"https:\/\/nbg.eu\/es\/producto\/monocular-termico-nocpix-lumi-l35\/","title":{"rendered":"Monocular t\u00e9rmico Nocpix LUMI L35"},"content":{"rendered":"<h2>M\u00e1ximo rendimiento con el m\u00ednimo peso: Nocpix LUMI L35: Tu compa\u00f1ero indispensable en tu campo<\/h2>\n<p>La serie de monocular t\u00e9rmico LUMI est\u00e1 dise\u00f1ada para uso diurno y nocturno y te ofrece una calidad de imagen excepcional incluso en condiciones clim\u00e1ticas dif\u00edciles como niebla, smog o lluvia. Incluso si los obst\u00e1culos como ramas, hierba alta o follaje denso dificultan la visi\u00f3n, gracias a esta tecnolog\u00eda siempre podr\u00e1s ver claramente lo que tienes delante. Adem\u00e1s, son tan compactos y ligeros que puedes llevarlos a cualquier parte.<\/p>\n<p>Las c\u00e1maras t\u00e9rmicas LUMI son perfectas para una variedad de aplicaciones como caza, vigilancia, seguridad, orientaci\u00f3n del terreno u operaciones de b\u00fasqueda y rescate.<\/p>\n<h2>Rendimiento de imagen inigualable para im\u00e1genes n\u00edtidas como una navaja<\/h2>\n<p>La serie LUMI establece nuevos est\u00e1ndares en cuanto a calidad de imagen. Equipada con los algoritmos de imagen m\u00e1s avanzados y un poderoso sensor t\u00e9rmico con NETD &lt; 18 mK, la c\u00e1mara ofrece im\u00e1genes n\u00edtidas y realistas. La pantalla AMOLED con una resoluci\u00f3n de 1024 x 768 p\u00edxeles garantiza una excepcional visualizaci\u00f3n de la imagen, mientras que el modo Ultra Clear optimiza a\u00fan m\u00e1s la claridad de la imagen, especialmente en condiciones clim\u00e1ticas dif\u00edciles.<\/p>\n<h2>Experiencia de visualizaci\u00f3n personalizada: personaliza tu dispositivo a la perfecci\u00f3n<\/h2>\n<p>Gracias al sensor de tama\u00f1o medio de 384 x 288 px y a una variedad de opciones de configuraci\u00f3n, puedes adaptar el dispositivo exactamente a tus necesidades. Elige entre 5 modos de color y optimiza tu vista con 10 niveles de brillo, nitidez y contraste, para que no se te escape ning\u00fan detalle.<\/p>\n<h2>F\u00e1cil experiencia de compartir<\/h2>\n<p>Capturar momentos especiales es esencial para el cazador moderno. Con el Nocpix LUMI L35, no solo puedes compartir tus grabaciones de manera c\u00f3moda a trav\u00e9s de la aplicaci\u00f3n, sino tambi\u00e9n reproducirlas directamente en el dispositivo, perfecto para compartir tus experiencias al instante con los dem\u00e1s.<\/p>\n<h2>Se puede utilizar de forma flexible gracias al sistema de bater\u00eda extra\u00edble<\/h2>\n<p>La serie LUMI est\u00e1 equipada con bater\u00edas est\u00e1ndar 18650, lo que te da la m\u00e1xima flexibilidad. No importa a d\u00f3nde vayas, con el cargador de bater\u00eda incluido estar\u00e1s listo de nuevo en un abrir y cerrar de ojos, y podr\u00e1s continuar con tu misi\u00f3n.<\/p>\n","protected":false},"excerpt":{"rendered":"<p>M\u00e1ximo rendimiento con el m\u00ednimo peso: Nocpix LUMI L35: tu compa\u00f1ero indispensable en el campo. Sensor de 384 con 18 mK, pantalla AMOLED con 1024 \u00d7 768 p\u00edxeles, bater\u00eda extra\u00edble 18650, rango de detecci\u00f3n de aproximadamente 1800 metros, gran magnificaci\u00f3n b\u00e1sica para la caza de campo, dise\u00f1o compacto.<\/p>\n<p>Si el art\u00edculo no est\u00e1 disponible, cont\u00e1ctenos: shop@nbg.eu o +359896147790<\/p>\n","protected":false},"featured_media":678278,"template":"","meta":{"_acf_changed":false},"product_brand":[14461],"product_cat":[12250,369],"product_tag":[],"class_list":{"0":"post-678106","1":"product","2":"type-product","3":"status-publish","4":"has-post-thumbnail","6":"product_brand-nocpix","7":"product_cat-termico","8":"product_cat-uncategorized","10":"first","11":"instock","12":"taxable","13":"shipping-taxable","14":"purchasable","15":"product-type-simple"},"acf":[],"_links":{"self":[{"href":"https:\/\/nbg.eu\/es\/wp-json\/wp\/v2\/product\/678106","targetHints":{"allow":["GET"]}}],"collection":[{"href":"https:\/\/nbg.eu\/es\/wp-json\/wp\/v2\/product"}],"about":[{"href":"https:\/\/nbg.eu\/es\/wp-json\/wp\/v2\/types\/product"}],"wp:featuredmedia":[{"embeddable":true,"href":"https:\/\/nbg.eu\/es\/wp-json\/wp\/v2\/media\/678278"}],"wp:attachment":[{"href":"https:\/\/nbg.eu\/es\/wp-json\/wp\/v2\/media?parent=678106"}],"wp:term":[{"taxonomy":"product_brand","embeddable":true,"href":"https:\/\/nbg.eu\/es\/wp-json\/wp\/v2\/product_brand?post=678106"},{"taxonomy":"product_cat","embeddable":true,"href":"https:\/\/nbg.eu\/es\/wp-json\/wp\/v2\/product_cat?post=678106"},{"taxonomy":"product_tag","embeddable":true,"href":"https:\/\/nbg.eu\/es\/wp-json\/wp\/v2\/product_tag?post=678106"}],"curies":[{"name":"wp","href":"https:\/\/api.w.org\/{rel}","templated":true}]}}