{"id":678368,"date":"2025-11-18T18:19:28","date_gmt":"2025-11-18T15:19:28","guid":{"rendered":"https:\/\/nbg.eu\/product\/nocpix-quest-l35r-384x288-netd-15mk\/"},"modified":"2026-04-14T16:20:20","modified_gmt":"2026-04-14T13:20:20","slug":"nocpix-quest-l35r-384x288-netd-15mk","status":"publish","type":"product","link":"https:\/\/nbg.eu\/es\/producto\/nocpix-quest-l35r-384x288-netd-15mk\/","title":{"rendered":"Nocpix Prism\u00e1ticos T\u00e9rmicos Quest L35R"},"content":{"rendered":"<h2>Nocpix Quest L35R 384&#215;288 NETD \u226415mK: Desata tu visi\u00f3n t\u00e9rmica<\/h2>\n<p>QUEST es ligero y port\u00e1til, ofreciendo un rango de detecci\u00f3n de hasta 2600m y un tel\u00e9metro l\u00e1ser oculto integrado con un alcance de 1000m para una precisi\u00f3n y visibilidad superiores. Su dise\u00f1o tradicional de binoculares cuenta con una cubierta de goma completa y clasificaci\u00f3n IP67 para durabilidad y comodidad en condiciones adversas. Equipado con un sensor de alto rendimiento de 640&#215;512 (NETD \u226415mK, 60Hz), QUEST proporciona una claridad de imagen excepcional, una sensibilidad t\u00e9rmica superior y un funcionamiento sin problemas en entornos exigentes.<\/p>\n<h2>Calidad y claridad de imagen excepcionales<\/h2>\n<p>Nocpix QUEST cuenta con mejora de imagen R+ para una claridad y precisi\u00f3n superior, combinada con una pantalla AMOLED de 1920&#215;1200 para una experiencia de visualizaci\u00f3n envolvente y agradable para los ojos.<\/p>\n<h2>Sensor superior para la excelencia<\/h2>\n<p>Nocpix QUEST est\u00e1 equipado con un sensor de alto rendimiento (640&#215;512@12\u00b5m) que proporciona una claridad de imagen excepcional. Con NETD \u226415mK y una frecuencia de fotogramas de 60Hz, ofrece una sensibilidad t\u00e9rmica superior, proporcionando im\u00e1genes claras y visualmente n\u00edtidas incluso en los entornos m\u00e1s desafiantes.<\/p>\n<h2>Poderosas capacidades de detecci\u00f3n<\/h2>\n<p>Nocpix QUEST cuenta con un rango de detecci\u00f3n de hasta 2600 m y un tel\u00e9metro l\u00e1ser oculto incorporado con un alcance de hasta 1000 m, lo que le permite ver m\u00e1s lejos y con mayor precisi\u00f3n que nunca. Tambi\u00e9n admite c\u00e1lculos bal\u00edsticos, brindando apoyo de datos para la caza cooperativa.<\/p>\n<h2>Manejo ergon\u00f3mico con una sola mano<\/h2>\n<p>Nocpix QUEST ofrece un manejo ergon\u00f3mico y antideslizante con un dise\u00f1o simplificado de 4 botones y ruedas de desplazamiento centrales para un f\u00e1cil manejo con una sola mano y un agarre seguro en todas las condiciones.<\/p>\n<h2>Ligero y port\u00e1til<\/h2>\n<p>QUEST pesa solo 700g e incluye una bolsa de transporte personalizada, ofreciendo una f\u00e1cil portabilidad y comodidad para actividades al aire libre como la caza y la exploraci\u00f3n.<\/p>\n<h2>Rendimiento de energ\u00eda confiable<\/h2>\n<p>La serie QUEST cuenta con un dise\u00f1o de bater\u00eda dual con una bater\u00eda interna y reemplazable de 18650, asegurando un reemplazo sin problemas y un uso continuo durante tu aventura.<\/p>\n<h2>Dise\u00f1o duradero y c\u00f3modo<\/h2>\n<p>QUEST cuenta con un dise\u00f1o tradicional de binoculares con un acabado de goma completo y una clasificaci\u00f3n IP67 para resistencia al agua y al polvo, asegurando tanto durabilidad como comodidad general.<\/p>\n","protected":false},"excerpt":{"rendered":"<p>Nocpix QUEST L35R 384&#215;288 NETD &lt;15mK: Imagen t\u00e9rmica port\u00e1til y ligera con un alcance de detecci\u00f3n de 2600m, tel\u00e9metro l\u00e1ser integrado de 1000m y una claridad de imagen excepcional.<\/p>\n<p>Si el art\u00edculo no est\u00e1 disponible, por favor cont\u00e1ctenos: shop@nbg.eu o +359896147790<\/p>\n","protected":false},"featured_media":679095,"template":"","meta":{"_acf_changed":false},"product_brand":[14461],"product_cat":[14696,12250,16102],"product_tag":[],"class_list":{"0":"post-678368","1":"product","2":"type-product","3":"status-publish","4":"has-post-thumbnail","6":"product_brand-nocpix","7":"product_cat-prismaticos","8":"product_cat-termico","9":"product_cat-thermal-cameras-es","11":"first","12":"instock","13":"taxable","14":"shipping-taxable","15":"purchasable","16":"product-type-simple"},"acf":[],"_links":{"self":[{"href":"https:\/\/nbg.eu\/es\/wp-json\/wp\/v2\/product\/678368","targetHints":{"allow":["GET"]}}],"collection":[{"href":"https:\/\/nbg.eu\/es\/wp-json\/wp\/v2\/product"}],"about":[{"href":"https:\/\/nbg.eu\/es\/wp-json\/wp\/v2\/types\/product"}],"wp:featuredmedia":[{"embeddable":true,"href":"https:\/\/nbg.eu\/es\/wp-json\/wp\/v2\/media\/679095"}],"wp:attachment":[{"href":"https:\/\/nbg.eu\/es\/wp-json\/wp\/v2\/media?parent=678368"}],"wp:term":[{"taxonomy":"product_brand","embeddable":true,"href":"https:\/\/nbg.eu\/es\/wp-json\/wp\/v2\/product_brand?post=678368"},{"taxonomy":"product_cat","embeddable":true,"href":"https:\/\/nbg.eu\/es\/wp-json\/wp\/v2\/product_cat?post=678368"},{"taxonomy":"product_tag","embeddable":true,"href":"https:\/\/nbg.eu\/es\/wp-json\/wp\/v2\/product_tag?post=678368"}],"curies":[{"name":"wp","href":"https:\/\/api.w.org\/{rel}","templated":true}]}}