{"id":679467,"date":"2025-11-18T18:19:37","date_gmt":"2025-11-18T15:19:37","guid":{"rendered":"https:\/\/nbg.eu\/product\/nocpix-quest-h50r-lrf-640x512-netd-15mk\/"},"modified":"2026-04-14T16:20:17","modified_gmt":"2026-04-14T13:20:17","slug":"nocpix-quest-h50r-lrf-640x512-netd-15mk","status":"publish","type":"product","link":"https:\/\/nbg.eu\/es\/producto\/nocpix-quest-h50r-lrf-640x512-netd-15mk\/","title":{"rendered":"Nocpix Prism\u00e1ticos T\u00e9rmicos Quest H50R LRF"},"content":{"rendered":"<h2>Nocpix Quest H50R LRF 640&#215;512 NETD \u226415mK<\/h2>\n<p>QUEST es ligero y port\u00e1til, ofreciendo un rango de detecci\u00f3n de hasta 2600 m y un tel\u00e9metro l\u00e1ser integrado de hasta 1000 m para una mayor precisi\u00f3n y visibilidad. Su dise\u00f1o tradicional de binoculares cuenta con una cubierta de goma completa y clasificaci\u00f3n IP67 para durabilidad y comodidad en condiciones adversas. Equipado con un sensor de alto rendimiento de 640&#215;512 (NETD \u226415mK, 60Hz), QUEST proporciona una claridad de imagen excepcional, una sensibilidad t\u00e9rmica superior y un funcionamiento sin problemas en entornos exigentes.<\/p>\n<h2>Sensor t\u00e9rmico<\/h2>\n<p>Nocpix QUEST cuenta con una mejora de imagen R+ para una claridad y precisi\u00f3n superior, combinada con una pantalla AMOLED de 1920&#215;1200 para una experiencia de visualizaci\u00f3n envolvente y agradable para los ojos.<\/p>\n<h2>El sensor superior asegura la excelencia<\/h2>\n<p>Nocpix QUEST est\u00e1 equipado con un sensor de alto rendimiento (640&#215;512@12\u00b5m) que proporciona una claridad de imagen excepcional. Con NETD \u226415mK y una frecuencia de cuadros de 60Hz, ofrece una sensibilidad t\u00e9rmica superior, lo que permite obtener im\u00e1genes claras y visuales incluso en los entornos m\u00e1s desafiantes.<\/p>\n<h2>Poderosas capacidades de detecci\u00f3n<\/h2>\n<p>Nocpix QUEST cuenta con un rango de detecci\u00f3n de hasta 2600 m y un tel\u00e9metro l\u00e1ser integrado de hasta 1000 m, lo que le permite ver m\u00e1s lejos y con mayor precisi\u00f3n que nunca. Tambi\u00e9n admite c\u00e1lculos bal\u00edsticos, lo que proporciona soporte de datos para la caza cooperativa.<\/p>\n<h2>Operaci\u00f3n con una sola mano<\/h2>\n<p>Nocpix QUEST ofrece un manejo ergon\u00f3mico y antideslizante con un dise\u00f1o simplificado de 4 botones y ruedas de desplazamiento centrales para una f\u00e1cil operaci\u00f3n con una sola mano y un agarre seguro en todas las condiciones.<\/p>\n<h2>Ligero y port\u00e1til<\/h2>\n<p>QUEST pesa solo 700 g e incluye una bolsa de transporte personalizada, lo que ofrece una f\u00e1cil portabilidad y comodidad para actividades al aire libre como la caza y la exploraci\u00f3n.<\/p>\n<h2>Elimina la ansiedad por la energ\u00eda<\/h2>\n<p>La serie QUEST cuenta con un dise\u00f1o de bater\u00eda dual con una bater\u00eda integrada y reemplazable de 18650, lo que garantiza un reemplazo sin problemas y un uso continuo durante tu aventura.<\/p>\n<h2>La experiencia tradicional de binoculares<\/h2>\n<p>QUEST cuenta con un dise\u00f1o tradicional de binoculares con un sofisticado revestimiento de goma completo y clasificaci\u00f3n IP67 para resistencia al agua y al polvo, asegurando tanto la durabilidad como la comodidad general.<\/p>\n","protected":false},"excerpt":{"rendered":"<p>Nocpix Quest H50R LRF 640&#215;512 NETD &lt;15mK: Imagen t\u00e9rmica ligera y port\u00e1til con rango de detecci\u00f3n de 2600m, LRF de 1000m y sensor superior de 640&#215;512.<\/p>\n<p>Si el art\u00edculo no est\u00e1 disponible, p\u00f3ngase en contacto con nosotros: shop@nbg.eu  o +359896147790<\/p><\/p>\n","protected":false},"featured_media":680389,"template":"","meta":{"_acf_changed":false},"product_brand":[14461],"product_cat":[14696,12250,16102],"product_tag":[],"class_list":{"0":"post-679467","1":"product","2":"type-product","3":"status-publish","4":"has-post-thumbnail","6":"product_brand-nocpix","7":"product_cat-prismaticos","8":"product_cat-termico","9":"product_cat-thermal-cameras-es","11":"first","12":"instock","13":"taxable","14":"shipping-taxable","15":"purchasable","16":"product-type-simple"},"acf":[],"_links":{"self":[{"href":"https:\/\/nbg.eu\/es\/wp-json\/wp\/v2\/product\/679467","targetHints":{"allow":["GET"]}}],"collection":[{"href":"https:\/\/nbg.eu\/es\/wp-json\/wp\/v2\/product"}],"about":[{"href":"https:\/\/nbg.eu\/es\/wp-json\/wp\/v2\/types\/product"}],"wp:featuredmedia":[{"embeddable":true,"href":"https:\/\/nbg.eu\/es\/wp-json\/wp\/v2\/media\/680389"}],"wp:attachment":[{"href":"https:\/\/nbg.eu\/es\/wp-json\/wp\/v2\/media?parent=679467"}],"wp:term":[{"taxonomy":"product_brand","embeddable":true,"href":"https:\/\/nbg.eu\/es\/wp-json\/wp\/v2\/product_brand?post=679467"},{"taxonomy":"product_cat","embeddable":true,"href":"https:\/\/nbg.eu\/es\/wp-json\/wp\/v2\/product_cat?post=679467"},{"taxonomy":"product_tag","embeddable":true,"href":"https:\/\/nbg.eu\/es\/wp-json\/wp\/v2\/product_tag?post=679467"}],"curies":[{"name":"wp","href":"https:\/\/api.w.org\/{rel}","templated":true}]}}