{"id":681048,"date":"2025-12-17T14:06:52","date_gmt":"2025-12-17T11:06:52","guid":{"rendered":"https:\/\/nbg.eu\/product\/manly-pico-g10-negro-cpm-s90v\/"},"modified":"2026-01-21T11:41:29","modified_gmt":"2026-01-21T08:41:29","slug":"manly-pico-g10-negro-cpm-s90v","status":"publish","type":"product","link":"https:\/\/nbg.eu\/es\/producto\/manly-pico-g10-negro-cpm-s90v\/","title":{"rendered":"Manly PICO G10 NEGRO CPM S90V"},"content":{"rendered":"<h2>Cuchillo plegable Manly PEAK G10 NEGRO CPM S90V &#8211; Excepcional cuchillo plegable de una sola mano<\/h2>\n<p>Experimenta el excepcional cuchillo plegable Manly PEAK G10 NEGRO CPM S90V, una herramienta \u00fanica y vers\u00e1til dise\u00f1ada para una variedad de actividades. Alej\u00e1ndose del modelo Comrade, este cuchillo se jacta de un dise\u00f1o impresionante que lo convierte en un compa\u00f1ero perfecto para cualquier tarea.<\/p>\n<p>Disponible en dos versiones distintas, el PEAK ofrece la comodidad de la apertura de una sola mano o de dos manos, adapt\u00e1ndose a tus preferencias personales. Fabricado con precisi\u00f3n, la hoja est\u00e1 hecha de acero de alto rendimiento CPM S90V, lo que asegura una excepcional retenci\u00f3n del filo y resistencia a la corrosi\u00f3n.<\/p>\n<p>El duradero mango de G10 proporciona un agarre seguro y c\u00f3modo, lo que convierte al PEAK en una opci\u00f3n confiable para el uso diario o las aventuras al aire libre. Con su mecanismo de apertura de orificio para el pulgar y el sistema manual Backlock, este cuchillo ofrece una operaci\u00f3n de una sola mano sin problemas, lo que te permite abordar tus tareas con facilidad.<\/p>\n<p>Con un peso de solo 115 gramos, el PEAK es una herramienta ligera pero robusta que no te pesar\u00e1. Ya seas un entusiasta del aire libre, un operador t\u00e1ctico o simplemente alguien en busca de un cuchillo plegable vers\u00e1til y bien dise\u00f1ado, el Manly PEAK G10 NEGRO CPM S90V es la respuesta.<\/p>\n","protected":false},"excerpt":{"rendered":"<p>Cuchillo de una mano PEAK CPM S90V negro, dise\u00f1o excelente para todo tipo de actividades.<\/p>\n","protected":false},"featured_media":681125,"template":"","meta":{"_acf_changed":false},"product_brand":[15089],"product_cat":[12264,15376,15356],"product_tag":[],"class_list":{"0":"post-681048","1":"product","2":"type-product","3":"status-publish","4":"has-post-thumbnail","6":"product_brand-manly-knives","7":"product_cat-edc","8":"product_cat-folding-knives-es","9":"product_cat-knives-de","11":"first","12":"outofstock","13":"taxable","14":"shipping-taxable","15":"purchasable","16":"product-type-simple"},"acf":[],"_links":{"self":[{"href":"https:\/\/nbg.eu\/es\/wp-json\/wp\/v2\/product\/681048","targetHints":{"allow":["GET"]}}],"collection":[{"href":"https:\/\/nbg.eu\/es\/wp-json\/wp\/v2\/product"}],"about":[{"href":"https:\/\/nbg.eu\/es\/wp-json\/wp\/v2\/types\/product"}],"wp:featuredmedia":[{"embeddable":true,"href":"https:\/\/nbg.eu\/es\/wp-json\/wp\/v2\/media\/681125"}],"wp:attachment":[{"href":"https:\/\/nbg.eu\/es\/wp-json\/wp\/v2\/media?parent=681048"}],"wp:term":[{"taxonomy":"product_brand","embeddable":true,"href":"https:\/\/nbg.eu\/es\/wp-json\/wp\/v2\/product_brand?post=681048"},{"taxonomy":"product_cat","embeddable":true,"href":"https:\/\/nbg.eu\/es\/wp-json\/wp\/v2\/product_cat?post=681048"},{"taxonomy":"product_tag","embeddable":true,"href":"https:\/\/nbg.eu\/es\/wp-json\/wp\/v2\/product_tag?post=681048"}],"curies":[{"name":"wp","href":"https:\/\/api.w.org\/{rel}","templated":true}]}}