{"id":681536,"date":"2025-12-17T15:41:02","date_gmt":"2025-12-17T12:41:02","guid":{"rendered":"https:\/\/nbg.eu\/product\/manly-patriota-d2-negro\/"},"modified":"2026-01-21T11:39:36","modified_gmt":"2026-01-21T08:39:36","slug":"manly-patriota-d2-negro","status":"publish","type":"product","link":"https:\/\/nbg.eu\/es\/producto\/manly-patriota-d2-negro\/","title":{"rendered":"Manly  Patriota D2 negro"},"content":{"rendered":"<h2>Manly PATRIOT D2 NEGRO: Conveniencia diaria y versatilidad para exteriores<\/h2>\n<p>Presentamos el Manly PATRIOT D2 NEGRO, un cuchillo de hoja fija que combina el dise\u00f1o exitoso del cuchillo plegable Comrade con una mayor practicidad cotidiana. Fabricado con dimensiones casi id\u00e9nticas, el PATRIOT es la opci\u00f3n ideal para una amplia gama de tareas, desde el uso diario hasta la caza y el campamento.<\/p>\n<p>Con una hoja de acero 1.2379 (D2) con acabado satinado, el PATRIOT ofrece un rendimiento y durabilidad excepcionales. La construcci\u00f3n de plena espiga garantiza una fortaleza y estabilidad confiables, convirtiendo a este cuchillo en un compa\u00f1ero de confianza en cualquier situaci\u00f3n.<\/p>\n<p>Disponible con empu\u00f1aduras de G10 o madera de nogal, el PATRIOT proporciona un agarre c\u00f3modo y seguro, mejorando su versatilidad y facilidad de uso. La funda de Kydex ofrece una forma segura y pr\u00e1ctica de transportar el cuchillo, asegurando un f\u00e1cil acceso cuando se necesita.<\/p>\n<p>Con una longitud total de 21 cm y una longitud de la hoja de 9.1 cm, el PATRIOT es un cuchillo de hoja fija compacto y maniobrable que se destaca en una variedad de aplicaciones. Su grosor de hoja de 4 mm y un peso de 126g aseguran una sensaci\u00f3n robusta y bien equilibrada, convirti\u00e9ndolo en una herramienta confiable para cualquier entusiasta de las actividades al aire libre o usuario cotidiano.<\/p>\n<p>Ya sea que est\u00e9 enfrentando aventuras al aire libre, campamento, caza o simplemente necesite un cuchillo de uso diario confiable, el Manly PATRIOT D2 NEGRO es la opci\u00f3n perfecta. Combinando funcionalidad, durabilidad y un dise\u00f1o moderno y elegante, este cuchillo de hoja fija es un imprescindible para quienes buscan una herramienta de corte vers\u00e1til y confiable.<\/p>\n","protected":false},"excerpt":{"rendered":"<p>Manly PATRIOT D2 NEGRO: Cuchillo de hoja fija para uso diario, 21 cm en total, cuchilla de acero D2 de 9.1 cm, 126 g, mango de G10.<\/p>\n","protected":false},"featured_media":681747,"template":"","meta":{"_acf_changed":false},"product_brand":[15089],"product_cat":[2876],"product_tag":[],"class_list":{"0":"post-681536","1":"product","2":"type-product","3":"status-publish","4":"has-post-thumbnail","6":"product_brand-manly-knives","7":"product_cat-rahohvatki","9":"first","10":"instock","11":"taxable","12":"shipping-taxable","13":"purchasable","14":"product-type-simple"},"acf":[],"_links":{"self":[{"href":"https:\/\/nbg.eu\/es\/wp-json\/wp\/v2\/product\/681536","targetHints":{"allow":["GET"]}}],"collection":[{"href":"https:\/\/nbg.eu\/es\/wp-json\/wp\/v2\/product"}],"about":[{"href":"https:\/\/nbg.eu\/es\/wp-json\/wp\/v2\/types\/product"}],"wp:featuredmedia":[{"embeddable":true,"href":"https:\/\/nbg.eu\/es\/wp-json\/wp\/v2\/media\/681747"}],"wp:attachment":[{"href":"https:\/\/nbg.eu\/es\/wp-json\/wp\/v2\/media?parent=681536"}],"wp:term":[{"taxonomy":"product_brand","embeddable":true,"href":"https:\/\/nbg.eu\/es\/wp-json\/wp\/v2\/product_brand?post=681536"},{"taxonomy":"product_cat","embeddable":true,"href":"https:\/\/nbg.eu\/es\/wp-json\/wp\/v2\/product_cat?post=681536"},{"taxonomy":"product_tag","embeddable":true,"href":"https:\/\/nbg.eu\/es\/wp-json\/wp\/v2\/product_tag?post=681536"}],"curies":[{"name":"wp","href":"https:\/\/api.w.org\/{rel}","templated":true}]}}