{"id":682600,"date":"2026-01-09T22:08:59","date_gmt":"2026-01-09T19:08:59","guid":{"rendered":"https:\/\/nbg.eu\/product\/ciudad-masculina-negra-14c28n\/"},"modified":"2026-01-21T12:29:38","modified_gmt":"2026-01-21T09:29:38","slug":"ciudad-masculina-negra-14c28n","status":"publish","type":"product","link":"https:\/\/nbg.eu\/es\/producto\/ciudad-masculina-negra-14c28n\/","title":{"rendered":"Ciudad Masculina Negra 14C28N"},"content":{"rendered":"<h2>Manly City Black 14C28N: Un cuchillo de ciudad excepcional para uso diario<\/h2>\n<p>El Manly City Black 14C28N es un cuchillo de ciudad excepcional para uso diario que encarna nuestra filosof\u00eda de ofrecer a los usuarios materiales primarios cuidadosamente seleccionados a un precio razonable. Con una hoja de corte plana completa hecha de acero Sandvik 14C28N resistente, este cuchillo plegable est\u00e1 dise\u00f1ado para ser un compa\u00f1ero confiable para las tareas cotidianas.<\/p>\n<p>Con una longitud total de 17,7 cm y una longitud de hoja de 7,0 cm, el Manly City Black 14C28N es una herramienta compacta y vers\u00e1til. Plegado, mide 10,5 cm, lo que lo hace f\u00e1cil de llevar y guardar. El grosor de la hoja de 2,7 mm y el peso total de 95 g garantizan una experiencia de manejo equilibrada y c\u00f3moda.<\/p>\n<p>Una de las caracter\u00edsticas destacadas de este cuchillo es su clip reversible, que lo hace adecuado tanto para usuarios diestros como zurdos. El material del mango est\u00e1 hecho de G10 duradero, proporcionando un agarre seguro y antideslizante, incluso en condiciones h\u00famedas o exigentes.<\/p>\n<p>Equipado con un mecanismo de apertura de dos manos y un mecanismo de bloqueo confiable, el Manly City Black 14C28N ofrece una operaci\u00f3n segura y segura, lo que garantiza que sus tareas de corte se realicen con confianza y precisi\u00f3n. El esquema de color negro elegante le da al cuchillo un aspecto moderno y sofisticado, convirti\u00e9ndolo en una opci\u00f3n elegante para llevar todos los d\u00edas.<\/p>\n","protected":false},"excerpt":{"rendered":"<p>La navaja de ciudad negra Manly City 14C28N es un cuchillo excepcional para uso diario que cuenta con una hoja de acero Sandvik 14C28N de corte plano completo y un clip reversible para uso diestro o zurdo.<\/p>\n","protected":false},"featured_media":682852,"template":"","meta":{"_acf_changed":false},"product_brand":[15089],"product_cat":[12264,15376,15356],"product_tag":[],"class_list":{"0":"post-682600","1":"product","2":"type-product","3":"status-publish","4":"has-post-thumbnail","6":"product_brand-manly-knives","7":"product_cat-edc","8":"product_cat-folding-knives-es","9":"product_cat-knives-de","11":"first","12":"instock","13":"taxable","14":"shipping-taxable","15":"purchasable","16":"product-type-simple"},"acf":[],"_links":{"self":[{"href":"https:\/\/nbg.eu\/es\/wp-json\/wp\/v2\/product\/682600","targetHints":{"allow":["GET"]}}],"collection":[{"href":"https:\/\/nbg.eu\/es\/wp-json\/wp\/v2\/product"}],"about":[{"href":"https:\/\/nbg.eu\/es\/wp-json\/wp\/v2\/types\/product"}],"wp:featuredmedia":[{"embeddable":true,"href":"https:\/\/nbg.eu\/es\/wp-json\/wp\/v2\/media\/682852"}],"wp:attachment":[{"href":"https:\/\/nbg.eu\/es\/wp-json\/wp\/v2\/media?parent=682600"}],"wp:term":[{"taxonomy":"product_brand","embeddable":true,"href":"https:\/\/nbg.eu\/es\/wp-json\/wp\/v2\/product_brand?post=682600"},{"taxonomy":"product_cat","embeddable":true,"href":"https:\/\/nbg.eu\/es\/wp-json\/wp\/v2\/product_cat?post=682600"},{"taxonomy":"product_tag","embeddable":true,"href":"https:\/\/nbg.eu\/es\/wp-json\/wp\/v2\/product_tag?post=682600"}],"curies":[{"name":"wp","href":"https:\/\/api.w.org\/{rel}","templated":true}]}}