{"id":683284,"date":"2025-12-17T17:30:35","date_gmt":"2025-12-17T14:30:35","guid":{"rendered":"https:\/\/nbg.eu\/product\/brasa-negra-de-hombre-g10-rwl-34\/"},"modified":"2026-01-21T11:41:30","modified_gmt":"2026-01-21T08:41:30","slug":"brasa-negra-de-hombre-g10-rwl-34","status":"publish","type":"product","link":"https:\/\/nbg.eu\/es\/producto\/brasa-negra-de-hombre-g10-rwl-34\/","title":{"rendered":"Brasa Negra de Hombre G10 RWL-34"},"content":{"rendered":"<h2>Blaze Negro G10 RWL-34 &#8211; El Cuchillo Bushcraft Definitivo<\/h2>\n<p>Blaze RWL-34 Negro es el cuchillo Bushcraft perfecto. Con una hoja fija y una construcci\u00f3n de plena cuchilla + el acero en polvo superior RWL-34, la durabilidad de este cuchillo est\u00e1 garantizada. El mango est\u00e1 hecho de G10 negro texturizado resistente a la corrosi\u00f3n. El cuchillo se puede sacar de la funda (hecha de kydex) f\u00e1cilmente con un solo movimiento de la mano, y el soporte para el cintur\u00f3n puede ser horizontal o vertical.<\/p>\n<p>Si necesitas un cuchillo confiable en la monta\u00f1a, acampando o pescando, Blaze es para ti.<\/p>\n<h2>Especificaciones T\u00e9cnicas<\/h2>\n<p>Nombre: Blaze \u2013 RWL-34 Negro<br \/>\nTipo: Hoja fija<br \/>\nLongitud total: 24.5 cm<br \/>\nLongitud de la hoja: 11.9 cm<br \/>\nGrosor de la hoja: 4 mm<br \/>\nDureza del filo de corte: 62 hrc<br \/>\nPeso: 210g<br \/>\nMaterial de la hoja: RWL-34<br \/>\nMaterial del mango: G10<br \/>\nMaterial de la funda: Kydex<\/p>\n","protected":false},"excerpt":{"rendered":"<p>Cuchillo de acampada Blaze RWL-34 Negro: el cuchillo de Bushcraft perfecto con hoja fija, espiga completa y acero en polvo RWL-34.<\/p>\n","protected":false},"featured_media":683343,"template":"","meta":{"_acf_changed":false},"product_brand":[15089],"product_cat":[2876],"product_tag":[],"class_list":{"0":"post-683284","1":"product","2":"type-product","3":"status-publish","4":"has-post-thumbnail","6":"product_brand-manly-knives","7":"product_cat-rahohvatki","9":"first","10":"instock","11":"taxable","12":"shipping-taxable","13":"purchasable","14":"product-type-simple"},"acf":[],"_links":{"self":[{"href":"https:\/\/nbg.eu\/es\/wp-json\/wp\/v2\/product\/683284","targetHints":{"allow":["GET"]}}],"collection":[{"href":"https:\/\/nbg.eu\/es\/wp-json\/wp\/v2\/product"}],"about":[{"href":"https:\/\/nbg.eu\/es\/wp-json\/wp\/v2\/types\/product"}],"wp:featuredmedia":[{"embeddable":true,"href":"https:\/\/nbg.eu\/es\/wp-json\/wp\/v2\/media\/683343"}],"wp:attachment":[{"href":"https:\/\/nbg.eu\/es\/wp-json\/wp\/v2\/media?parent=683284"}],"wp:term":[{"taxonomy":"product_brand","embeddable":true,"href":"https:\/\/nbg.eu\/es\/wp-json\/wp\/v2\/product_brand?post=683284"},{"taxonomy":"product_cat","embeddable":true,"href":"https:\/\/nbg.eu\/es\/wp-json\/wp\/v2\/product_cat?post=683284"},{"taxonomy":"product_tag","embeddable":true,"href":"https:\/\/nbg.eu\/es\/wp-json\/wp\/v2\/product_tag?post=683284"}],"curies":[{"name":"wp","href":"https:\/\/api.w.org\/{rel}","templated":true}]}}