{"id":683450,"date":"2025-12-17T18:06:26","date_gmt":"2025-12-17T15:06:26","guid":{"rendered":"https:\/\/nbg.eu\/product\/camara-termica-para-automovil-nocpix-m6t25s-con-deteccion-inteligente-de-objetos-calientes\/"},"modified":"2026-01-21T11:45:00","modified_gmt":"2026-01-21T08:45:00","slug":"camara-termica-para-automovil-nocpix-m6t25s-con-deteccion-inteligente-de-objetos-calientes","status":"publish","type":"product","link":"https:\/\/nbg.eu\/es\/producto\/camara-termica-para-automovil-nocpix-m6t25s-con-deteccion-inteligente-de-objetos-calientes\/","title":{"rendered":"C\u00e1mara t\u00e9rmica para autom\u00f3vil Nocpix M6T25S con detecci\u00f3n inteligente de objetos calientes"},"content":{"rendered":"<h2>C\u00e1mara t\u00e9rmica para autom\u00f3vil Nocpix M6T25S con detecci\u00f3n inteligente de objetos calientes<\/h2>\n<p>Presentamos la serie MT de Nocpix, el innovador esc\u00e1ner de c\u00fapula dise\u00f1ado espec\u00edficamente para la caza. Es tu opci\u00f3n ideal no solo para conducir mientras cazas, sino tambi\u00e9n adaptable a varios m\u00e9todos y h\u00e1bitos de caza. Equipado con modelos de IA de vanguardia y un poder de computaci\u00f3n de alto rendimiento, el MT garantiza un rendimiento estable incluso durante la conducci\u00f3n y cuenta con detecci\u00f3n, bloqueo y seguimiento precisos de presas, brindando im\u00e1genes de alta calidad y una experiencia de caza excepcional.<\/p>\n<h2>Rendimiento inteligente de IA<\/h2>\n<p>Impulsado por el modelo de aprendizaje profundo YOLO V5 y 2T de poder de computaci\u00f3n, este sistema est\u00e1 dise\u00f1ado para mejorar tu experiencia de caza. El modelo de aprendizaje profundo, entrenado en un gran conjunto de datos, permite un reconocimiento y seguimiento autom\u00e1tico r\u00e1pido de presas, con cuadros delimitadores precisos para la marcaci\u00f3n de objetivos. Esto hace que todo el proceso de caza, desde la identificaci\u00f3n hasta el seguimiento, sea mucho m\u00e1s f\u00e1cil y fluido, reduciendo el esfuerzo necesario para realizar cada paso por ti mismo.<\/p>\n<h2>Vista panor\u00e1mica de 360\u00b0 sin escobillas con rango de inclinaci\u00f3n de 90\u00b0<\/h2>\n<p>El MT ofrece una amplia vista panor\u00e1mica de 360\u00b0 con un rango de inclinaci\u00f3n de 90\u00b0, brindando una cobertura completa. Esto asegura un seguimiento completo y sin interrupciones de tu presa, sin puntos ciegos.<\/p>\n<h2>Estabilizaci\u00f3n final<\/h2>\n<p>La estabilizaci\u00f3n de 2 ejes permite que el MT entregue una imagen estable, y la calibraci\u00f3n autom\u00e1tica corrige el desplazamiento de la lente causado por los baches de la carretera o cualquier factor ambiental externo, manteniendo una direcci\u00f3n constante.<\/p>\n<h2>Experiencia de usuario extremadamente silenciosa<\/h2>\n<p>El M6T25S utiliza un motor sin escobillas para la rotaci\u00f3n horizontal de 360 grados y un dise\u00f1o de equilibrado din\u00e1mico, lo que significa que opera a un nivel de decibelios bajo durante la rotaci\u00f3n y la inclinaci\u00f3n, asegurando que tu experiencia de caza permanezca ininterrumpida y agradable.<\/p>\n<h2>M\u00faltiples m\u00e9todos de conexi\u00f3n y visualizaci\u00f3n de terminales<\/h2>\n<p>Para adaptarse a diferentes h\u00e1bitos y escenarios de uso, se admiten dos m\u00e9todos de conexi\u00f3n: cable y WiFi. La conexi\u00f3n por cable proporciona una transmisi\u00f3n de imagen relativamente m\u00e1s estable, mientras que el WiFi ofrece una experiencia m\u00e1s c\u00f3moda y sin cables. La transmisi\u00f3n de im\u00e1genes en tiempo real est\u00e1 disponible en cualquier dispositivo con la aplicaci\u00f3n Nocpix instalada, incluyendo, entre otros, iPad, tel\u00e9fonos m\u00f3viles, etc.<\/p>\n","protected":false},"excerpt":{"rendered":"<p>C\u00e1mara t\u00e9rmica para autom\u00f3viles Nocpix M6T25S con detecci\u00f3n inteligente de objetos calientes. B\u00fasqueda inteligente, alcance efectivo de 2300m, control remoto, 2 bater\u00edas recargables para hasta 7 horas de funcionamiento.<\/p>\n<p>Si el art\u00edculo no est\u00e1 disponible, comun\u00edquese con nosotros: shop@nbg.eu o +359896147790<\/p>\n","protected":false},"featured_media":683582,"template":"","meta":{"_acf_changed":false},"product_brand":[14461],"product_cat":[12250],"product_tag":[],"class_list":{"0":"post-683450","1":"product","2":"type-product","3":"status-publish","4":"has-post-thumbnail","6":"product_brand-nocpix","7":"product_cat-termico","9":"first","10":"instock","11":"taxable","12":"shipping-taxable","13":"purchasable","14":"product-type-simple"},"acf":[],"_links":{"self":[{"href":"https:\/\/nbg.eu\/es\/wp-json\/wp\/v2\/product\/683450","targetHints":{"allow":["GET"]}}],"collection":[{"href":"https:\/\/nbg.eu\/es\/wp-json\/wp\/v2\/product"}],"about":[{"href":"https:\/\/nbg.eu\/es\/wp-json\/wp\/v2\/types\/product"}],"wp:featuredmedia":[{"embeddable":true,"href":"https:\/\/nbg.eu\/es\/wp-json\/wp\/v2\/media\/683582"}],"wp:attachment":[{"href":"https:\/\/nbg.eu\/es\/wp-json\/wp\/v2\/media?parent=683450"}],"wp:term":[{"taxonomy":"product_brand","embeddable":true,"href":"https:\/\/nbg.eu\/es\/wp-json\/wp\/v2\/product_brand?post=683450"},{"taxonomy":"product_cat","embeddable":true,"href":"https:\/\/nbg.eu\/es\/wp-json\/wp\/v2\/product_cat?post=683450"},{"taxonomy":"product_tag","embeddable":true,"href":"https:\/\/nbg.eu\/es\/wp-json\/wp\/v2\/product_tag?post=683450"}],"curies":[{"name":"wp","href":"https:\/\/api.w.org\/{rel}","templated":true}]}}