{"id":683640,"date":"2026-01-08T18:14:29","date_gmt":"2026-01-08T15:14:29","guid":{"rendered":"https:\/\/nbg.eu\/product\/camara-termica-nocpix-vista-h50-50mm-12um-640x512-15mk-netd\/"},"modified":"2026-04-14T16:19:29","modified_gmt":"2026-04-14T13:19:29","slug":"camara-termica-nocpix-vista-h50-50mm-12um-640x512-15mk-netd","status":"publish","type":"product","link":"https:\/\/nbg.eu\/es\/producto\/camara-termica-nocpix-vista-h50-50mm-12um-640x512-15mk-netd\/","title":{"rendered":"Nocpix C\u00e1mara T\u00e9rmica VISTA H50"},"content":{"rendered":"<h2>Nocpix VISTA H50 &#8211; C\u00e1mara de imagen t\u00e9rmica de vanguardia para uso diurno y nocturno<\/h2>\n<p>El Nocpix VISTA H50 es una c\u00e1mara de imagen t\u00e9rmica de vanguardia dise\u00f1ada para su uso diurno y nocturno. Ofrece una calidad de imagen excepcional incluso en condiciones clim\u00e1ticas adversas como niebla, smog y lluvia, y puede detectar objetivos a trav\u00e9s de obst\u00e1culos como ramas, hierbas altas y vegetaci\u00f3n densa que normalmente obstruyen la visibilidad.<\/p>\n<p>El VISTA H50 es altamente vers\u00e1til y adecuado para una variedad de aplicaciones, incluyendo caza, seguridad, vigilancia, navegaci\u00f3n terrestre y operaciones de b\u00fasqueda y rescate. Su tecnolog\u00eda t\u00e9rmica avanzada garantiza un rendimiento confiable, brindando im\u00e1genes claras y mediciones precisas en entornos desafiantes.<\/p>\n<h2>Especificaciones clave:<\/h2>\n<p>Resoluci\u00f3n: 640 x 512<br \/>\nTama\u00f1o de p\u00edxel: 12<br \/>\nNETD, mK: \u226415<br \/>\nVelocidad de fotogramas: 50<br \/>\nLente: 50mm F0.9<br \/>\nCampo de visi\u00f3n: 8.8 x 7.0<br \/>\nCampo de visi\u00f3n (lineal): 15 x 12<br \/>\nAumento: 4~40<br \/>\nAlcance de detecci\u00f3n: 2600<br \/>\nDistancia de los ojos: 25<br \/>\nDi\u00e1metro de la pupila de salida: 8<br \/>\nDioptr\u00edas: -4 ~ +6<br \/>\nTipo de pantalla: AMOLED<br \/>\nResoluci\u00f3n de la pantalla: 2560 x 2560<br \/>\nBater\u00eda: Bater\u00eda de i\u00f3n de litio reemplazable IBP-7 \/ 4400mAh<br \/>\nTiempo m\u00e1ximo de funcionamiento: 5.5<br \/>\nWi-Fi\/Aplicaci\u00f3n: S\u00cd<br \/>\nMIC: S\u00cd<br \/>\nCapacidad de memoria: 64GB<br \/>\nClasificaci\u00f3n IP: IP67<br \/>\nTemperatura m\u00e1xima de funcionamiento: -20 ~ +50<br \/>\nPeso (onzas): 22.93<br \/>\nPeso (g): 650<br \/>\nDimensiones (pulgadas): 7.64 x 2.76 x 3.23<br \/>\nDimensiones (mm): 194 x 70 x 82<\/p>\n","protected":false},"excerpt":{"rendered":"<p>La c\u00e1mara t\u00e9rmica Nocpix VISTA H50 es una c\u00e1mara t\u00e9rmica de 640&#215;512 p\u00edxeles con un tama\u00f1o de p\u00edxel de 12 \u03bcm, NETD \u226415 mK, lente de 50 mm F0.9 y pantalla AMOLED de 2560&#215;2560.<\/p>\n<p>Si el art\u00edculo no est\u00e1 disponible, cont\u00e1ctenos: shop@nbg.eu o +359896147790<\/p>\n<p>\n","protected":false},"featured_media":683698,"template":"","meta":{"_acf_changed":false},"product_brand":[14461],"product_cat":[12250,16102],"product_tag":[],"class_list":{"0":"post-683640","1":"product","2":"type-product","3":"status-publish","4":"has-post-thumbnail","6":"product_brand-nocpix","7":"product_cat-termico","8":"product_cat-thermal-cameras-es","10":"first","11":"instock","12":"taxable","13":"shipping-taxable","14":"purchasable","15":"product-type-simple"},"acf":[],"_links":{"self":[{"href":"https:\/\/nbg.eu\/es\/wp-json\/wp\/v2\/product\/683640","targetHints":{"allow":["GET"]}}],"collection":[{"href":"https:\/\/nbg.eu\/es\/wp-json\/wp\/v2\/product"}],"about":[{"href":"https:\/\/nbg.eu\/es\/wp-json\/wp\/v2\/types\/product"}],"wp:featuredmedia":[{"embeddable":true,"href":"https:\/\/nbg.eu\/es\/wp-json\/wp\/v2\/media\/683698"}],"wp:attachment":[{"href":"https:\/\/nbg.eu\/es\/wp-json\/wp\/v2\/media?parent=683640"}],"wp:term":[{"taxonomy":"product_brand","embeddable":true,"href":"https:\/\/nbg.eu\/es\/wp-json\/wp\/v2\/product_brand?post=683640"},{"taxonomy":"product_cat","embeddable":true,"href":"https:\/\/nbg.eu\/es\/wp-json\/wp\/v2\/product_cat?post=683640"},{"taxonomy":"product_tag","embeddable":true,"href":"https:\/\/nbg.eu\/es\/wp-json\/wp\/v2\/product_tag?post=683640"}],"curies":[{"name":"wp","href":"https:\/\/api.w.org\/{rel}","templated":true}]}}