{"id":683744,"date":"2026-01-08T18:13:33","date_gmt":"2026-01-08T15:13:33","guid":{"rendered":"https:\/\/nbg.eu\/product\/camara-termica-nocpix-vista-h35-sin-telemetro-35mm-12um-640x512-15mk-net\/"},"modified":"2026-04-14T16:19:45","modified_gmt":"2026-04-14T13:19:45","slug":"camara-termica-nocpix-vista-h35-sin-telemetro-35mm-12um-640x512-15mk-net","status":"publish","type":"product","link":"https:\/\/nbg.eu\/es\/producto\/camara-termica-nocpix-vista-h35-sin-telemetro-35mm-12um-640x512-15mk-net\/","title":{"rendered":"Nocpix C\u00e1mara T\u00e9rmica VISTA H35"},"content":{"rendered":"<h2>Nocpix VISTA H35 Monocular T\u00e9rmico &#8211; 35mm 12um 640&#215;512 \u226415mK NET<\/h2>\n<p>El Nocpix VISTA H35 es un monocular t\u00e9rmico de uso m\u00faltiple dise\u00f1ado para un uso confiable tanto de d\u00eda como de noche. Este dispositivo avanzado ofrece un rendimiento excepcional de imagen t\u00e9rmica, proporcionando im\u00e1genes claras y detalladas incluso en condiciones clim\u00e1ticas desafiantes como niebla, smog y lluvia. Puede detectar objetivos a trav\u00e9s de obst\u00e1culos como ramas, pastos altos y maleza densa, lo que garantiza un funcionamiento eficaz en entornos donde las \u00f3pticas tradicionales son inadecuadas.<\/p>\n<p>Ideal para una variedad de aplicaciones, el VISTA H35 es perfecto para la caza, la vigilancia, la seguridad, la navegaci\u00f3n por el terreno y las misiones de b\u00fasqueda y rescate. Con su tecnolog\u00eda de vanguardia y construcci\u00f3n resistente, el VISTA H35 garantiza una detecci\u00f3n y medici\u00f3n precisas en las condiciones m\u00e1s dif\u00edciles.<\/p>\n<h2>Caracter\u00edsticas<\/h2>\n<p>-Detector de 640\u00d7512 12\u03bcm<br \/>\nNETD\u226415mK<br \/>\n-Tasa de fotogramas alta de 60Hz<br \/>\n-Lente F0.9<br \/>\n-Pantalla circular AMOLED 2560\u00d72560<br \/>\n-Bater\u00eda recargable de cambio r\u00e1pido IBP-7<br \/>\n-Zoom digital suave: 1\u00d7~8\u00d7<br \/>\n-Modo ultra limpio<br \/>\n-Protecci\u00f3n ocular con brillo bajo, paleta de colores y tono c\u00e1lido<br \/>\n-Estabilizaci\u00f3n electr\u00f3nica de imagen<\/p>\n","protected":false},"excerpt":{"rendered":"<p>C\u00e1mara t\u00e9rmica Nocpix VISTA H35 sin tel\u00e9metro &#8211; 35 mm 12 um 640&#215;512 &lt;15 mk NET<\/p>\n","protected":false},"featured_media":683793,"template":"","meta":{"_acf_changed":false},"product_brand":[14461],"product_cat":[12250,16102],"product_tag":[],"class_list":{"0":"post-683744","1":"product","2":"type-product","3":"status-publish","4":"has-post-thumbnail","6":"product_brand-nocpix","7":"product_cat-termico","8":"product_cat-thermal-cameras-es","10":"first","11":"instock","12":"taxable","13":"shipping-taxable","14":"purchasable","15":"product-type-simple"},"acf":[],"_links":{"self":[{"href":"https:\/\/nbg.eu\/es\/wp-json\/wp\/v2\/product\/683744","targetHints":{"allow":["GET"]}}],"collection":[{"href":"https:\/\/nbg.eu\/es\/wp-json\/wp\/v2\/product"}],"about":[{"href":"https:\/\/nbg.eu\/es\/wp-json\/wp\/v2\/types\/product"}],"wp:featuredmedia":[{"embeddable":true,"href":"https:\/\/nbg.eu\/es\/wp-json\/wp\/v2\/media\/683793"}],"wp:attachment":[{"href":"https:\/\/nbg.eu\/es\/wp-json\/wp\/v2\/media?parent=683744"}],"wp:term":[{"taxonomy":"product_brand","embeddable":true,"href":"https:\/\/nbg.eu\/es\/wp-json\/wp\/v2\/product_brand?post=683744"},{"taxonomy":"product_cat","embeddable":true,"href":"https:\/\/nbg.eu\/es\/wp-json\/wp\/v2\/product_cat?post=683744"},{"taxonomy":"product_tag","embeddable":true,"href":"https:\/\/nbg.eu\/es\/wp-json\/wp\/v2\/product_tag?post=683744"}],"curies":[{"name":"wp","href":"https:\/\/api.w.org\/{rel}","templated":true}]}}