{"id":683934,"date":"2026-01-08T18:14:25","date_gmt":"2026-01-08T15:14:25","guid":{"rendered":"https:\/\/nbg.eu\/product\/camara-termica-nocpix-rico-2-h50r\/"},"modified":"2026-04-14T16:19:32","modified_gmt":"2026-04-14T13:19:32","slug":"camara-termica-nocpix-rico-2-h50r","status":"publish","type":"product","link":"https:\/\/nbg.eu\/es\/producto\/camara-termica-nocpix-rico-2-h50r\/","title":{"rendered":"Nocpix C\u00e1mara T\u00e9rmica Rico 2 H50R"},"content":{"rendered":"<h2>Nocpix Rico 2 H50R: Experto en tiro a larga distancia<\/h2>\n<p>La serie de miras t\u00e9rmicas para rifles Nocpix RICO 2 H50R est\u00e1 dise\u00f1ada para cazadores que exigen lo mejor en claridad, alcance y comodidad. Dise\u00f1ado con un sensor t\u00e9rmico l\u00edder en la industria y una alta tasa de fotogramas, ofrece una calidad de imagen ultra superior que facilita la identificaci\u00f3n y el seguimiento de los objetivos. Su gran distancia focal y el LRF incorporado le permiten medir con precisi\u00f3n los objetivos distantes, mientras que el dise\u00f1o \u00f3ptico avanzado ofrece una experiencia de visualizaci\u00f3n envolvente sin distorsi\u00f3n. Con su palanca de zoom continuo y un excepcional alivio ocular, la serie Nocpix RICO 2 H50R permite a los cazadores ajustar el aumento con facilidad y sentirse c\u00f3modos durante las largas cacer\u00edas. Con sus innovadoras tecnolog\u00edas y su dise\u00f1o centrado en el usuario, la serie Nocpix RICO 2 H50R le permite cazar m\u00e1s all\u00e1 de los l\u00edmites de lo posible.<\/p>\n<h2>Caracter\u00edsticas clave:<\/h2>\n<p>Benef\u00edciese del sensor premium de segunda generaci\u00f3n de 12\u03bcm@60Hz, con NETD \u226420mK, para obtener im\u00e1genes n\u00edtidas y de alto contraste, y una mejor identificaci\u00f3n de los objetivos.<\/p>\n<p>El Nocpix RICO 2 H50R est\u00e1 equipado con lentes frontales m\u00e1s grandes (50 mm\/F1.0, 42 mm\/F1.0), lo que ofrece una mayor capacidad de captaci\u00f3n de luz para una claridad de imagen excepcional y un alcance de detecci\u00f3n ampliado.<\/p>\n<p>La serie RICO 2 le permite ajustar el aumento con facilidad mediante una palanca de zoom continuo con estilo LPVO, lo que permite realizar ajustes r\u00e1pidos y sin complicaciones para participar con precisi\u00f3n en los objetivos a cualquier distancia.<\/p>\n<p>La serie RICO 2 tiene un alcance de detecci\u00f3n impresionante de hasta 2600 m, lo que le brinda una ventaja significativa en la caza a larga distancia y la localizaci\u00f3n precisa de los objetivos.<\/p>\n<p>El Nocpix RICO 2 H50R est\u00e1 equipado con un LRF integrado, que ofrece detecci\u00f3n l\u00e1ser a distancias de hasta 1200 m con alineaci\u00f3n \u00f3ptica real, lo que asegura mediciones de distancia precisas manteniendo un dise\u00f1o elegante y estilizado.<\/p>\n<p>Optimice la colocaci\u00f3n de sus disparos con c\u00e1lculos bal\u00edsticos autom\u00e1ticos, utilizando el LRF integrado para lograr impactos precisos a largas distancias sin esfuerzo.<\/p>\n<p>Pantalla OLED de 1.03&#8243; 2560\u00d72560 (H50R), ocular libre de distorsi\u00f3n, 70 mm de alivio ocular y 23 mm de pupila de salida, que proporcionan una visualizaci\u00f3n n\u00edtida y c\u00f3moda durante largas sesiones.<\/p>\n<p>El modelo H50R est\u00e1 equipado con una distancia sin precedentes de 70 mm, lo que proporciona la m\u00e1xima comodidad para un uso prolongado sin fatiga ocular y garantiza la seguridad de los ojos.<\/p>\n","protected":false},"excerpt":{"rendered":"<p>C\u00e1mara t\u00e9rmica Nocpix Rico 2 H50R. Experto en tiro a larga distancia. Sensor 640&#215;512, 60Hz, LRF integrado, zoom continuo.<br \/>\nSi el art\u00edculo no est\u00e1 disponible, por favor cont\u00e1ctenos: shop@nbg.eu o +359896147790<\/p>\n","protected":false},"featured_media":684045,"template":"","meta":{"_acf_changed":false},"product_brand":[14461],"product_cat":[12250,16102],"product_tag":[],"class_list":{"0":"post-683934","1":"product","2":"type-product","3":"status-publish","4":"has-post-thumbnail","6":"product_brand-nocpix","7":"product_cat-termico","8":"product_cat-thermal-cameras-es","10":"first","11":"instock","12":"taxable","13":"shipping-taxable","14":"purchasable","15":"product-type-simple"},"acf":[],"_links":{"self":[{"href":"https:\/\/nbg.eu\/es\/wp-json\/wp\/v2\/product\/683934","targetHints":{"allow":["GET"]}}],"collection":[{"href":"https:\/\/nbg.eu\/es\/wp-json\/wp\/v2\/product"}],"about":[{"href":"https:\/\/nbg.eu\/es\/wp-json\/wp\/v2\/types\/product"}],"wp:featuredmedia":[{"embeddable":true,"href":"https:\/\/nbg.eu\/es\/wp-json\/wp\/v2\/media\/684045"}],"wp:attachment":[{"href":"https:\/\/nbg.eu\/es\/wp-json\/wp\/v2\/media?parent=683934"}],"wp:term":[{"taxonomy":"product_brand","embeddable":true,"href":"https:\/\/nbg.eu\/es\/wp-json\/wp\/v2\/product_brand?post=683934"},{"taxonomy":"product_cat","embeddable":true,"href":"https:\/\/nbg.eu\/es\/wp-json\/wp\/v2\/product_cat?post=683934"},{"taxonomy":"product_tag","embeddable":true,"href":"https:\/\/nbg.eu\/es\/wp-json\/wp\/v2\/product_tag?post=683934"}],"curies":[{"name":"wp","href":"https:\/\/api.w.org\/{rel}","templated":true}]}}