{"id":685080,"date":"2026-01-08T18:13:21","date_gmt":"2026-01-08T15:13:21","guid":{"rendered":"https:\/\/nbg.eu\/product\/thermal-monocular-nocpix-lumi-p13\/"},"modified":"2026-04-14T16:19:53","modified_gmt":"2026-04-14T13:19:53","slug":"thermal-monocular-nocpix-lumi-p13","status":"publish","type":"product","link":"https:\/\/nbg.eu\/es\/producto\/thermal-monocular-nocpix-lumi-p13\/","title":{"rendered":"Nocpix Monocular T\u00e9rmico LUMI P13"},"content":{"rendered":"<h2>M\u00e1ximo rendimiento con el m\u00ednimo peso &#8211; Nocpix LUMI P13: Mant\u00e9n siempre un ojo en tu entorno<\/h2>\n<p>La serie de monoculares t\u00e9rmicos LUMI est\u00e1 dise\u00f1ada para uso diurno y nocturno y te ofrece una calidad de imagen excepcional incluso en condiciones clim\u00e1ticas dif\u00edciles como niebla, smog o lluvia. Incluso si obst\u00e1culos como ramas, hierba alta o follaje denso dificultan la visi\u00f3n, gracias a esta tecnolog\u00eda siempre podr\u00e1s ver claramente lo que tienes delante. Adem\u00e1s, son tan compactos y ligeros que puedes llevarlos f\u00e1cilmente a cualquier lugar.<\/p>\n<p>Las c\u00e1maras t\u00e9rmicas LUMI son perfectas para una variedad de aplicaciones como caza, vigilancia, seguridad, orientaci\u00f3n del terreno u operaciones de b\u00fasqueda y rescate.<\/p>\n<h2>Rendimiento de imagen inigualable para im\u00e1genes de alta definici\u00f3n<\/h2>\n<p>La serie LUMI establece nuevos est\u00e1ndares en cuanto a calidad de imagen. Equipada con los algoritmos de imagen m\u00e1s avanzados y un potente sensor t\u00e9rmico con NETD &lt; 20 mK, la c\u00e1mara ofrece im\u00e1genes n\u00edtidas y realistas. La pantalla AMOLED con una resoluci\u00f3n de 1440 x 1080 p\u00edxeles garantiza una visualizaci\u00f3n de imagen excepcional, mientras que el modo Ultra Clear optimiza a\u00fan m\u00e1s la claridad de la imagen, especialmente en condiciones clim\u00e1ticas dif\u00edciles.<\/p>\n<h2>Experiencia de visualizaci\u00f3n personalizada: Personaliza tu dispositivo a la perfecci\u00f3n<\/h2>\n<p>Gracias al sensor de 256 x 192 px y a las diversas opciones de ajuste, puedes adaptar el dispositivo exactamente a tus necesidades. Elige entre 5 modos de color y optimiza tu vista con 10 niveles de brillo, nitidez y contraste, para que no se pase por alto ning\u00fan detalle.<\/p>\n<h2>Compartir experiencias es f\u00e1cil con LUMI<\/h2>\n<p>Capturar momentos especiales es esencial para el cazador moderno. Con el Nocpix LUMI P13, no solo puedes compartir f\u00e1cilmente tus grabaciones a trav\u00e9s de la aplicaci\u00f3n, sino tambi\u00e9n reproducirlas directamente en el dispositivo, perfecto para compartir tus experiencias con los dem\u00e1s de inmediato.<\/p>\n<h2>Se puede usar de forma flexible gracias al sistema de bater\u00eda extra\u00edble<\/h2>\n<p>La serie LUMI est\u00e1 equipada con bater\u00edas est\u00e1ndar 18650, lo que te da la m\u00e1xima flexibilidad. No importa a d\u00f3nde vayas, con el cargador de bater\u00eda incluido estar\u00e1s listo de nuevo en poco tiempo, y podr\u00e1s continuar con tu misi\u00f3n.<\/p>\n","protected":false},"excerpt":{"rendered":"<p>Rendimiento m\u00e1ximo con peso m\u00ednimo &#8211; Nocpix LUMI P13: Mant\u00e9n siempre el ojo puesto en tu objetivo.<\/p>\n<p>Si el art\u00edculo no est\u00e1 disponible, p\u00f3ngase en contacto con nosotros: shop@nbg.eu o +359896147790<\/p>\n<p>\n","protected":false},"featured_media":685193,"template":"","meta":{"_acf_changed":false},"product_brand":[14461],"product_cat":[16101,12250],"product_tag":[],"class_list":{"0":"post-685080","1":"product","2":"type-product","3":"status-publish","4":"has-post-thumbnail","6":"product_brand-nocpix","7":"product_cat-monoculars-es","8":"product_cat-termico","10":"first","11":"instock","12":"taxable","13":"shipping-taxable","14":"purchasable","15":"product-type-simple"},"acf":[],"_links":{"self":[{"href":"https:\/\/nbg.eu\/es\/wp-json\/wp\/v2\/product\/685080","targetHints":{"allow":["GET"]}}],"collection":[{"href":"https:\/\/nbg.eu\/es\/wp-json\/wp\/v2\/product"}],"about":[{"href":"https:\/\/nbg.eu\/es\/wp-json\/wp\/v2\/types\/product"}],"wp:featuredmedia":[{"embeddable":true,"href":"https:\/\/nbg.eu\/es\/wp-json\/wp\/v2\/media\/685193"}],"wp:attachment":[{"href":"https:\/\/nbg.eu\/es\/wp-json\/wp\/v2\/media?parent=685080"}],"wp:term":[{"taxonomy":"product_brand","embeddable":true,"href":"https:\/\/nbg.eu\/es\/wp-json\/wp\/v2\/product_brand?post=685080"},{"taxonomy":"product_cat","embeddable":true,"href":"https:\/\/nbg.eu\/es\/wp-json\/wp\/v2\/product_cat?post=685080"},{"taxonomy":"product_tag","embeddable":true,"href":"https:\/\/nbg.eu\/es\/wp-json\/wp\/v2\/product_tag?post=685080"}],"curies":[{"name":"wp","href":"https:\/\/api.w.org\/{rel}","templated":true}]}}