{"id":685239,"date":"2026-01-08T18:13:20","date_gmt":"2026-01-08T15:13:20","guid":{"rendered":"https:\/\/nbg.eu\/product\/termoclicular-monocular-nocpix-lumi-l35r-con-telemetro-laser\/"},"modified":"2026-04-14T16:19:56","modified_gmt":"2026-04-14T13:19:56","slug":"termoclicular-monocular-nocpix-lumi-l35r-con-telemetro-laser","status":"publish","type":"product","link":"https:\/\/nbg.eu\/es\/producto\/termoclicular-monocular-nocpix-lumi-l35r-con-telemetro-laser\/","title":{"rendered":"Nocpix Monocular T\u00e9rmico LUMI L35R LRF"},"content":{"rendered":"<h2>Monocular t\u00e9rmico Nocpix LUMI L35R con tel\u00e9metro l\u00e1ser<\/h2>\n<p>El Nocpix LUMI L35R es un monocular t\u00e9rmico potente y compacto con un tel\u00e9metro l\u00e1ser integrado. Con el sensor m\u00e1s avanzado de su clase, con un NETD de \u226418mK, esta c\u00e1mara t\u00e9rmica ofrece im\u00e1genes de alta resoluci\u00f3n incluso en condiciones clim\u00e1ticas extremas. El dise\u00f1o ligero y ergon\u00f3mico lo hace f\u00e1cil de usar, mientras que el sistema de bater\u00eda extra\u00edble con bater\u00edas 18650 est\u00e1ndar proporciona un tiempo de funcionamiento prolongado.<\/p>\n<p>El tel\u00e9metro l\u00e1ser integrado permite determinar con precisi\u00f3n la distancia del objetivo, y los algoritmos avanzados de imagen R+ AI mejoran los detalles de la imagen y aprovechan al m\u00e1ximo el potencial del sensor. El monocular es resistente al agua, al polvo y est\u00e1 dise\u00f1ado para un uso c\u00f3modo al aire libre, con caracter\u00edsticas como estabilizaci\u00f3n electr\u00f3nica de la imagen, paletas de colores para la visi\u00f3n y botones ultra silenciosos.<\/p>\n<p>Con un alcance del sensor de hasta 1800m, el Nocpix LUMI L35R es una soluci\u00f3n de imagen t\u00e9rmica vers\u00e1til para caza, seguridad y actividades al aire libre. Respaldado por una garant\u00eda total del fabricante de 3 a\u00f1os, este monocular t\u00e9rmico ofrece un rendimiento y una fiabilidad excepcionales.<\/p>\n","protected":false},"excerpt":{"rendered":"<p>Monocular t\u00e9rmico Nocpix LUMI L35R con tel\u00e9metro l\u00e1ser: sensor de alta resoluci\u00f3n \u226418 mK NETD, compacto y ligero, bater\u00eda extra\u00edble.<\/p>\n<p>Si el art\u00edculo no est\u00e1 disponible, p\u00f3ngase en contacto con nosotros: shop@nbg.eu o +359896147790<\/p>\n","protected":false},"featured_media":685294,"template":"","meta":{"_acf_changed":false},"product_brand":[14461],"product_cat":[16101,12250],"product_tag":[],"class_list":{"0":"post-685239","1":"product","2":"type-product","3":"status-publish","4":"has-post-thumbnail","6":"product_brand-nocpix","7":"product_cat-monoculars-es","8":"product_cat-termico","10":"first","11":"instock","12":"taxable","13":"shipping-taxable","14":"purchasable","15":"product-type-simple"},"acf":[],"_links":{"self":[{"href":"https:\/\/nbg.eu\/es\/wp-json\/wp\/v2\/product\/685239","targetHints":{"allow":["GET"]}}],"collection":[{"href":"https:\/\/nbg.eu\/es\/wp-json\/wp\/v2\/product"}],"about":[{"href":"https:\/\/nbg.eu\/es\/wp-json\/wp\/v2\/types\/product"}],"wp:featuredmedia":[{"embeddable":true,"href":"https:\/\/nbg.eu\/es\/wp-json\/wp\/v2\/media\/685294"}],"wp:attachment":[{"href":"https:\/\/nbg.eu\/es\/wp-json\/wp\/v2\/media?parent=685239"}],"wp:term":[{"taxonomy":"product_brand","embeddable":true,"href":"https:\/\/nbg.eu\/es\/wp-json\/wp\/v2\/product_brand?post=685239"},{"taxonomy":"product_cat","embeddable":true,"href":"https:\/\/nbg.eu\/es\/wp-json\/wp\/v2\/product_cat?post=685239"},{"taxonomy":"product_tag","embeddable":true,"href":"https:\/\/nbg.eu\/es\/wp-json\/wp\/v2\/product_tag?post=685239"}],"curies":[{"name":"wp","href":"https:\/\/api.w.org\/{rel}","templated":true}]}}