{"id":685318,"date":"2025-12-17T17:50:25","date_gmt":"2025-12-17T14:50:25","guid":{"rendered":"https:\/\/nbg.eu\/product\/monocular-termico-nocpix-lumi-l19\/"},"modified":"2026-01-21T11:59:28","modified_gmt":"2026-01-21T08:59:28","slug":"monocular-termico-nocpix-lumi-l19","status":"publish","type":"product","link":"https:\/\/nbg.eu\/es\/producto\/monocular-termico-nocpix-lumi-l19\/","title":{"rendered":"Monocular t\u00e9rmico Nocpix LUMI L19"},"content":{"rendered":"<h2>M\u00e1ximo rendimiento con m\u00ednimo peso &#8211; Nocpix LUMI L19: Tu observador para bosques y prados<\/h2>\n<p>La serie de monoculares t\u00e9rmicos LUMI est\u00e1 dise\u00f1ada para uso tanto de d\u00eda como de noche y le ofrece una calidad de imagen excepcional incluso en condiciones clim\u00e1ticas dif\u00edciles como niebla, smog o lluvia. Incluso si los obst\u00e1culos como ramas, hierba alta o follaje denso dificultan la visibilidad, gracias a esta tecnolog\u00eda siempre podr\u00e1 ver claramente lo que tiene delante. Adem\u00e1s, son tan compactos y ligeros que puede llevarlos a cualquier parte.<\/p>\n<p>Las c\u00e1maras t\u00e9rmicas LUMI son perfectas para una variedad de aplicaciones como caza, vigilancia, seguridad, orientaci\u00f3n en el terreno u operaciones de b\u00fasqueda y rescate.<\/p>\n<h2>Rendimiento de imagen inigualable para im\u00e1genes n\u00edtidas como un bistur\u00ed<\/h2>\n<p>La serie LUMI establece nuevos est\u00e1ndares en cuanto a calidad de imagen. Equipada con los algoritmos de imagen m\u00e1s avanzados y un potente sensor t\u00e9rmico con NETD &lt; 18 mK, la c\u00e1mara ofrece im\u00e1genes n\u00edtidas y realistas. La pantalla AMOLED con una resoluci\u00f3n de 1024 x 768 p\u00edxeles garantiza una visualizaci\u00f3n de imagen excepcional, mientras que el modo Ultra Clear optimiza a\u00fan m\u00e1s la claridad de la imagen, especialmente en condiciones clim\u00e1ticas dif\u00edciles.<\/p>\n<h2>Experiencia de visualizaci\u00f3n personalizada &#8211; Personaliza tu dispositivo a la perfecci\u00f3n<\/h2>\n<p>Gracias al sensor de tama\u00f1o medio de 384 x 288 px y a una variedad de opciones de ajuste, puede adaptar el dispositivo exactamente a sus necesidades. Elija entre 5 modos de color y optimice su vista con 10 niveles de brillo, nitidez y contraste, para que no se le escape ning\u00fan detalle.<\/p>\n<h2>F\u00e1cil experiencia de compartir<\/h2>\n<p>Capturar momentos especiales es esencial para el cazador moderno. Con el Nocpix LUMI, no solo puede compartir f\u00e1cilmente sus grabaciones a trav\u00e9s de la aplicaci\u00f3n, sino que tambi\u00e9n puede reproducirlas directamente en el dispositivo, perfecto para compartir sus experiencias con otros al instante.<\/p>\n<h2>Se puede usar de manera flexible gracias al sistema de bater\u00eda extra\u00edble<\/h2>\n<p>La serie LUMI est\u00e1 equipada con bater\u00edas est\u00e1ndar 18650, lo que le brinda una m\u00e1xima flexibilidad. No importa a d\u00f3nde vaya, con el cargador de bater\u00edas incluido estar\u00e1 listo de nuevo en un abrir y cerrar de ojos, y podr\u00e1 continuar con su misi\u00f3n.<\/p>\n","protected":false},"excerpt":{"rendered":"<p>M\u00e1ximo rendimiento con el m\u00ednimo peso: Nocpix LUMI L19: Tu observador para bosques y praderas<\/p>\n<p>Si el art\u00edculo no est\u00e1 disponible, cont\u00e1ctenos: shop@nbg.eu o +359896147790<\/p>\n<p>\n","protected":false},"featured_media":685543,"template":"","meta":{"_acf_changed":false},"product_brand":[14461],"product_cat":[12250],"product_tag":[],"class_list":{"0":"post-685318","1":"product","2":"type-product","3":"status-publish","4":"has-post-thumbnail","6":"product_brand-nocpix","7":"product_cat-termico","9":"first","10":"outofstock","11":"taxable","12":"shipping-taxable","13":"purchasable","14":"product-type-simple"},"acf":[],"_links":{"self":[{"href":"https:\/\/nbg.eu\/es\/wp-json\/wp\/v2\/product\/685318","targetHints":{"allow":["GET"]}}],"collection":[{"href":"https:\/\/nbg.eu\/es\/wp-json\/wp\/v2\/product"}],"about":[{"href":"https:\/\/nbg.eu\/es\/wp-json\/wp\/v2\/types\/product"}],"wp:featuredmedia":[{"embeddable":true,"href":"https:\/\/nbg.eu\/es\/wp-json\/wp\/v2\/media\/685543"}],"wp:attachment":[{"href":"https:\/\/nbg.eu\/es\/wp-json\/wp\/v2\/media?parent=685318"}],"wp:term":[{"taxonomy":"product_brand","embeddable":true,"href":"https:\/\/nbg.eu\/es\/wp-json\/wp\/v2\/product_brand?post=685318"},{"taxonomy":"product_cat","embeddable":true,"href":"https:\/\/nbg.eu\/es\/wp-json\/wp\/v2\/product_cat?post=685318"},{"taxonomy":"product_tag","embeddable":true,"href":"https:\/\/nbg.eu\/es\/wp-json\/wp\/v2\/product_tag?post=685318"}],"curies":[{"name":"wp","href":"https:\/\/api.w.org\/{rel}","templated":true}]}}