{"id":685630,"date":"2025-12-17T17:47:09","date_gmt":"2025-12-17T14:47:09","guid":{"rendered":"https:\/\/nbg.eu\/product\/monocular-termico-lumi-h35r-con-telemetro-laser\/"},"modified":"2026-01-21T11:58:52","modified_gmt":"2026-01-21T08:58:52","slug":"monocular-termico-lumi-h35r-con-telemetro-laser","status":"publish","type":"product","link":"https:\/\/nbg.eu\/es\/producto\/monocular-termico-lumi-h35r-con-telemetro-laser\/","title":{"rendered":"Monocular t\u00e9rmico LUMI H35R con tel\u00e9metro l\u00e1ser"},"content":{"rendered":"<h2>Monocular t\u00e9rmico con rango de sensor de hasta 1800m, \u00a1extremadamente compacto y ligero!<\/h2>\n<p>Tel\u00e9metro l\u00e1ser integrado.<\/p>\n<p>Sensor de alta resoluci\u00f3n y especialmente potente: \u2264 18 mK NETD.<\/p>\n<p>Sistema de bater\u00edas extra\u00edble con bater\u00edas 18650.<\/p>\n<p>Grabaci\u00f3n de video, a prueba de agua y funcionamiento particularmente silencioso.<\/p>\n<p>\u00a13 a\u00f1os de garant\u00eda total del fabricante!<\/p>\n<h2>M\u00e1s caracter\u00edsticas:<\/h2>\n<p>-Tel\u00e9metro l\u00e1ser integrado para determinar con precisi\u00f3n la distancia del objetivo.<\/p>\n<p>-Alta calidad de imagen: incluso en condiciones clim\u00e1ticas extremas, la calidad de la imagen permanece estable.<\/p>\n<p>-Sensor dise\u00f1ado espec\u00edficamente para fines de caza: proporciona un funcionamiento estable con un NETD \u2264 18mK para una calidad de imagen superior.<\/p>\n<p>-Lente F0.9: 20% m\u00e1s de transmisi\u00f3n de luz en comparaci\u00f3n con la lente F1.0 para im\u00e1genes m\u00e1s brillantes y m\u00e1s claras.<\/p>\n<p>-Optimizaci\u00f3n de imagen Reality+: algoritmos avanzados mejoran la calidad de la imagen y eliminan el ruido de la imagen.<\/p>\n<p>-Estabilizaci\u00f3n electr\u00f3nica de imagen: para videos suaves y estables.<\/p>\n<p>-Paletas de colores de alivio para los ojos: paletas especiales rojas y verdes reducen la fatiga ocular durante el uso prolongado.<\/p>\n<p>-Bater\u00eda 18650 extra\u00edble: con polaridad inversa para un reemplazo f\u00e1cil, ideal por la noche.<\/p>\n<p>-Botones ultra silenciosos: funcionamiento silencioso que no molesta a la fauna.<\/p>\n<p>-Dise\u00f1o compacto: el dispositivo es m\u00e1s peque\u00f1o que un tel\u00e9fono m\u00f3vil y f\u00e1cil de transportar.<\/p>\n<p>-Clase de protecci\u00f3n IP67: a prueba de polvo y agua para uso en entornos extremos.<\/p>\n<p>-Dise\u00f1o ergon\u00f3mico: ideal para el uso al aire libre, c\u00f3modo y f\u00e1cil de usar.<\/p>\n<p>-Ligero: el dispositivo pesa menos de 345g.<\/p>\n<p>-Pupila de salida de 10 mm: proporciona visibilidad \u00f3ptima y un \u00e1ngulo de visi\u00f3n c\u00f3modo.<\/p>\n<p>-Confiable de noche: gracias a su funcionamiento silencioso y f\u00e1cil, se puede usar de manera \u00f3ptima incluso en entornos oscuros.<\/p>\n<p>-Bater\u00eda extra\u00edble: permite un tiempo de funcionamiento m\u00e1s largo al reemplazar las bater\u00edas.<\/p>\n<p>-Apertura grande: aumenta la captura de luz y el brillo de la imagen en condiciones de iluminaci\u00f3n dif\u00edciles.<\/p>\n<p>-Micr\u00f3fono incorporado: permite grabar audio.<\/p>\n<p>-Memoria de 32GB: para fotos, videos y grabaciones de audio.<\/p>\n<p>-F\u00e1cil de usar: ideal para usuarios que prefieren un dispositivo compacto y ligero.<\/p>\n<p>-Algoritmos de imagen R+ AI: mejoran los detalles de la imagen y aprovechan al m\u00e1ximo el potencial del sensor.<\/p>\n","protected":false},"excerpt":{"rendered":"<p>El sensor m\u00e1s avanzado de su clase (&lt;18mK NETD). Tel\u00e9metro l\u00e1ser integrado. Particularmente f\u00e1cil de operar: carcasa ligera y compacta. Sistema de bater\u00eda reemplazable con bater\u00edas 18650 est\u00e1ndar.<\/p>\n<p>Si el art\u00edculo no est\u00e1 disponible, cont\u00e1ctenos: shop@nbg.eu o +359896147790<\/p>\n","protected":false},"featured_media":685673,"template":"","meta":{"_acf_changed":false},"product_brand":[14461],"product_cat":[12250],"product_tag":[],"class_list":{"0":"post-685630","1":"product","2":"type-product","3":"status-publish","4":"has-post-thumbnail","6":"product_brand-nocpix","7":"product_cat-termico","9":"first","10":"instock","11":"taxable","12":"shipping-taxable","13":"purchasable","14":"product-type-simple"},"acf":[],"_links":{"self":[{"href":"https:\/\/nbg.eu\/es\/wp-json\/wp\/v2\/product\/685630","targetHints":{"allow":["GET"]}}],"collection":[{"href":"https:\/\/nbg.eu\/es\/wp-json\/wp\/v2\/product"}],"about":[{"href":"https:\/\/nbg.eu\/es\/wp-json\/wp\/v2\/types\/product"}],"wp:featuredmedia":[{"embeddable":true,"href":"https:\/\/nbg.eu\/es\/wp-json\/wp\/v2\/media\/685673"}],"wp:attachment":[{"href":"https:\/\/nbg.eu\/es\/wp-json\/wp\/v2\/media?parent=685630"}],"wp:term":[{"taxonomy":"product_brand","embeddable":true,"href":"https:\/\/nbg.eu\/es\/wp-json\/wp\/v2\/product_brand?post=685630"},{"taxonomy":"product_cat","embeddable":true,"href":"https:\/\/nbg.eu\/es\/wp-json\/wp\/v2\/product_cat?post=685630"},{"taxonomy":"product_tag","embeddable":true,"href":"https:\/\/nbg.eu\/es\/wp-json\/wp\/v2\/product_tag?post=685630"}],"curies":[{"name":"wp","href":"https:\/\/api.w.org\/{rel}","templated":true}]}}