{"id":685785,"date":"2025-12-18T16:23:59","date_gmt":"2025-12-18T13:23:59","guid":{"rendered":"https:\/\/nbg.eu\/product\/binoculares-termicos-nocpix-quest-h35r-lrf-640x512-netd-15mk\/"},"modified":"2026-01-21T12:22:39","modified_gmt":"2026-01-21T09:22:39","slug":"binoculares-termicos-nocpix-quest-h35r-lrf-640x512-netd-15mk","status":"publish","type":"product","link":"https:\/\/nbg.eu\/es\/producto\/binoculares-termicos-nocpix-quest-h35r-lrf-640x512-netd-15mk\/","title":{"rendered":"Binoculares t\u00e9rmicos Nocpix Quest H35R LRF 640&#215;512 NETD &lt;15mK"},"content":{"rendered":"<h2>Nocpix QUEST H35R LRF 640&#215;512 Binoculares T\u00e9rmicos<\/h2>\n<p>QUEST es ligero y port\u00e1til, ofreciendo un rango de detecci\u00f3n de hasta 2600m y un LRF oculto incorporado con un rango de 1000m para una precisi\u00f3n y visibilidad superiores. Su dise\u00f1o tradicional de binoculares presenta una cubierta de goma completa y una clasificaci\u00f3n IP67 para durabilidad y comodidad en condiciones adversas. Equipado con un sensor de alto rendimiento de 640&#215;512 (NETD \u226415mK, 60Hz), QUEST proporciona una claridad de imagen excepcional, una sensibilidad t\u00e9rmica superior y un funcionamiento sin problemas en entornos desafiantes.<\/p>\n<h2>Excelente experiencia visual<\/h2>\n<p>Nocpix QUEST cuenta con mejora de imagen R+ para una claridad y precisi\u00f3n superiores, combinada con una pantalla AMOLED de 1920&#215;1200 para una experiencia de visualizaci\u00f3n envolvente y amigable con los ojos.<\/p>\n<h2>El sensor superior asegura la excelencia<\/h2>\n<p>Nocpix QUEST est\u00e1 equipado con un sensor de alto rendimiento (640&#215;512@12\u00b5m) que proporciona una claridad de imagen excepcional. Con NETD \u226415mK y una frecuencia de cuadros de 60Hz, ofrece una sensibilidad t\u00e9rmica superior, brindando im\u00e1genes claras y visuales incluso en los entornos m\u00e1s desafiantes.<\/p>\n<h2>Poderosas capacidades de detecci\u00f3n<\/h2>\n<p>Nocpix QUEST tiene un rango de detecci\u00f3n de hasta 2600 m y un LRF oculto incorporado con un rango de hasta 1000 m, lo que le permite ver m\u00e1s lejos y con mayor precisi\u00f3n que nunca. Tambi\u00e9n admite c\u00e1lculos bal\u00edsticos, proporcionando soporte de datos para la caza cooperativa.<\/p>\n<h2>Operaci\u00f3n con una sola mano<\/h2>\n<p>Nocpix QUEST ofrece un manejo ergon\u00f3mico y antideslizante con un dise\u00f1o simplificado de 4 botones y ruedas de desplazamiento centrales para un f\u00e1cil manejo con una sola mano y un agarre seguro en todas las condiciones.<\/p>\n<h2>Ligero y port\u00e1til<\/h2>\n<p>QUEST pesa solo 700g e incluye una bolsa de transporte personalizada, ofreciendo una f\u00e1cil portabilidad y comodidad para actividades al aire libre como la caza y la exploraci\u00f3n.<\/p>\n<h2>Elimina la ansiedad por la energ\u00eda<\/h2>\n<p>La serie QUEST presenta un dise\u00f1o de bater\u00eda dual con una bater\u00eda incorporada y reemplazable de 18650, asegurando un reemplazo sin problemas y un uso continuo durante tu aventura.<\/p>\n<h2>La mejor experiencia de binoculares<\/h2>\n<p>QUEST presenta un dise\u00f1o tradicional de binoculares con un sofisticado revestimiento de goma completo y una clasificaci\u00f3n IP67 para resistencia al agua y al polvo, asegurando tanto durabilidad como comodidad general.<\/p>\n","protected":false},"excerpt":{"rendered":"<p>Binoculares t\u00e9rmicos port\u00e1tiles y ligeros con alcance de detecci\u00f3n de 2600 m, LRF de 1000 m y excepcional claridad de imagen.<\/p>\n","protected":false},"featured_media":686138,"template":"","meta":{"_acf_changed":false},"product_brand":[14461],"product_cat":[14696,12250],"product_tag":[],"class_list":{"0":"post-685785","1":"product","2":"type-product","3":"status-publish","4":"has-post-thumbnail","6":"product_brand-nocpix","7":"product_cat-prismaticos","8":"product_cat-termico","10":"first","11":"instock","12":"taxable","13":"shipping-taxable","14":"purchasable","15":"product-type-simple"},"acf":[],"_links":{"self":[{"href":"https:\/\/nbg.eu\/es\/wp-json\/wp\/v2\/product\/685785","targetHints":{"allow":["GET"]}}],"collection":[{"href":"https:\/\/nbg.eu\/es\/wp-json\/wp\/v2\/product"}],"about":[{"href":"https:\/\/nbg.eu\/es\/wp-json\/wp\/v2\/types\/product"}],"wp:featuredmedia":[{"embeddable":true,"href":"https:\/\/nbg.eu\/es\/wp-json\/wp\/v2\/media\/686138"}],"wp:attachment":[{"href":"https:\/\/nbg.eu\/es\/wp-json\/wp\/v2\/media?parent=685785"}],"wp:term":[{"taxonomy":"product_brand","embeddable":true,"href":"https:\/\/nbg.eu\/es\/wp-json\/wp\/v2\/product_brand?post=685785"},{"taxonomy":"product_cat","embeddable":true,"href":"https:\/\/nbg.eu\/es\/wp-json\/wp\/v2\/product_cat?post=685785"},{"taxonomy":"product_tag","embeddable":true,"href":"https:\/\/nbg.eu\/es\/wp-json\/wp\/v2\/product_tag?post=685785"}],"curies":[{"name":"wp","href":"https:\/\/api.w.org\/{rel}","templated":true}]}}