{"id":686438,"date":"2026-01-08T18:14:39","date_gmt":"2026-01-08T15:14:39","guid":{"rendered":"https:\/\/nbg.eu\/product\/nocpix-mate-ultra-s60r\/"},"modified":"2026-04-14T16:19:25","modified_gmt":"2026-04-14T13:19:25","slug":"nocpix-mate-ultra-s60r","status":"publish","type":"product","link":"https:\/\/nbg.eu\/es\/producto\/nocpix-mate-ultra-s60r\/","title":{"rendered":"Nocpix Adaptador T\u00e9rmico Mate Ultra S60R"},"content":{"rendered":"<h2>Convierta su d\u00eda de alcance en un moderno visor t\u00e9rmico de rifle con el \u00fanico soporte t\u00e9rmico Nocpix MATE Ultra S60R de 1280&#215;1024 &#8211; el mejor soporte t\u00e9rmico de montaje frontal dise\u00f1ado para cazadores profesionales, observadores de vida silvestre y tiradores que exigen precisi\u00f3n.<\/h2>\n<p>Construido con tecnolog\u00eda de imagen de \u00faltima generaci\u00f3n, el Nocpix MATE Ultra S60R ofrece una claridad sin precedentes, detecci\u00f3n a largo alcance y caracter\u00edsticas de vanguardia para un rendimiento superior en cualquier entorno.<\/p>\n<h2>Calidad de imagen y rango de detecci\u00f3n excepcionales<\/h2>\n<p>En el coraz\u00f3n del Nocpix MATE Ultra S60R hay un sensor t\u00e9rmico HD Gen-2 de 1280\u00d71024 con un p\u00edxel de ultra-fino de 12 \u03bcm y una sensibilidad de NETD \u226415mK, lo que garantiza que se detecten incluso las m\u00e1s leves diferencias t\u00e9rmicas. La gran lente de 60 mm F1.0 captura m\u00e1s energ\u00eda t\u00e9rmica para im\u00e1genes cristalinas y un alcance extendido, ofreciendo distancias de detecci\u00f3n de hasta 3100 m. Ya sea que acecha ciervos al amanecer o escanee amplios campos por la noche, el S60R se asegura de que no se pase por alto ning\u00fan detalle.<\/p>\n<h2>Procesamiento de im\u00e1genes avanzado con Reality+ AI<\/h2>\n<p>Equipado con dos algoritmos de imagen: un potente procesador de im\u00e1genes combinado con la inteligente tecnolog\u00eda Reality+, el MATE Ultra S60R se adapta autom\u00e1ticamente a la ampliaci\u00f3n de su mira. Esto asegura im\u00e1genes n\u00edtidas, un zoom preciso y una estabilidad de imagen consistente, incluso en niebla, llovizna o condiciones de poca luz desafiantes.<\/p>\n<p>Magic Zoom (sin LITE) \u2013 Ajuste autom\u00e1tico de la imagen y la interfaz en tiempo real para un zoom fluido.<\/p>\n<p>7 paletas de color diferentes \u2013 Elija la mejor vista t\u00e9rmica para cualquier escenario.<\/p>\n<p>Pantalla AMOLED de 1920\u00d71080 \u2013 Im\u00e1genes extremadamente n\u00edtidas con un contraste v\u00edvido.<\/p>\n<h2>Dise\u00f1ado para la precisi\u00f3n y la caza \u00e9tica<\/h2>\n<p>Con un tel\u00e9metro l\u00e1ser integrado (hasta 1200 m) y una calculadora bal\u00edstica integrada, el S60R lo ayuda a tomar decisiones de disparo informadas y \u00e9ticas. El modo imagen-en-imagen (PIP) mejora la precisi\u00f3n de apuntado y el video activado por retroceso (RAV) asegura que se capture cada momento cr\u00edtico.<\/p>\n<p>Grabe fotos, videos y audio con 64 GB de memoria<\/p>\n<p>Wi-Fi y conectividad remota con N-Link<\/p>\n<p>Tecnolog\u00eda sin obturador para un funcionamiento silencioso y confiable<\/p>\n<h2>Robusto, pr\u00e1ctico y confiable<\/h2>\n<p>Dise\u00f1ado para el campo, el MATE Ultra S60R es tanto resistente como f\u00e1cil de usar. Cuenta con un gran ocular de 60 mm con &lt;1% de distorsi\u00f3n, manteniendo un punto de impacto estable y una alineaci\u00f3n consistente de hasta 16x de aumento. Alimentado por bater\u00edas reemplazables de 18650 (4 incluidas para el ULTRA), ofrece una confiabilidad duradera para sesiones prolongadas al aire libre.<\/p>\n<h2>Especificaciones clave<\/h2>\n<p>-Sensor Gen-2 Sub 15mk 1280\u00d71024 60Hz (Ultra)<\/p>\n<p>-Lente F1.0 \u2013 captura de luz superior<\/p>\n<p>-Rango de detecci\u00f3n de hasta 3100 m<\/p>\n<p>-Tel\u00e9metro l\u00e1ser integrado de 1200 m (sin LITE)<\/p>\n<p>-Procesamiento de im\u00e1genes Reality+ con inteligencia artificial<\/p>\n<p>-Soporte de c\u00e1lculo bal\u00edstico<\/p>\n<p>-Grabaci\u00f3n de fotos\/videos\/audio, 64 GB de memoria<\/p>\n<p>-Video activado por retroceso (RAV)<\/p>\n<p>-Pantalla AMOLED de 1920\u00d71080 de resoluci\u00f3n<\/p>\n<p>-7 paletas de colores<\/p>\n<p>-Compatibilidad con control remoto Wi-Fi\/N-Link<\/p>\n<p>-Bater\u00edas reemplazables de 18650<\/p>\n<h2>\u00bfPor qu\u00e9 elegir Nocpix MATE Ultra S60R?<\/h2>\n<p>Si est\u00e1 buscando el soporte de imagen t\u00e9rmica definitivo para su mira de rifle, el MATE Ultra S60R ofrece la combinaci\u00f3n perfecta de detecci\u00f3n a largo alcance, tecnolog\u00eda de imagen por IA de vanguardia y confiabilidad en el campo. Ya sea que se use para caza, observaci\u00f3n de vida silvestre o aplicaciones t\u00e1cticas, redefine lo que un soporte de imagen t\u00e9rmica puede lograr.<\/p>\n","protected":false},"excerpt":{"rendered":"<p>Convierta su mira diurna en un moderno visor t\u00e9rmico de rifle con el \u00fanico soporte t\u00e9rmico Nocpix MATE Ultra S60R de 1280 x 1024 &#8211; el mejor soporte t\u00e9rmico frontal dise\u00f1ado para cazadores profesionales, observadores de fauna silvestre y tiradores que exigen precisi\u00f3n.<\/p>\n<p>Si el art\u00edculo no est\u00e1 disponible, p\u00f3ngase en contacto con nosotros: shop@nbg.eu o +359896147790<\/p>\n","protected":false},"featured_media":686504,"template":"","meta":{"_acf_changed":false},"product_brand":[14461],"product_cat":[12250,16102],"product_tag":[],"class_list":{"0":"post-686438","1":"product","2":"type-product","3":"status-publish","4":"has-post-thumbnail","6":"product_brand-nocpix","7":"product_cat-termico","8":"product_cat-thermal-cameras-es","10":"first","11":"instock","12":"taxable","13":"shipping-taxable","14":"purchasable","15":"product-type-simple"},"acf":[],"_links":{"self":[{"href":"https:\/\/nbg.eu\/es\/wp-json\/wp\/v2\/product\/686438","targetHints":{"allow":["GET"]}}],"collection":[{"href":"https:\/\/nbg.eu\/es\/wp-json\/wp\/v2\/product"}],"about":[{"href":"https:\/\/nbg.eu\/es\/wp-json\/wp\/v2\/types\/product"}],"wp:featuredmedia":[{"embeddable":true,"href":"https:\/\/nbg.eu\/es\/wp-json\/wp\/v2\/media\/686504"}],"wp:attachment":[{"href":"https:\/\/nbg.eu\/es\/wp-json\/wp\/v2\/media?parent=686438"}],"wp:term":[{"taxonomy":"product_brand","embeddable":true,"href":"https:\/\/nbg.eu\/es\/wp-json\/wp\/v2\/product_brand?post=686438"},{"taxonomy":"product_cat","embeddable":true,"href":"https:\/\/nbg.eu\/es\/wp-json\/wp\/v2\/product_cat?post=686438"},{"taxonomy":"product_tag","embeddable":true,"href":"https:\/\/nbg.eu\/es\/wp-json\/wp\/v2\/product_tag?post=686438"}],"curies":[{"name":"wp","href":"https:\/\/api.w.org\/{rel}","templated":true}]}}