{"id":686578,"date":"2026-01-08T18:15:06","date_gmt":"2026-01-08T15:15:06","guid":{"rendered":"https:\/\/nbg.eu\/product\/mira-termica-nocpix-mate-h50r\/"},"modified":"2026-04-14T16:19:22","modified_gmt":"2026-04-14T13:19:22","slug":"mira-termica-nocpix-mate-h50r","status":"publish","type":"product","link":"https:\/\/nbg.eu\/es\/producto\/mira-termica-nocpix-mate-h50r\/","title":{"rendered":"Nocpix Visor T\u00e9rmico Mate H50R"},"content":{"rendered":"<h2>Convierta su objetivo diurno en un moderno objetivo t\u00e9rmico de rifle con el Nocpix MATE H50R<\/h2>\n<p>Convierta su objetivo diurno en un moderno objetivo t\u00e9rmico de rifle con el \u00fanico Nocpix MATE H50R de 640X512 &#8211; el mejor objetivo t\u00e9rmico de montaje frontal dise\u00f1ado para cazadores profesionales, observadores de vida silvestre y tiradores que exigen precisi\u00f3n.<\/p>\n<p>Construido con tecnolog\u00eda de imagen de \u00faltima generaci\u00f3n, el Nocpix MATE H50R ofrece una claridad sin igual, detecci\u00f3n a larga distancia y caracter\u00edsticas de vanguardia para un rendimiento superior en cualquier entorno.<\/p>\n<h2>Calidad de imagen y rango de detecci\u00f3n excepcionales<\/h2>\n<p>En el coraz\u00f3n del Nocpix MATE Ultra H50R se encuentra un sensor t\u00e9rmico HD de 640X512 de segunda generaci\u00f3n con un p\u00edxel ultra fino de 12 \u03bcm y una sensibilidad de NETD \u226415mK, lo que asegura que incluso las diferencias t\u00e9rmicas m\u00e1s tenues ser\u00e1n detectadas. El gran lente de 50 mm F1.0 captura m\u00e1s energ\u00eda t\u00e9rmica para im\u00e1genes cristalinas y un alcance extendido, ofreciendo distancias de detecci\u00f3n de hasta 2600 m. Ya sea que est\u00e9 acechando ciervos al amanecer o escaneando amplios campos por la noche, el H50R se asegura de que no se pase por alto ning\u00fan detalle.<\/p>\n<h2>Procesamiento de imagen avanzado con Reality+ AI<\/h2>\n<p>Equipado con dos algoritmos de procesamiento de imagen: un poderoso procesador de im\u00e1genes combinado con la tecnolog\u00eda inteligente Reality+, el MATE Ultra H50R se adapta autom\u00e1ticamente a la magnificaci\u00f3n de su objetivo. Esto asegura im\u00e1genes n\u00edtidas, un zoom preciso y una estabilidad de imagen consistente, incluso en niebla, llovizna o condiciones de poca luz dif\u00edciles.<\/p>\n<h2>Dise\u00f1ado para la precisi\u00f3n y la caza \u00e9tica<\/h2>\n<p>Con un tel\u00e9metro l\u00e1ser integrado (hasta 1200 m) y una calculadora bal\u00edstica integrada, el H50R le ayuda a tomar decisiones de disparo informadas y \u00e9ticas. El modo Picture-in-Picture (PIP) mejora la precisi\u00f3n de la punter\u00eda, y el video activado por retroceso (RAV) asegura que se capture cada momento cr\u00edtico.<\/p>\n<h2>Robusto, pr\u00e1ctico y confiable<\/h2>\n<p>Dise\u00f1ado para el campo, el MATE Ultra H50R es tanto resistente como f\u00e1cil de usar. Tiene un gran ocular de 60 mm con &lt;1% de distorsi\u00f3n, manteniendo un punto de impacto estable y una alineaci\u00f3n consistente hasta 16x de magnificaci\u00f3n. Alimentado por bater\u00edas reemplazables 18650 (4x incluidas para el ULTRA), ofrece una confiabilidad duradera para sesiones prolongadas en exteriores.<\/p>\n","protected":false},"excerpt":{"rendered":"<p>Convierta su d\u00eda escopo en un moderno escopo t\u00e9rmico de rifle con el \u00fanico montaje t\u00e9rmico Nocpix MATE H50R 640X512, el mejor montaje t\u00e9rmico de delante dise\u00f1ado para cazadores profesionales, observadores de vida silvestre y tiradores que exigen precisi\u00f3n.<\/p>\n<p>Si el art\u00edculo no est\u00e1 disponible, p\u00f3ngase en contacto con nosotros: shop@nbg.eu o +359896147790<\/p>\n","protected":false},"featured_media":686657,"template":"","meta":{"_acf_changed":false},"product_brand":[14461],"product_cat":[12250],"product_tag":[],"class_list":{"0":"post-686578","1":"product","2":"type-product","3":"status-publish","4":"has-post-thumbnail","6":"product_brand-nocpix","7":"product_cat-termico","9":"first","10":"instock","11":"taxable","12":"shipping-taxable","13":"purchasable","14":"product-type-simple"},"acf":[],"_links":{"self":[{"href":"https:\/\/nbg.eu\/es\/wp-json\/wp\/v2\/product\/686578","targetHints":{"allow":["GET"]}}],"collection":[{"href":"https:\/\/nbg.eu\/es\/wp-json\/wp\/v2\/product"}],"about":[{"href":"https:\/\/nbg.eu\/es\/wp-json\/wp\/v2\/types\/product"}],"wp:featuredmedia":[{"embeddable":true,"href":"https:\/\/nbg.eu\/es\/wp-json\/wp\/v2\/media\/686657"}],"wp:attachment":[{"href":"https:\/\/nbg.eu\/es\/wp-json\/wp\/v2\/media?parent=686578"}],"wp:term":[{"taxonomy":"product_brand","embeddable":true,"href":"https:\/\/nbg.eu\/es\/wp-json\/wp\/v2\/product_brand?post=686578"},{"taxonomy":"product_cat","embeddable":true,"href":"https:\/\/nbg.eu\/es\/wp-json\/wp\/v2\/product_cat?post=686578"},{"taxonomy":"product_tag","embeddable":true,"href":"https:\/\/nbg.eu\/es\/wp-json\/wp\/v2\/product_tag?post=686578"}],"curies":[{"name":"wp","href":"https:\/\/api.w.org\/{rel}","templated":true}]}}