{"id":686685,"date":"2026-01-08T18:14:07","date_gmt":"2026-01-08T15:14:07","guid":{"rendered":"https:\/\/nbg.eu\/product\/camara-termica-nocpix-ace-l35-sensor-384x288-lente-de-35-mm\/"},"modified":"2026-04-14T16:19:39","modified_gmt":"2026-04-14T13:19:39","slug":"camara-termica-nocpix-ace-l35-sensor-384x288-lente-de-35-mm","status":"publish","type":"product","link":"https:\/\/nbg.eu\/es\/producto\/camara-termica-nocpix-ace-l35-sensor-384x288-lente-de-35-mm\/","title":{"rendered":"Nocpix C\u00e1mara T\u00e9rmica ACE L35"},"content":{"rendered":"<h2>C\u00e1mara t\u00e9rmica Nocpix ACE L35<\/h2>\n<p>El Nocpix ACE L35 se construye en torno a la idea de combinar las caracter\u00edsticas de vanguardia que los usuarios exigen en una \u00f3ptica simplificada que equilibra las capacidades avanzadas con la facilidad de uso en el campo. Dise\u00f1ado para sentirse como una \u00f3ptica diurna tradicional, el ACE es compatible con rifles de cerrojo o semiautom\u00e1ticos que utilizan montajes y anillos est\u00e1ndar de 30 mm. La combinaci\u00f3n de una bater\u00eda interna recargable USB-C y una bater\u00eda recargable extra\u00edble 18650 permite a los usuarios cambiar las bater\u00edas sobre la marcha para un tiempo de funcionamiento ilimitado. Un magnificador de ocular de 1x a 3x proporciona aumento \u00f3ptico de la pantalla AMOLED circular de 2560\u00d72560 dentro del ocular. El sistema Vision+ combina esta pantalla de alta resoluci\u00f3n con un sensor NETD de 18 mK para una imagen incre\u00edblemente detallada y precisa.<\/p>\n<p>El Nocpix ACE L35 ofrece una opci\u00f3n m\u00e1s asequible en la l\u00ednea ACE para cazadores de depredadores y vida silvestre que no necesitan un tel\u00e9metro l\u00e1ser o un sensor de mayor resoluci\u00f3n. Con un precio extremadamente ventajoso, el ACE L35 conserva todas las dem\u00e1s caracter\u00edsticas de la l\u00ednea de miras t\u00e9rmicas para rifle ACE.<\/p>\n<p>Un magnificador de ocular \u00f3ptico con una magnificaci\u00f3n de 1-3x proporciona una magnificaci\u00f3n adicional de la pantalla sin cambiar la escala o el zoom digital. Una pantalla AMOLED circular de alto contraste con una resoluci\u00f3n de 2560\u00d72560 proporciona una mayor claridad y detalle. Los controles simplificados ofrecen una mejor ergonom\u00eda y una mejor experiencia de usuario en el campo. Utiliza bater\u00edas recargables 18650 est\u00e1ndar. La funci\u00f3n de calculadora bal\u00edstica muestra los valores de ca\u00edda de la bala en funci\u00f3n de la informaci\u00f3n del tel\u00e9metro l\u00e1ser y un perfil de cartucho personalizado por el usuario. Carga a trav\u00e9s del dispositivo con un puerto USB-C con dise\u00f1o \u00fanico de bloqueo.<\/p>\n","protected":false},"excerpt":{"rendered":"<p>La c\u00e1mara t\u00e9rmica Nocpix ACE L35 presenta un sensor de 384\u00d7288, un lente de 35mm, zoom digital 4x y una velocidad de cuadro de 60Hz, con un alcance de detecci\u00f3n de 1.970 yardas.<\/p>\n<p>Si el art\u00edculo no est\u00e1 disponible, comun\u00edquese con nosotros: shop@nbg.eu o +359896147790<\/p>\n","protected":false},"featured_media":686728,"template":"","meta":{"_acf_changed":false},"product_brand":[14461],"product_cat":[16102],"product_tag":[],"class_list":{"0":"post-686685","1":"product","2":"type-product","3":"status-publish","4":"has-post-thumbnail","6":"product_brand-nocpix","7":"product_cat-thermal-cameras-es","9":"first","10":"instock","11":"taxable","12":"shipping-taxable","13":"purchasable","14":"product-type-simple"},"acf":[],"_links":{"self":[{"href":"https:\/\/nbg.eu\/es\/wp-json\/wp\/v2\/product\/686685","targetHints":{"allow":["GET"]}}],"collection":[{"href":"https:\/\/nbg.eu\/es\/wp-json\/wp\/v2\/product"}],"about":[{"href":"https:\/\/nbg.eu\/es\/wp-json\/wp\/v2\/types\/product"}],"wp:featuredmedia":[{"embeddable":true,"href":"https:\/\/nbg.eu\/es\/wp-json\/wp\/v2\/media\/686728"}],"wp:attachment":[{"href":"https:\/\/nbg.eu\/es\/wp-json\/wp\/v2\/media?parent=686685"}],"wp:term":[{"taxonomy":"product_brand","embeddable":true,"href":"https:\/\/nbg.eu\/es\/wp-json\/wp\/v2\/product_brand?post=686685"},{"taxonomy":"product_cat","embeddable":true,"href":"https:\/\/nbg.eu\/es\/wp-json\/wp\/v2\/product_cat?post=686685"},{"taxonomy":"product_tag","embeddable":true,"href":"https:\/\/nbg.eu\/es\/wp-json\/wp\/v2\/product_tag?post=686685"}],"curies":[{"name":"wp","href":"https:\/\/api.w.org\/{rel}","templated":true}]}}