{"id":686986,"date":"2025-12-18T18:25:22","date_gmt":"2025-12-18T15:25:22","guid":{"rendered":"https:\/\/nbg.eu\/product\/camara-termica-nocpix-bolt-l35r\/"},"modified":"2026-02-27T15:50:53","modified_gmt":"2026-02-27T12:50:53","slug":"camara-termica-nocpix-bolt-l35r","status":"publish","type":"product","link":"https:\/\/nbg.eu\/es\/producto\/camara-termica-nocpix-bolt-l35r\/","title":{"rendered":"C\u00e1mara t\u00e9rmica Nocpix Bolt L35R"},"content":{"rendered":"<h2>El comienzo perfecto para su cacer\u00eda nocturna: C\u00e1mara t\u00e9rmica Nocpix Bolt L35R<\/h2>\n<p>Dise\u00f1ado para principiantes que buscan claridad, conveniencia integral y confianza desde el primer d\u00eda, el BOLT de Nocpix combina una imagen t\u00e9rmica n\u00edtida, un tel\u00e9metro l\u00e1ser integrado y herramientas bal\u00edsticas inteligentes en un dise\u00f1o compacto y f\u00e1cil de usar, brindando a los nuevos cazadores exactamente lo que necesitan para cazar de manera inteligente y disparar con confianza.<\/p>\n<h2>Ver con claridad, identificar con precisi\u00f3n<\/h2>\n<p>Las im\u00e1genes borrosas y los objetivos dif\u00edciles de ver son un problema com\u00fan para los nuevos usuarios de binoculares de imagen t\u00e9rmica, especialmente en la oscuridad. Es por eso que el BOLT est\u00e1 equipado con un sensor t\u00e9rmico de desarrollo propio con una NETD \u226420mK y una alta velocidad de fotogramas de 50Hz, lo que le brinda im\u00e1genes suaves y de alta resoluci\u00f3n incluso en condiciones adversas. Impulsado por nuestro algoritmo de imagen Reality+, el BOLT atraviesa la niebla, los arbustos y la oscuridad para proporcionar im\u00e1genes n\u00edtidas y una identificaci\u00f3n confiable de los objetivos.<\/p>\n<h2>Mant\u00e9ngase ligero, mant\u00e9ngase enfocado<\/h2>\n<p>Como nuevo cazador, especialmente cuando a\u00fan se est\u00e1 acostumbrando a moverse en silencio y mantener el enfoque. Es por eso que el Nocpix BOLT mantiene las cosas simples. Con un peso de solo 880 gramos y un dise\u00f1o compacto y aerodin\u00e1mico, es f\u00e1cil de transportar, montar y operar, incluso en cacer\u00edas prolongadas.<\/p>\n<h2>Conoce el alcance, caza con confianza<\/h2>\n<p>Para los nuevos cazadores, juzgar la distancia puede ser dif\u00edcil, y los disparos fallidos pueden debilitar su confianza. El BOLT elimina el estr\u00e9s de disparar con un tel\u00e9metro l\u00e1ser integrado de 1,200 metros y una calculadora bal\u00edstica inteligente. Obtienes lecturas de distancia precisas y asistencia de punter\u00eda instant\u00e1nea que te ayuda a acertar cada disparo justo donde debe ser. Desde tu primera cacer\u00eda, el BOLT le da a los principiantes el impulso que necesitan para disparar de manera m\u00e1s inteligente y constante.<\/p>\n<h2>Caza todo el d\u00eda sin preocuparte por la energ\u00eda<\/h2>\n<p>Quedarse sin bater\u00eda durante la cacer\u00eda es una pesadilla para cualquier nuevo cazador. Es por eso que el BOLT est\u00e1 dise\u00f1ado con un sistema de doble bater\u00eda: una bater\u00eda integrada de larga duraci\u00f3n de 5000mAh y una bater\u00eda de respaldo extra\u00edble de 18650. Con una capacidad total de 9000mAh, obtienes hasta 12 horas de uso continuo. Sin estr\u00e9s, sin interrupciones, solo energ\u00eda que te acompa\u00f1a del amanecer al atardecer.<\/p>\n<h2>Equipamiento inteligente, cacer\u00eda comprometida<\/h2>\n<p>Para los principiantes, acostumbrarse a un nuevo equipo puede ser dif\u00edcil. El BOLT facilita el proceso con ret\u00edculas personalizables, ajustes de disparo ajustables y siete paletas de colores para adaptarse a diferentes entornos. Adem\u00e1s, la conectividad perfecta con la aplicaci\u00f3n le permite personalizar su configuraci\u00f3n y compartir sus aventuras, lo que convierte cada cacer\u00eda no solo en m\u00e1s inteligente, sino tambi\u00e9n m\u00e1s divertida y gratificante.<\/p>\n<h2>Dise\u00f1o robusto, rendimiento confiable<\/h2>\n<p>Cuando reci\u00e9n se est\u00e1 empezando, lo \u00faltimo que se quiere preocupar es que el equipo se rompa en el campo. El BOLT est\u00e1 construido con solidez con un cuerpo de aluminio monocasco y resistencia al polvo y al agua IP67. Est\u00e1 probado para soportar ca\u00eddas y alto retroceso, por lo que se mantiene confiable y preciso sin importar lo dif\u00edciles que sean las condiciones.<\/p>\n","protected":false},"excerpt":{"rendered":"<p>La c\u00e1mara t\u00e9rmica Nocpix Bolt L35R ofrece una imagen t\u00e9rmica n\u00edtida, tel\u00e9metro incorporado y herramientas bal\u00edsticas inteligentes en un dise\u00f1o compacto y f\u00e1cil de usar para nuevos cazadores nocturnos.<\/p>\n<p>Si el art\u00edculo no est\u00e1 disponible, comun\u00edquese con nosotros: shop@nbg.eu o +359896147790<\/p>\n","protected":false},"featured_media":687025,"template":"","meta":{"_acf_changed":false},"product_brand":[14461],"product_cat":[2876],"product_tag":[],"class_list":{"0":"post-686986","1":"product","2":"type-product","3":"status-publish","4":"has-post-thumbnail","6":"product_brand-nocpix","7":"product_cat-rahohvatki","9":"first","10":"instock","11":"taxable","12":"shipping-taxable","13":"purchasable","14":"product-type-simple"},"acf":[],"_links":{"self":[{"href":"https:\/\/nbg.eu\/es\/wp-json\/wp\/v2\/product\/686986","targetHints":{"allow":["GET"]}}],"collection":[{"href":"https:\/\/nbg.eu\/es\/wp-json\/wp\/v2\/product"}],"about":[{"href":"https:\/\/nbg.eu\/es\/wp-json\/wp\/v2\/types\/product"}],"wp:featuredmedia":[{"embeddable":true,"href":"https:\/\/nbg.eu\/es\/wp-json\/wp\/v2\/media\/687025"}],"wp:attachment":[{"href":"https:\/\/nbg.eu\/es\/wp-json\/wp\/v2\/media?parent=686986"}],"wp:term":[{"taxonomy":"product_brand","embeddable":true,"href":"https:\/\/nbg.eu\/es\/wp-json\/wp\/v2\/product_brand?post=686986"},{"taxonomy":"product_cat","embeddable":true,"href":"https:\/\/nbg.eu\/es\/wp-json\/wp\/v2\/product_cat?post=686986"},{"taxonomy":"product_tag","embeddable":true,"href":"https:\/\/nbg.eu\/es\/wp-json\/wp\/v2\/product_tag?post=686986"}],"curies":[{"name":"wp","href":"https:\/\/api.w.org\/{rel}","templated":true}]}}