{"id":687695,"date":"2026-01-08T18:14:10","date_gmt":"2026-01-08T15:14:10","guid":{"rendered":"https:\/\/nbg.eu\/product\/monocular-termico-lumi-h35\/"},"modified":"2026-04-14T16:19:36","modified_gmt":"2026-04-14T13:19:36","slug":"monocular-termico-lumi-h35","status":"publish","type":"product","link":"https:\/\/nbg.eu\/es\/producto\/monocular-termico-lumi-h35\/","title":{"rendered":"Nocpix Monocular T\u00e9rmico LUMI H35"},"content":{"rendered":"<h2>Nocpix LUMI H35: Tu compa\u00f1ero indispensable para todas las aplicaciones<\/h2>\n<p>La serie de monoculares de imagen t\u00e9rmica LUMI est\u00e1 dise\u00f1ada para uso diurno y nocturno y te ofrece una calidad de imagen excepcional incluso en condiciones clim\u00e1ticas dif\u00edciles como niebla, smog o lluvia. Incluso si los obst\u00e1culos como ramas, hierba alta o follaje denso dificultan la visi\u00f3n, esta tecnolog\u00eda te permite ver con claridad lo que tienes delante. Adem\u00e1s, son tan compactos y ligeros que puedes llevarlos f\u00e1cilmente a cualquier lugar.<\/p>\n<p>Las c\u00e1maras t\u00e9rmicas LUMI son perfectas para una variedad de aplicaciones como caza, vigilancia, seguridad, orientaci\u00f3n en el terreno u operaciones de b\u00fasqueda y rescate.<\/p>\n<h2>Un rendimiento de imagen inigualable para im\u00e1genes muy n\u00edtidas<\/h2>\n<p>La serie LUMI marca nuevos est\u00e1ndares en cuanto a calidad de imagen. Equipada con los algoritmos de imagen m\u00e1s avanzados y un potente sensor t\u00e9rmico con NETD &lt; 18 mK, la c\u00e1mara ofrece im\u00e1genes n\u00edtidas y realistas. La pantalla AMOLED con una resoluci\u00f3n de 1024 x 768 p\u00edxeles garantiza una presentaci\u00f3n de imagen excepcional, mientras que el modo Ultra Clear optimiza a\u00fan m\u00e1s la claridad de la imagen, especialmente en condiciones clim\u00e1ticas dif\u00edciles.<\/p>\n<h2>Experiencia de visualizaci\u00f3n personalizada: personaliza tu dispositivo a la perfecci\u00f3n<\/h2>\n<p>Gracias al sensor de gran tama\u00f1o de 640 x 512 px y a las diversas opciones de ajuste, puedes adaptar el dispositivo exactamente a tus necesidades. Elige entre 5 modos de color y optimiza tu vista con 10 niveles de brillo, nitidez y contraste, para que no se pierda ning\u00fan detalle.<\/p>\n<h2>Compartir experiencias es f\u00e1cil con LUMI<\/h2>\n<p>Para el cazador moderno, capturar momentos especiales es importante. Con Nocpix LUMI H35 no solo puedes compartir tus grabaciones de forma conveniente a trav\u00e9s de la aplicaci\u00f3n, sino tambi\u00e9n reproducirlas directamente en el dispositivo, perfecto para compartir tus experiencias con otros de inmediato.<\/p>\n<h2>Uso flexible gracias al sistema de bater\u00edas reemplazables<\/h2>\n<p>La serie LUMI est\u00e1 equipada con bater\u00edas est\u00e1ndar 18650, ofreci\u00e9ndote la m\u00e1xima flexibilidad. Dondequiera que est\u00e9s, con el cargador de bater\u00edas incluido estar\u00e1s listo para la acci\u00f3n de nuevo en poco tiempo y podr\u00e1s continuar con tu misi\u00f3n.<\/p>\n","protected":false},"excerpt":{"rendered":"<p>Nocpix LUMI H35: Tu compa\u00f1ero indispensable para todas las aplicaciones. Sensor de 640 con 18 mK, pantalla AMOLED con 1024 \u00d7 768 p\u00edxeles, bater\u00eda extra\u00edble de 18650, rango de detecci\u00f3n de aproximadamente 1800 metros, dise\u00f1o compacto.<\/p>\n<p>Si el art\u00edculo no est\u00e1 disponible, comun\u00edquese con nosotros: shop@nbg.eu o +359896147790<\/p>\n","protected":false},"featured_media":687718,"template":"","meta":{"_acf_changed":false},"product_brand":[14461],"product_cat":[16101,12250],"product_tag":[],"class_list":{"0":"post-687695","1":"product","2":"type-product","3":"status-publish","4":"has-post-thumbnail","6":"product_brand-nocpix","7":"product_cat-monoculars-es","8":"product_cat-termico","10":"first","11":"instock","12":"taxable","13":"shipping-taxable","14":"purchasable","15":"product-type-simple"},"acf":[],"_links":{"self":[{"href":"https:\/\/nbg.eu\/es\/wp-json\/wp\/v2\/product\/687695","targetHints":{"allow":["GET"]}}],"collection":[{"href":"https:\/\/nbg.eu\/es\/wp-json\/wp\/v2\/product"}],"about":[{"href":"https:\/\/nbg.eu\/es\/wp-json\/wp\/v2\/types\/product"}],"wp:featuredmedia":[{"embeddable":true,"href":"https:\/\/nbg.eu\/es\/wp-json\/wp\/v2\/media\/687718"}],"wp:attachment":[{"href":"https:\/\/nbg.eu\/es\/wp-json\/wp\/v2\/media?parent=687695"}],"wp:term":[{"taxonomy":"product_brand","embeddable":true,"href":"https:\/\/nbg.eu\/es\/wp-json\/wp\/v2\/product_brand?post=687695"},{"taxonomy":"product_cat","embeddable":true,"href":"https:\/\/nbg.eu\/es\/wp-json\/wp\/v2\/product_cat?post=687695"},{"taxonomy":"product_tag","embeddable":true,"href":"https:\/\/nbg.eu\/es\/wp-json\/wp\/v2\/product_tag?post=687695"}],"curies":[{"name":"wp","href":"https:\/\/api.w.org\/{rel}","templated":true}]}}