{"id":687822,"date":"2026-01-08T18:13:58","date_gmt":"2026-01-08T15:13:58","guid":{"rendered":"https:\/\/nbg.eu\/product\/camara-termica-ace-s60r\/"},"modified":"2026-04-14T16:19:42","modified_gmt":"2026-04-14T13:19:42","slug":"camara-termica-ace-s60r","status":"publish","type":"product","link":"https:\/\/nbg.eu\/es\/producto\/camara-termica-ace-s60r\/","title":{"rendered":"Nocpix C\u00e1mara T\u00e9rmica ACE S60R"},"content":{"rendered":"<h2>Descripci\u00f3n del producto<\/h2>\n<p>El Nocpix ACE S60R es un nuevo y revolucionario instrumento dise\u00f1ado para cazadores de \u00e9lite que exigen un rendimiento m\u00e1ximo en los entornos m\u00e1s desafiantes. Con su tecnolog\u00eda de vanguardia y su construcci\u00f3n resistente, este principal visor t\u00e9rmico est\u00e1 dise\u00f1ado para ayudarte a dominar la noche y dominar a la fauna silvestre. Ya sea que est\u00e9s buscando presas a largas distancias o siguiendo objetivos de movimiento r\u00e1pido, el ACE S60R ofrece una claridad, precisi\u00f3n y confiabilidad inigualables.<\/p>\n<p>En el coraz\u00f3n de este extraordinario visor se encuentra un sensor t\u00e9rmico HD de segunda generaci\u00f3n con una impresionante resoluci\u00f3n de 1280\u00d71024 y un NETD ultra sensible de \u226415mK. Este sensor de \u00faltima generaci\u00f3n permite que el ACE S60R detecte incluso los cambios m\u00e1s leves de temperatura, proporcionando im\u00e1genes t\u00e9rmicas claras y detalladas en tiempo real. Con una velocidad de fotogramas de 50 Hz, el visor ofrece una visualizaci\u00f3n fluida que se mantiene al ritmo de tu objetivo, lo que te permite bloquear con una precisi\u00f3n inigualable.<\/p>\n<p>El Nocpix ACE S60R tambi\u00e9n cuenta con un objetivo de 60 mm\/F1.0 que recoge un 20% m\u00e1s de luz que los visores est\u00e1ndar, lo que te brinda im\u00e1genes m\u00e1s brillantes y n\u00edtidas incluso en las condiciones m\u00e1s oscuras. Su superior detecci\u00f3n a larga distancia de hasta 3100 metros te permite identificar y rastrear objetivos distantes, proporcionando una ventaja crucial para escenarios de caza y tiro a larga distancia. Combinado con el algoritmo de procesamiento de im\u00e1genes patentado Reality+ de Nocpix, el ACE S60R reduce dr\u00e1sticamente el ruido ambiente, brindando im\u00e1genes n\u00edtidas y de alto contraste en todo momento.<\/p>\n<p>Para quienes buscan a\u00fan m\u00e1s claridad visual, el ACE S60R est\u00e1 equipado con el innovador sistema Vision+. La pantalla AMOLED redonda de 1.03 pulgadas 2560\u00d72560, combinada con la mejor magnificaci\u00f3n ocular de la industria, ofrece una magnificaci\u00f3n \u00f3ptica sin igual sin el desenfoque o la distorsi\u00f3n t\u00edpicamente asociados con el zoom electr\u00f3nico. Esta tecnolog\u00eda revolucionaria asegura que disfrutes de una vista cristalina y un amplio campo de visi\u00f3n, ya sea que te est\u00e9s acercando a tu objetivo o examinando tu entorno.<\/p>\n<p>La precisi\u00f3n es clave cuando se trata de caza, y el ACE S60R no decepciona. Su Tel\u00e9metro L\u00e1ser (LRF) integrado ofrece mediciones precisas de hasta 1200 metros de distancia. El LRF est\u00e1 perfectamente integrado en el dise\u00f1o elegante, manteniendo la alineaci\u00f3n del eje \u00f3ptico verdadero mientras te permite calcular rangos precisos sin perturbar el enfoque. Y con funcionalidad de c\u00e1lculo bal\u00edstico incorporada, el ACE S60R se asegura de que tus disparos sean precisos, teniendo en cuenta todos los factores para una precisi\u00f3n impecable.<\/p>\n<p>Dise\u00f1ado pensando en los cazadores, el Nocpix ACE S60R tambi\u00e9n cuenta con un sistema de doble bater\u00eda con una bater\u00eda interna de 4000 mAh y una bater\u00eda extra\u00edble de 18650 para un uso prolongado en el campo. No m\u00e1s preocupaciones por quedarse sin energ\u00eda en medio de la cacer\u00eda: este sistema est\u00e1 dise\u00f1ado para durar tanto como tu aventura. Adem\u00e1s, funciones como apagado autom\u00e1tico de pantalla, grabaci\u00f3n de video activada por retroceso y dise\u00f1o sin tapa convierten a este visor t\u00e9rmico en un verdadero revolucionario en el campo.<\/p>\n<p>Construido para las condiciones m\u00e1s duras al aire libre, el ACE S60R est\u00e1 hecho de aleaci\u00f3n de aluminio de alta resistencia, probado rigurosamente para soportar choques extremos y uso rudo. Clasificado como IP67 para resistencia al agua, funciona a la perfecci\u00f3n bajo la lluvia, el polvo y en entornos desafiantes, asegurando que tu visor sea tan duradero como tus instintos de caza.<\/p>\n<p>El Nocpix ACE S60R es m\u00e1s que un simple visor t\u00e9rmico; es el compa\u00f1ero de caza definitivo. Con tecnolog\u00eda de vanguardia, una durabilidad excepcional y una serie de funciones avanzadas dise\u00f1adas para mejorar tu experiencia de caza, este visor redefinir\u00e1 lo que esperas de tu equipo. Prep\u00e1rate para dominar la noche.<\/p>\n","protected":false},"excerpt":{"rendered":"<p>El Alcance T\u00e9rmico Nocpix ACE S60R es una herramienta de vanguardia para cazadores de \u00e9lite, que ofrece una claridad, precisi\u00f3n y fiabilidad inigualables en los entornos m\u00e1s desafiantes. Su sensor t\u00e9rmico HD de segunda generaci\u00f3n, lente de 60 mm\/F1.0 y el avanzado sistema Vision+ ofrecen una calidad de imagen excepcional, mientras que el tel\u00e9metro l\u00e1ser integrado, el c\u00e1lculo bal\u00edstico y el sistema de doble bater\u00eda proporcionan precisi\u00f3n y uso prolongado. Fabricado en aleaci\u00f3n de aluminio resistente y con clasificaci\u00f3n IP67, el ACE S60R est\u00e1 dise\u00f1ado para soportar las condiciones m\u00e1s extremas.<\/p>\n<p>Si el art\u00edculo no est\u00e1 disponible, p\u00f3ngase en contacto con nosotros: shop@nbg.eu o +359896147790<\/p>\n","protected":false},"featured_media":687950,"template":"","meta":{"_acf_changed":false},"product_brand":[14461],"product_cat":[16102],"product_tag":[],"class_list":{"0":"post-687822","1":"product","2":"type-product","3":"status-publish","4":"has-post-thumbnail","6":"product_brand-nocpix","7":"product_cat-thermal-cameras-es","9":"first","10":"instock","11":"taxable","12":"shipping-taxable","13":"purchasable","14":"product-type-simple"},"acf":[],"_links":{"self":[{"href":"https:\/\/nbg.eu\/es\/wp-json\/wp\/v2\/product\/687822","targetHints":{"allow":["GET"]}}],"collection":[{"href":"https:\/\/nbg.eu\/es\/wp-json\/wp\/v2\/product"}],"about":[{"href":"https:\/\/nbg.eu\/es\/wp-json\/wp\/v2\/types\/product"}],"wp:featuredmedia":[{"embeddable":true,"href":"https:\/\/nbg.eu\/es\/wp-json\/wp\/v2\/media\/687950"}],"wp:attachment":[{"href":"https:\/\/nbg.eu\/es\/wp-json\/wp\/v2\/media?parent=687822"}],"wp:term":[{"taxonomy":"product_brand","embeddable":true,"href":"https:\/\/nbg.eu\/es\/wp-json\/wp\/v2\/product_brand?post=687822"},{"taxonomy":"product_cat","embeddable":true,"href":"https:\/\/nbg.eu\/es\/wp-json\/wp\/v2\/product_cat?post=687822"},{"taxonomy":"product_tag","embeddable":true,"href":"https:\/\/nbg.eu\/es\/wp-json\/wp\/v2\/product_tag?post=687822"}],"curies":[{"name":"wp","href":"https:\/\/api.w.org\/{rel}","templated":true}]}}