{"id":688040,"date":"2025-10-17T23:10:38","date_gmt":"2025-10-17T20:10:38","guid":{"rendered":"https:\/\/nbg.eu\/product\/pistola-semiautomatica-kmr-w-02-spectra-s-cal-9h19\/"},"modified":"2026-04-16T19:05:06","modified_gmt":"2026-04-16T16:05:06","slug":"pistola-semiautomatica-kmr-w-02-spectra-s-cal-9h19","status":"publish","type":"product","link":"https:\/\/nbg.eu\/es\/producto\/pistola-semiautomatica-kmr-w-02-spectra-s-cal-9h19\/","title":{"rendered":"KMR Pistola Semiautom\u00e1tica W-02 SPECTRA S"},"content":{"rendered":"<h2>Pistola Semiautom\u00e1tica KMR W-02 SPECTRA S OR &#8211; Calibre 9&#215;19<\/h2>\n<p>Velocidad combinada con compactaci\u00f3n. La pistola KMR W-02 SPECTRA S OR tiene un dise\u00f1o m\u00e1s compacto con un agarre reducido. Al igual que con nuestros otros modelos, puede esperar una alta precisi\u00f3n y un funcionamiento suave y fluido con esta pistola. La pistola est\u00e1 equipada con el sistema de estabilizaci\u00f3n del ca\u00f1\u00f3n BRS, accesorios KMR, mira trasera totalmente ajustable, martillo de competici\u00f3n e interfaz lista para \u00f3ptica.<\/p>\n<p>Caracter\u00edsticas:<\/p>\n<ul>\n<li>Ca\u00f1\u00f3n estriado de 5&#8243; y de acero nitrurado<\/li>\n<li>Sistema BRS (Barrel Ring System) &#8211; Sistema de estabilizaci\u00f3n del ca\u00f1\u00f3n en la corredera<\/li>\n<li>Armaz\u00f3n y corredera de acero, mecanizados CNC a partir de un bloque s\u00f3lido<\/li>\n<li>Armaz\u00f3n y corredera nitrurados &#8211; negro<\/li>\n<li>Armaz\u00f3n reducido en la zona del agarre<\/li>\n<li>Interfaz lista para \u00f3ptica (OR)<\/li>\n<li>Mira delantera de fibra \u00f3ptica (1 mm)<\/li>\n<li>Mira trasera OR totalmente ajustable<\/li>\n<li>Mecanismo de gatillo SA\/DA<\/li>\n<li>Gatillo de acero estriado SA\/DA con sobrerecorrido ajustable &#8211; negro<\/li>\n<li>Recorrido corto<\/li>\n<li>Martillo de competici\u00f3n SA\/DA<\/li>\n<li>Seguro manual izquierdo extendido<\/li>\n<li>Seguro manual derecho plano<\/li>\n<li>Empu\u00f1aduras de duraluminio WAVES &#8211; Rojo oscuro<\/li>\n<li>Bot\u00f3n de liberaci\u00f3n del cargador de duraluminio ajustable &#8211; negro<\/li>\n<li>Cargador 9&#215;19, 9&#215;21 con capacidad de 17 cartuchos<\/li>\n<li>Cargadores &#8211; 3x<\/li>\n<li>Estuche de pistola KMR, kit de limpieza, aceite KMR, herramienta de montaje del ca\u00f1\u00f3n, muelle principal de 14 libras, muelles de retroceso de 11 libras y 13 libras, juego de amortiguadores, llaves hexagonales, fijador de roscas, tarjeta de garant\u00eda, manual del usuario<\/li>\n<\/ul>\n<p>Especificaciones:<\/p>\n<ul>\n<li>Calibre: 9&#215;19, 9&#215;21<\/li>\n<li>Longitud total: 220 mm \/ 8,7 pulgadas<\/li>\n<li>Longitud de la corredera: 194 mm \/ 7,6 pulgadas<\/li>\n<li>Anchura total: 39 mm \/ 1,5 pulgadas<\/li>\n<li>Anchura de la corredera: 26 mm \/ 1 pulgada<\/li>\n<li>Altura total: 146 mm \/ 5,7 pulgadas<\/li>\n<li>L\u00ednea de miras: 177 mm \/ 7 pulgadas<\/li>\n<li>Longitud del ca\u00f1\u00f3n: 127 mm \/ 5 pulgadas<\/li>\n<li>Capacidad del cargador: 17<\/li>\n<li>Mecanismo de gatillo: SA\/DA<\/li>\n<li>Recorrido del gatillo: 17,5 N \/ 45 N<\/li>\n<li>Muelle de retroceso: 12 libras<\/li>\n<li>Muelle principal: 17 libras<\/li>\n<li>Peso (sin cargador): 1230 g \/ 43,4 onzas<\/li>\n<li>Peso (con cargador vac\u00edo): 1320 g \/ 46,6 onzas<\/li>\n<\/ul>\n","protected":false},"excerpt":{"rendered":"<p>Velocidad combinada con compacidad. El KMR W-02 SPECTRA S OR es una pistola con un dise\u00f1o m\u00e1s compacto con un agarre reducido. Al igual que con nuestros otros modelos, puede esperar una alta precisi\u00f3n y un funcionamiento suave y fluido con esta pistola. La pistola est\u00e1 equipada con el sistema de estabilizaci\u00f3n del ca\u00f1\u00f3n BRS, accesorios KMR, alza trasera totalmente ajustable, martillo de competici\u00f3n e interfaz lista para \u00f3ptica.<\/p>\n","protected":false},"featured_media":688062,"template":"","meta":{"_acf_changed":false},"product_brand":[11503],"product_cat":[12278],"product_tag":[],"class_list":{"0":"post-688040","1":"product","2":"type-product","3":"status-publish","4":"has-post-thumbnail","6":"product_brand-kmr-precision","7":"product_cat-pistolas","9":"first","10":"instock","11":"taxable","12":"shipping-taxable","13":"purchasable","14":"product-type-simple"},"acf":[],"_links":{"self":[{"href":"https:\/\/nbg.eu\/es\/wp-json\/wp\/v2\/product\/688040","targetHints":{"allow":["GET"]}}],"collection":[{"href":"https:\/\/nbg.eu\/es\/wp-json\/wp\/v2\/product"}],"about":[{"href":"https:\/\/nbg.eu\/es\/wp-json\/wp\/v2\/types\/product"}],"wp:featuredmedia":[{"embeddable":true,"href":"https:\/\/nbg.eu\/es\/wp-json\/wp\/v2\/media\/688062"}],"wp:attachment":[{"href":"https:\/\/nbg.eu\/es\/wp-json\/wp\/v2\/media?parent=688040"}],"wp:term":[{"taxonomy":"product_brand","embeddable":true,"href":"https:\/\/nbg.eu\/es\/wp-json\/wp\/v2\/product_brand?post=688040"},{"taxonomy":"product_cat","embeddable":true,"href":"https:\/\/nbg.eu\/es\/wp-json\/wp\/v2\/product_cat?post=688040"},{"taxonomy":"product_tag","embeddable":true,"href":"https:\/\/nbg.eu\/es\/wp-json\/wp\/v2\/product_tag?post=688040"}],"curies":[{"name":"wp","href":"https:\/\/api.w.org\/{rel}","templated":true}]}}