{"id":688147,"date":"2025-10-17T23:30:59","date_gmt":"2025-10-17T20:30:59","guid":{"rendered":"https:\/\/nbg.eu\/product\/pistola-semiautomatica-kmr-umbra-w-02-cal-9x19-canon-roscado\/"},"modified":"2026-04-16T19:05:02","modified_gmt":"2026-04-16T16:05:02","slug":"pistola-semiautomatica-kmr-umbra-w-02-cal-9x19-canon-roscado","status":"publish","type":"product","link":"https:\/\/nbg.eu\/es\/producto\/pistola-semiautomatica-kmr-umbra-w-02-cal-9x19-canon-roscado\/","title":{"rendered":"KMR Pistola Semiautom\u00e1tica W-02 UMBRA con Ca\u00f1\u00f3n Roscado"},"content":{"rendered":"<h2>KMR W-02 UMBRA OR &#8211; Potente y compacta pistola para tiro competitivo<\/h2>\n<p>Con esta pistola compacta no te perder\u00e1s en la competencia, al contrario, puedes sorprender.<\/p>\n<p>La pistola est\u00e1 equipada con accesorios KMR y el sistema de estabilizaci\u00f3n del ca\u00f1\u00f3n BRS, lo que significa dar en el blanco.<\/p>\n<p>Este modelo no es solo para tiro deportivo, sino para todo tirador apasionado.<\/p>\n<h2>Caracter\u00edsticas clave<\/h2>\n<ul>\n<li>Ca\u00f1\u00f3n estriado de 4,5&#8243; y pesado, nitrurado<\/li>\n<li>BRS &#8211; Sistema de anillo del ca\u00f1\u00f3n &#8211; Sistema de estabilizaci\u00f3n del ca\u00f1\u00f3n en la corredera<\/li>\n<li>Armaz\u00f3n y corredera de acero, mecanizados CNC a partir de un blanco s\u00f3lido<\/li>\n<li>Armaz\u00f3n y corredera nitrurados &#8211; negros<\/li>\n<li>Interfaz lista para \u00f3ptica (OR)<\/li>\n<li>Mira delantera de fibra \u00f3ptica (1 mm)<\/li>\n<li>Mira trasera OR completamente ajustable<\/li>\n<li>Mecanismo de gatillo SA\/DA<\/li>\n<li>Gatillo estriado de acero SA\/DA con sobre-recorrido ajustable &#8211; negro<\/li>\n<li>Recorrido corto<\/li>\n<li>Martillo de competici\u00f3n SA\/DA<\/li>\n<li>Seguro manual extendido a la izquierda<\/li>\n<li>Seguro manual plano a la derecha<\/li>\n<li>Empu\u00f1aduras de duraluminio WAVES &#8211; negras<\/li>\n<li>Bot\u00f3n de liberaci\u00f3n del cargador de duraluminio ajustable &#8211; negro<\/li>\n<li>Cargador de 9&#215;19, 9&#215;21 con capacidad de 17 cartuchos<\/li>\n<\/ul>\n<h2>Qu\u00e9 se incluye<\/h2>\n<ul>\n<li>Pistola KMR W-02 UMBRA OR<\/li>\n<li>3 cargadores<\/li>\n<li>Kit de limpieza<\/li>\n<li>Aceite KMR<\/li>\n<li>Herramienta de montaje del ca\u00f1\u00f3n<\/li>\n<li>Resorte principal de 14 libras<\/li>\n<li>Resorte de retroceso de 11 y 13 libras<\/li>\n<li>Juego de amortiguadores<\/li>\n<li>Llaves hexagonales<\/li>\n<li>Fijador de roscas<\/li>\n<li>Tarjeta de garant\u00eda<\/li>\n<li>Manual del usuario<\/li>\n<li>Juego de pegatinas publicitarias de KMR Precision Arms<\/li>\n<\/ul>\n<h2>Especificaciones<\/h2>\n<ul>\n<li>Calibre: 9&#215;19, 9&#215;21<\/li>\n<li>Longitud total: 208 mm \/ 8,2 pulg<\/li>\n<li>Longitud de la corredera: 181 mm \/ 7 pulg<\/li>\n<li>Ancho total: 39 mm \/ 1,5 pulg<\/li>\n<li>Ancho de la corredera: 26 mm \/ 1 pulg<\/li>\n<li>Altura total: 143 mm \/ 5,6 pulg<\/li>\n<li>L\u00ednea de mira: 164 mm \/ 6,5 pulg<\/li>\n<li>Longitud del ca\u00f1\u00f3n: 114 mm \/ 4,5 pulg<\/li>\n<li>Capacidad del cargador: 17<\/li>\n<li>Mecanismo de gatillo: SA \/ DA<\/li>\n<li>Fuerza de disparo: 17,5 N \/ 45 N<\/li>\n<li>Resorte de retroceso: 12 libras<\/li>\n<li>Resorte principal: 17 libras<\/li>\n<li>Peso (sin cargador): 1180 g \/ 41,6 oz<\/li>\n<li>Peso (con cargador vac\u00edo): 1270 g \/ 44,8 oz<\/li>\n<\/ul>\n","protected":false},"excerpt":{"rendered":"<p>Peque\u00f1a y compacta, sin embargo, poderosa pistola KMR W-02 UMBRA OR 9&#215;19 con ca\u00f1\u00f3n roscado y estabilizaci\u00f3n de ca\u00f1\u00f3n BRS.<\/p>\n","protected":false},"featured_media":0,"template":"","meta":{"_acf_changed":false},"product_brand":[],"product_cat":[12295],"product_tag":[],"class_list":{"0":"post-688147","1":"product","2":"type-product","3":"status-publish","5":"product_cat-sin-categoria","7":"first","8":"instock","9":"taxable","10":"shipping-taxable","11":"purchasable","12":"product-type-simple"},"acf":[],"_links":{"self":[{"href":"https:\/\/nbg.eu\/es\/wp-json\/wp\/v2\/product\/688147","targetHints":{"allow":["GET"]}}],"collection":[{"href":"https:\/\/nbg.eu\/es\/wp-json\/wp\/v2\/product"}],"about":[{"href":"https:\/\/nbg.eu\/es\/wp-json\/wp\/v2\/types\/product"}],"wp:attachment":[{"href":"https:\/\/nbg.eu\/es\/wp-json\/wp\/v2\/media?parent=688147"}],"wp:term":[{"taxonomy":"product_brand","embeddable":true,"href":"https:\/\/nbg.eu\/es\/wp-json\/wp\/v2\/product_brand?post=688147"},{"taxonomy":"product_cat","embeddable":true,"href":"https:\/\/nbg.eu\/es\/wp-json\/wp\/v2\/product_cat?post=688147"},{"taxonomy":"product_tag","embeddable":true,"href":"https:\/\/nbg.eu\/es\/wp-json\/wp\/v2\/product_tag?post=688147"}],"curies":[{"name":"wp","href":"https:\/\/api.w.org\/{rel}","templated":true}]}}