{"id":688786,"date":"2025-12-22T15:23:07","date_gmt":"2025-12-22T12:23:07","guid":{"rendered":"https:\/\/nbg.eu\/product\/hyllus-duffel-military-green-65-litros\/"},"modified":"2026-04-15T14:45:01","modified_gmt":"2026-04-15T11:45:01","slug":"hyllus-duffel-military-green-65-litros","status":"publish","type":"product","link":"https:\/\/nbg.eu\/es\/producto\/hyllus-duffel-military-green-65-litros\/","title":{"rendered":"Eberlestock Bolsa de Viaje Hyllus &#8211; 65 Litros"},"content":{"rendered":"<h2>Hyllus Duffel &#8211; 65 Litros<\/h2>\n<p>El Hyllus Duffel es una bolsa de lona resistente al agua y ultra duradera, perfecta para consolidar el equipo en la camioneta o en el compartimiento superior. El piso y las paredes laterales cuentan con un revestimiento de Nylon de 1000D TPU y la parte superior es de Nylon ripstop revestido de 500D TPU.<\/p>\n<p>Los bolsillos con cierre interno y externo facilitan la organizaci\u00f3n y la seguridad de los peque\u00f1os art\u00edculos, mientras que una gran apertura al compartimento principal permite un almacenamiento r\u00e1pido de ropa y art\u00edculos grandes. El Hyllus cuenta con una correa de cinta para asegurarlo f\u00e1cilmente a un asa de equipaje telesc\u00f3pica.<\/p>\n<h2>Dimensiones<\/h2>\n<p>Volumen de 65 L: 3966 pulgadas c\u00fabicas<br \/>\nPeso de 65 L: 2.5 libras<br \/>\nDimensiones de 65 L: 11 alto x 27 largo x 13 ancho<\/p>\n<h2>Caracter\u00edsticas<\/h2>\n<p>Construcci\u00f3n resistente al agua<br \/>\nGran compartimento principal con bolsillos internos con cierre<br \/>\nBolsillos exteriores con cierre en ambos lados y en la parte frontal<br \/>\nCorreas de transporte de la bolsa de lona<\/p>\n","protected":false},"excerpt":{"rendered":"<p>El Hyllus Duffel- 65 Litros es una bolsa de lona resistente al agua y ultra duradera con un volumen de 3966ci y un peso de 2.5Lb.<\/p>\n","protected":false},"featured_media":688860,"template":"","meta":{"_acf_changed":false},"product_brand":[15159],"product_cat":[12219],"product_tag":[],"class_list":{"0":"post-688786","1":"product","2":"type-product","3":"status-publish","4":"has-post-thumbnail","6":"product_brand-eberlestock","7":"product_cat-bolsas-de-tiro","9":"first","10":"instock","11":"taxable","12":"shipping-taxable","13":"purchasable","14":"product-type-variable","15":"wvs-archive-product-wrapper"},"acf":[],"_links":{"self":[{"href":"https:\/\/nbg.eu\/es\/wp-json\/wp\/v2\/product\/688786","targetHints":{"allow":["GET"]}}],"collection":[{"href":"https:\/\/nbg.eu\/es\/wp-json\/wp\/v2\/product"}],"about":[{"href":"https:\/\/nbg.eu\/es\/wp-json\/wp\/v2\/types\/product"}],"wp:featuredmedia":[{"embeddable":true,"href":"https:\/\/nbg.eu\/es\/wp-json\/wp\/v2\/media\/688860"}],"wp:attachment":[{"href":"https:\/\/nbg.eu\/es\/wp-json\/wp\/v2\/media?parent=688786"}],"wp:term":[{"taxonomy":"product_brand","embeddable":true,"href":"https:\/\/nbg.eu\/es\/wp-json\/wp\/v2\/product_brand?post=688786"},{"taxonomy":"product_cat","embeddable":true,"href":"https:\/\/nbg.eu\/es\/wp-json\/wp\/v2\/product_cat?post=688786"},{"taxonomy":"product_tag","embeddable":true,"href":"https:\/\/nbg.eu\/es\/wp-json\/wp\/v2\/product_tag?post=688786"}],"curies":[{"name":"wp","href":"https:\/\/api.w.org\/{rel}","templated":true}]}}