{"id":688906,"date":"2025-12-22T15:33:09","date_gmt":"2025-12-22T12:33:09","guid":{"rendered":"https:\/\/nbg.eu\/product\/hyllus-duffel-militar-verde-45-litros\/"},"modified":"2026-04-15T14:44:58","modified_gmt":"2026-04-15T11:44:58","slug":"hyllus-duffel-militar-verde-45-litros","status":"publish","type":"product","link":"https:\/\/nbg.eu\/es\/producto\/hyllus-duffel-militar-verde-45-litros\/","title":{"rendered":"Eberlestock Bolsa de Viaje Hyllus &#8211; 45 Litros"},"content":{"rendered":"<h2>Hyllus Duffel- 45 Litros<\/h2>\n<p>El Hyllus Duffel es una bolsa de duffel resistente al agua y ultra duradera, perfecta para consolidar el equipo en la camioneta o en el compartimento superior. El piso y las paredes laterales cuentan con nailon recubierto de TPU de 1000D y la parte superior es nailon ripstop recubierto de TPU de 500D.<\/p>\n<p>Los bolsillos con cremallera internos y externos facilitan la organizaci\u00f3n de los art\u00edculos peque\u00f1os y los aseguran, mientras que una gran abertura al compartimiento principal permite el almacenamiento r\u00e1pido de ropa y art\u00edculos grandes. El Hyllus cuenta con una correa de cinta para sujetarlo convenientemente al asa telesc\u00f3pica de equipaje.<\/p>\n<h2>Dimensiones<\/h2>\n<p>Volumen de 45 L: 2746 pulgadas c\u00fabicas<br \/>\nPeso de 45 L: 2 libras<br \/>\nDimensiones de 45 L: 10 Alto x 22 Largo x 12 Ancho<\/p>\n<h2>Caracter\u00edsticas<\/h2>\n<ul>\n<li>Construcci\u00f3n resistente al agua<\/li>\n<li>Compartimento principal grande con bolsillos de organizaci\u00f3n interiores con cremallera<\/li>\n<li>Bolsillos externos con cremallera en ambos lados y en la parte delantera<\/li>\n<li>Correas de transporte de duffel<\/li>\n<\/ul>\n","protected":false},"excerpt":{"rendered":"<p>La Bolsa Duffel Hyllus es una bolsa de 45L resistente al agua y ultra duradera, perfecta para equipos en la camioneta o el compartimento superior.<\/p>\n","protected":false},"featured_media":705361,"template":"","meta":{"_acf_changed":false},"product_brand":[15159],"product_cat":[12219],"product_tag":[],"class_list":{"0":"post-688906","1":"product","2":"type-product","3":"status-publish","4":"has-post-thumbnail","6":"product_brand-eberlestock","7":"product_cat-bolsas-de-tiro","9":"first","10":"instock","11":"taxable","12":"shipping-taxable","13":"purchasable","14":"product-type-variable","15":"wvs-archive-product-wrapper"},"acf":[],"_links":{"self":[{"href":"https:\/\/nbg.eu\/es\/wp-json\/wp\/v2\/product\/688906","targetHints":{"allow":["GET"]}}],"collection":[{"href":"https:\/\/nbg.eu\/es\/wp-json\/wp\/v2\/product"}],"about":[{"href":"https:\/\/nbg.eu\/es\/wp-json\/wp\/v2\/types\/product"}],"wp:featuredmedia":[{"embeddable":true,"href":"https:\/\/nbg.eu\/es\/wp-json\/wp\/v2\/media\/705361"}],"wp:attachment":[{"href":"https:\/\/nbg.eu\/es\/wp-json\/wp\/v2\/media?parent=688906"}],"wp:term":[{"taxonomy":"product_brand","embeddable":true,"href":"https:\/\/nbg.eu\/es\/wp-json\/wp\/v2\/product_brand?post=688906"},{"taxonomy":"product_cat","embeddable":true,"href":"https:\/\/nbg.eu\/es\/wp-json\/wp\/v2\/product_cat?post=688906"},{"taxonomy":"product_tag","embeddable":true,"href":"https:\/\/nbg.eu\/es\/wp-json\/wp\/v2\/product_tag?post=688906"}],"curies":[{"name":"wp","href":"https:\/\/api.w.org\/{rel}","templated":true}]}}