{"id":689007,"date":"2024-08-16T23:15:24","date_gmt":"2024-08-16T20:15:24","guid":{"rendered":"https:\/\/nbg.eu\/product\/buffer-wide-set-kmr\/"},"modified":"2026-05-13T15:10:41","modified_gmt":"2026-05-13T12:10:41","slug":"buffer-wide-set-kmr","status":"publish","type":"product","link":"https:\/\/nbg.eu\/es\/producto\/buffer-wide-set-kmr\/","title":{"rendered":"KMR Juego de Amortiguadores Anchos"},"content":{"rendered":"<h2>BUFFER WIDE &#8211; JUEGO KMR<\/h2>\n<p>Mejore el rendimiento de su pistola KMR con el BUFFER WIDE &#8211; JUEGO KMR, un sistema de amortiguaci\u00f3n de retroceso de primera calidad dise\u00f1ado para mejorar el control y la precisi\u00f3n. Fabricados con materiales de alta calidad, estos amortiguadores trabajan en conjunto para reducir la sensaci\u00f3n de retroceso, protegiendo el marco del impacto del cerrojo y permitiendo un ajuste fino de la velocidad de ciclo de su arma de fuego.<\/p>\n<p>Con su dise\u00f1o \u00fanico y ancho, el BUFFER WIDE &#8211; JUEGO KMR ofrece una absorci\u00f3n de energ\u00eda superior, amortiguando de manera eficaz la fuerza de retroceso de cada disparo. Esto se traduce en una reacquisici\u00f3n de objetivo m\u00e1s r\u00e1pida, una mejor colocaci\u00f3n de los siguientes disparos y un desgaste y deterioro reducidos en los componentes cr\u00edticos.<\/p>\n<p>Personalice el rendimiento de su KMR con la selecci\u00f3n de pesos de amortiguaci\u00f3n incluida, lo que le permitir\u00e1 ajustar la velocidad de ciclo para que coincida con su munici\u00f3n y su estilo de tiro. Ya sea que usted sea un tirador de acci\u00f3n en busca de una ventaja competitiva o un aficionado recreativo que busca maximizar el potencial de su KMR, el BUFFER WIDE &#8211; JUEGO KMR es la actualizaci\u00f3n ideal para elevar su experiencia.<\/p>\n<p>Mejore el rendimiento de su pistola KMR con el BUFFER WIDE &#8211; JUEGO KMR, la soluci\u00f3n definitiva de gesti\u00f3n del retroceso para tiradores competitivos y propietarios exigentes.<\/p>\n","protected":false},"excerpt":{"rendered":"<p>Amortiguadores maquinados con precisi\u00f3n para pistolas KMR, reduciendo el retroceso percibido y ajustando finamente la velocidad de ciclo.<\/p>\n","protected":false},"featured_media":23651,"template":"","meta":{"_acf_changed":false},"product_brand":[11503],"product_cat":[12229],"product_tag":[],"class_list":{"0":"post-689007","1":"product","2":"type-product","3":"status-publish","4":"has-post-thumbnail","6":"product_brand-kmr-precision","7":"product_cat-piezas-kmr","9":"first","10":"instock","11":"taxable","12":"shipping-taxable","13":"product-type-simple"},"acf":[],"_links":{"self":[{"href":"https:\/\/nbg.eu\/es\/wp-json\/wp\/v2\/product\/689007","targetHints":{"allow":["GET"]}}],"collection":[{"href":"https:\/\/nbg.eu\/es\/wp-json\/wp\/v2\/product"}],"about":[{"href":"https:\/\/nbg.eu\/es\/wp-json\/wp\/v2\/types\/product"}],"wp:featuredmedia":[{"embeddable":true,"href":"https:\/\/nbg.eu\/es\/wp-json\/wp\/v2\/media\/23651"}],"wp:attachment":[{"href":"https:\/\/nbg.eu\/es\/wp-json\/wp\/v2\/media?parent=689007"}],"wp:term":[{"taxonomy":"product_brand","embeddable":true,"href":"https:\/\/nbg.eu\/es\/wp-json\/wp\/v2\/product_brand?post=689007"},{"taxonomy":"product_cat","embeddable":true,"href":"https:\/\/nbg.eu\/es\/wp-json\/wp\/v2\/product_cat?post=689007"},{"taxonomy":"product_tag","embeddable":true,"href":"https:\/\/nbg.eu\/es\/wp-json\/wp\/v2\/product_tag?post=689007"}],"curies":[{"name":"wp","href":"https:\/\/api.w.org\/{rel}","templated":true}]}}