{"id":689224,"date":"2024-08-18T11:35:41","date_gmt":"2024-08-18T08:35:41","guid":{"rendered":"https:\/\/nbg.eu\/product\/ejector-sa-da-kmr\/"},"modified":"2026-05-13T15:09:48","modified_gmt":"2026-05-13T12:09:48","slug":"ejector-sa-da-kmr","status":"publish","type":"product","link":"https:\/\/nbg.eu\/es\/producto\/ejector-sa-da-kmr\/","title":{"rendered":"KMR Eyector SA\/DA"},"content":{"rendered":"<h2>Eyector SA\/DA KMR para Armas KMR<\/h2>\n<p>El Eyector SA\/DA KMR es un accesorio vers\u00e1til y confiable dise\u00f1ado para su uso con varios modelos de Armas KMR. Cuenta con un mecanismo de acci\u00f3n simple (SA) y doble acci\u00f3n (DA), lo que proporciona a los usuarios una mayor flexibilidad y control durante el funcionamiento. Compatible con los siguientes modelos:<\/p>\n<ul>\n<li>KMR L-02 EMIQ<\/li>\n<li>KMR L-02 EMIQ (OR)<\/li>\n<li>KMR L-02 ORCA A PARTIR DE 2024<\/li>\n<li>KMR L-02 ORCA HASTA 2023<\/li>\n<li>KMR L-02 SPECTRA A PARTIR DE 2024<\/li>\n<li>KMR L-02 SPECTRA HASTA 2023<\/li>\n<li>KMR L-02 UMBRA (OR) SR<\/li>\n<li>KMR W-02 CUDA (OR)<\/li>\n<li>KMR W-02 UMBRA<\/li>\n<li>KMR W-02 UMBRA (OR)<\/li>\n<\/ul>\n<p>N\u00famero de referencia 1060-00701-0401<\/p>\n","protected":false},"excerpt":{"rendered":"<p>Accesorio de arma confiable y vers\u00e1til SA\/DA KMR para KMR.<\/p>\n","protected":false},"featured_media":25695,"template":"","meta":{"_acf_changed":false},"product_brand":[11503],"product_cat":[12229],"product_tag":[],"class_list":{"0":"post-689224","1":"product","2":"type-product","3":"status-publish","4":"has-post-thumbnail","6":"product_brand-kmr-precision","7":"product_cat-piezas-kmr","9":"first","10":"instock","11":"taxable","12":"shipping-taxable","13":"product-type-simple"},"acf":[],"_links":{"self":[{"href":"https:\/\/nbg.eu\/es\/wp-json\/wp\/v2\/product\/689224","targetHints":{"allow":["GET"]}}],"collection":[{"href":"https:\/\/nbg.eu\/es\/wp-json\/wp\/v2\/product"}],"about":[{"href":"https:\/\/nbg.eu\/es\/wp-json\/wp\/v2\/types\/product"}],"wp:featuredmedia":[{"embeddable":true,"href":"https:\/\/nbg.eu\/es\/wp-json\/wp\/v2\/media\/25695"}],"wp:attachment":[{"href":"https:\/\/nbg.eu\/es\/wp-json\/wp\/v2\/media?parent=689224"}],"wp:term":[{"taxonomy":"product_brand","embeddable":true,"href":"https:\/\/nbg.eu\/es\/wp-json\/wp\/v2\/product_brand?post=689224"},{"taxonomy":"product_cat","embeddable":true,"href":"https:\/\/nbg.eu\/es\/wp-json\/wp\/v2\/product_cat?post=689224"},{"taxonomy":"product_tag","embeddable":true,"href":"https:\/\/nbg.eu\/es\/wp-json\/wp\/v2\/product_tag?post=689224"}],"curies":[{"name":"wp","href":"https:\/\/api.w.org\/{rel}","templated":true}]}}