{"id":689286,"date":"2024-09-17T07:54:09","date_gmt":"2024-09-17T04:54:09","guid":{"rendered":"https:\/\/nbg.eu\/product\/extractor-40-sw-kmr\/"},"modified":"2026-02-27T15:50:31","modified_gmt":"2026-02-27T12:50:31","slug":"extractor-40-sw-kmr","status":"publish","type":"product","link":"https:\/\/nbg.eu\/es\/producto\/extractor-40-sw-kmr\/","title":{"rendered":"Extractor 40 S&amp;W KMR"},"content":{"rendered":"<h2>KMR Precision Extractor \u2013 .40 S&amp;W<\/h2>\n<p>Asegura que tu pistola KMR funcione con total autoridad con este extractor dedicado al .40 S&amp;W. Dise\u00f1ado para las mayores presiones y la geometr\u00eda espec\u00edfica del cartucho .40, este componente es la clave para mantener un arma de fuego confiable.<\/p>\n<h3>Excelencia T\u00e9cnica:<\/h3>\n<ul>\n<li><strong>Dise\u00f1o Espec\u00edfico para el Calibre:<\/strong> A diferencia de las piezas universales, este extractor est\u00e1 mecanizado con precisi\u00f3n para coincidir con el aro de la vaina del .40 S&amp;W, lo que permite tolerancias m\u00e1s ajustadas y una extracci\u00f3n m\u00e1s positiva.<\/li>\n<li><strong>Mayor Durabilidad:<\/strong> Fabricado con una aleaci\u00f3n de acero endurecido para soportar las mayores velocidades del cerrojo y las fuerzas de retroceso asociadas al calibre .40 S&amp;W.<\/li>\n<li><strong>Funcionamiento sin Enganches:<\/strong> Cuenta con un acabado resistente a la corrosi\u00f3n que reduce la fricci\u00f3n y evita que la acumulaci\u00f3n de carb\u00f3n interfiera con el gancho de extracci\u00f3n.<\/li>\n<li><strong>Ajuste Perfecto:<\/strong> Dise\u00f1ado para una integraci\u00f3n perfecta con los conjuntos de corredera de KMR, manteniendo la tensi\u00f3n precisa requerida para un uso profesional.<\/li>\n<\/ul>\n<p>El extractor es un elemento cr\u00edtico de desgaste. Al actualizar a esta pieza original de KMR, eliminas los posibles problemas de funcionamiento y aseguras que tu pistola est\u00e9 lista para las exigencias de la competencia IPSC\/USPSA o el uso en servicio.<\/p>\n","protected":false},"excerpt":{"rendered":"<p>1080-00302-0400<\/p>\n","protected":false},"featured_media":25718,"template":"","meta":{"_acf_changed":false},"product_brand":[11503],"product_cat":[12229],"product_tag":[],"class_list":{"0":"post-689286","1":"product","2":"type-product","3":"status-publish","4":"has-post-thumbnail","6":"product_brand-kmr-precision","7":"product_cat-piezas-kmr","9":"first","10":"instock","11":"taxable","12":"shipping-taxable","13":"product-type-simple"},"acf":[],"_links":{"self":[{"href":"https:\/\/nbg.eu\/es\/wp-json\/wp\/v2\/product\/689286","targetHints":{"allow":["GET"]}}],"collection":[{"href":"https:\/\/nbg.eu\/es\/wp-json\/wp\/v2\/product"}],"about":[{"href":"https:\/\/nbg.eu\/es\/wp-json\/wp\/v2\/types\/product"}],"wp:featuredmedia":[{"embeddable":true,"href":"https:\/\/nbg.eu\/es\/wp-json\/wp\/v2\/media\/25718"}],"wp:attachment":[{"href":"https:\/\/nbg.eu\/es\/wp-json\/wp\/v2\/media?parent=689286"}],"wp:term":[{"taxonomy":"product_brand","embeddable":true,"href":"https:\/\/nbg.eu\/es\/wp-json\/wp\/v2\/product_brand?post=689286"},{"taxonomy":"product_cat","embeddable":true,"href":"https:\/\/nbg.eu\/es\/wp-json\/wp\/v2\/product_cat?post=689286"},{"taxonomy":"product_tag","embeddable":true,"href":"https:\/\/nbg.eu\/es\/wp-json\/wp\/v2\/product_tag?post=689286"}],"curies":[{"name":"wp","href":"https:\/\/api.w.org\/{rel}","templated":true}]}}