{"id":689430,"date":"2024-09-18T13:09:26","date_gmt":"2024-09-18T10:09:26","guid":{"rendered":"https:\/\/nbg.eu\/product\/extractor-spring-or-kmr\/"},"modified":"2026-05-13T16:02:17","modified_gmt":"2026-05-13T13:02:17","slug":"extractor-spring-or-kmr","status":"publish","type":"product","link":"https:\/\/nbg.eu\/es\/producto\/extractor-spring-or-kmr\/","title":{"rendered":"KMR Muelle del Extractor OR"},"content":{"rendered":"<h2>EXTRACTOR SPRING OR KMR<\/h2>\n<p>Fabricado con materiales de alta calidad y dise\u00f1ado para soportar las exigencias del uso intensivo, este resorte proporciona la tensi\u00f3n y capacidad de respuesta necesarias para mantener el mecanismo del extractor de tu arma funcionando sin problemas. Ya sea que participes en eventos de tiro competitivo, participes en entrenamientos t\u00e1cticos o conf\u00edes en tu KMR para la defensa personal, este resorte de repuesto asegura un funcionamiento fluido y confiable, una y otra vez.<\/p>\n<p>Actualizar o reemplazar tu resorte es un proceso simple y directo, lo que te permite mantener el m\u00e1ximo rendimiento de tu KMR y extender su vida \u00fatil. Con su ajuste preciso y f\u00e1cil instalaci\u00f3n, puedes tener tu arma de vuelta en acci\u00f3n con un tiempo de inactividad m\u00ednimo, asegur\u00e1ndote de estar siempre listo para el pr\u00f3ximo desaf\u00edo.<\/p>\n<p>Para armas KMR:<\/p>\n<p>KMR L-02 EMIQ (OR)<\/p>\n<p>KMR L-02 SPECTRA DESDE 2024<\/p>\n<p>KMR L-02 SPECTRA HASTA 2023<\/p>\n<p>KMR L-02 UMBRA (OR) SR<\/p>\n<p>KMR W-02 CUDA (OR)<\/p>\n<p>KMR W-02 UMBRA (OR)<\/p>\n","protected":false},"excerpt":{"rendered":"<p>Resorte extractor de repuesto para armas KMR L-02 y KMR W-02.<\/p>\n","protected":false},"featured_media":24789,"template":"","meta":{"_acf_changed":false},"product_brand":[11503],"product_cat":[12229,12247],"product_tag":[],"class_list":{"0":"post-689430","1":"product","2":"type-product","3":"status-publish","4":"has-post-thumbnail","6":"product_brand-kmr-precision","7":"product_cat-piezas-kmr","8":"product_cat-resortes","10":"first","11":"instock","12":"taxable","13":"shipping-taxable","14":"product-type-simple"},"acf":[],"_links":{"self":[{"href":"https:\/\/nbg.eu\/es\/wp-json\/wp\/v2\/product\/689430","targetHints":{"allow":["GET"]}}],"collection":[{"href":"https:\/\/nbg.eu\/es\/wp-json\/wp\/v2\/product"}],"about":[{"href":"https:\/\/nbg.eu\/es\/wp-json\/wp\/v2\/types\/product"}],"wp:featuredmedia":[{"embeddable":true,"href":"https:\/\/nbg.eu\/es\/wp-json\/wp\/v2\/media\/24789"}],"wp:attachment":[{"href":"https:\/\/nbg.eu\/es\/wp-json\/wp\/v2\/media?parent=689430"}],"wp:term":[{"taxonomy":"product_brand","embeddable":true,"href":"https:\/\/nbg.eu\/es\/wp-json\/wp\/v2\/product_brand?post=689430"},{"taxonomy":"product_cat","embeddable":true,"href":"https:\/\/nbg.eu\/es\/wp-json\/wp\/v2\/product_cat?post=689430"},{"taxonomy":"product_tag","embeddable":true,"href":"https:\/\/nbg.eu\/es\/wp-json\/wp\/v2\/product_tag?post=689430"}],"curies":[{"name":"wp","href":"https:\/\/api.w.org\/{rel}","templated":true}]}}