{"id":689454,"date":"2024-08-17T15:26:35","date_gmt":"2024-08-17T12:26:35","guid":{"rendered":"https:\/\/nbg.eu\/product\/fiber-optic-front-sight-kmr-625xd1x3-red\/"},"modified":"2026-05-13T16:03:18","modified_gmt":"2026-05-13T13:03:18","slug":"fiber-optic-front-sight-kmr-625xd1x3-red","status":"publish","type":"product","link":"https:\/\/nbg.eu\/es\/producto\/fiber-optic-front-sight-kmr-625xd1x3-red\/","title":{"rendered":"KMR Punto de Mira Fibra \u00d3ptica 6.25xD1x3 Roja"},"content":{"rendered":"<h2>Mejora tu punter\u00eda con la MIRA FRONTAL DE FIBRA \u00d3PTICA KMR 6,25xD1x3 ROJA<\/h2>\n<p>Las dimensiones de la mira de 6,25 x D1 x 3 la hacen perfecta para tu arma, proporcionando una integraci\u00f3n sin problemas sin comprometer el dise\u00f1o general. La s\u00f3lida construcci\u00f3n y los materiales duraderos utilizados en su fabricaci\u00f3n garantizan un rendimiento duradero, incluso en entornos exigentes.<\/p>\n<p>Ya sea que participes en operaciones t\u00e1cticas, competencias de tiro o uso recreativo, la mira frontal de fibra \u00f3ptica elevar\u00e1 tus capacidades de punter\u00eda y te dar\u00e1 la ventaja que necesitas. Conf\u00eda en este accesorio confiable y de alta calidad para mejorar la precisi\u00f3n y exactitud de tu arma.<\/p>\n<p>Para armas KMR:<\/p>\n<p>KMR L-02 ORCA HASTA 2023<\/p>\n<p>KMR W-02 UMBRA<\/p>\n<p>Referencia: 0501-04605-0001<\/p>\n","protected":false},"excerpt":{"rendered":"<p>Mira delantera de fibra \u00f3ptica para armas KMR, 6.25xD1x3, roja.<\/p>\n","protected":false},"featured_media":24143,"template":"","meta":{"_acf_changed":false},"product_brand":[11503],"product_cat":[12229],"product_tag":[],"class_list":{"0":"post-689454","1":"product","2":"type-product","3":"status-publish","4":"has-post-thumbnail","6":"product_brand-kmr-precision","7":"product_cat-piezas-kmr","9":"first","10":"instock","11":"taxable","12":"shipping-taxable","13":"product-type-simple"},"acf":[],"_links":{"self":[{"href":"https:\/\/nbg.eu\/es\/wp-json\/wp\/v2\/product\/689454","targetHints":{"allow":["GET"]}}],"collection":[{"href":"https:\/\/nbg.eu\/es\/wp-json\/wp\/v2\/product"}],"about":[{"href":"https:\/\/nbg.eu\/es\/wp-json\/wp\/v2\/types\/product"}],"wp:featuredmedia":[{"embeddable":true,"href":"https:\/\/nbg.eu\/es\/wp-json\/wp\/v2\/media\/24143"}],"wp:attachment":[{"href":"https:\/\/nbg.eu\/es\/wp-json\/wp\/v2\/media?parent=689454"}],"wp:term":[{"taxonomy":"product_brand","embeddable":true,"href":"https:\/\/nbg.eu\/es\/wp-json\/wp\/v2\/product_brand?post=689454"},{"taxonomy":"product_cat","embeddable":true,"href":"https:\/\/nbg.eu\/es\/wp-json\/wp\/v2\/product_cat?post=689454"},{"taxonomy":"product_tag","embeddable":true,"href":"https:\/\/nbg.eu\/es\/wp-json\/wp\/v2\/product_tag?post=689454"}],"curies":[{"name":"wp","href":"https:\/\/api.w.org\/{rel}","templated":true}]}}