{"id":689763,"date":"2024-08-17T18:12:25","date_gmt":"2024-08-17T15:12:25","guid":{"rendered":"https:\/\/nbg.eu\/product\/firing-pin-spring-kmr-s\/"},"modified":"2026-05-13T16:03:36","modified_gmt":"2026-05-13T13:03:36","slug":"firing-pin-spring-kmr-s","status":"publish","type":"product","link":"https:\/\/nbg.eu\/es\/producto\/firing-pin-spring-kmr-s\/","title":{"rendered":"KMR Muelle de la Aguja Percutora S"},"content":{"rendered":"<h2>Resorte del Percutor KMR S<\/h2>\n<p>El Resorte del Percutor KMR S es un resorte de repuesto de alta calidad dise\u00f1ado para una variedad de sistemas de armas KMR.<\/p>\n<p>Fabricado con precisi\u00f3n y atenci\u00f3n al detalle, este resorte del percutor garantiza un rendimiento confiable y consistente en tu sistema de armas KMR. Su construcci\u00f3n duradera y los materiales de alta calidad lo convierten en una opci\u00f3n de repuesto de larga duraci\u00f3n para mantener el funcionamiento \u00f3ptimo de tu arma de fuego.<\/p>\n<p>Ya seas un tirador profesional o un entusiasta apasionado, este percutor es un accesorio esencial para mantener tu arma KMR funcionando en su mejor momento. Actualiza tu arma de fuego con este componente confiable y fiable y experimenta la diferencia en tu rendimiento de tiro.<\/p>\n<p>Para Armas KMR:<\/p>\n<p>KMR S-01 LANCE (OR)<\/p>\n<p>KMR S-02 10 (OR) SR ADA<\/p>\n<p>KMR S-02 75 (OR) SR ADA<\/p>\n<p>KMR S-02 A PARTIR DE 2024<\/p>\n<p>KMR S-02 SH1 (OR) SR ADA<\/p>\n<p>KMR S-02 SH2 (OR) SR ADA<\/p>\n<p>KMR S-02 TS (OR) SR ADA<\/p>\n<p>KMR S-02 HASTA 2023<\/p>\n","protected":false},"excerpt":{"rendered":"<p>Resorte del percutor KMR S &#8211; para KMR S-01, KMR S-02 y variantes.<\/p>\n","protected":false},"featured_media":24979,"template":"","meta":{"_acf_changed":false},"product_brand":[11503],"product_cat":[12229,12247],"product_tag":[],"class_list":{"0":"post-689763","1":"product","2":"type-product","3":"status-publish","4":"has-post-thumbnail","6":"product_brand-kmr-precision","7":"product_cat-piezas-kmr","8":"product_cat-resortes","10":"first","11":"instock","12":"taxable","13":"shipping-taxable","14":"product-type-simple"},"acf":[],"_links":{"self":[{"href":"https:\/\/nbg.eu\/es\/wp-json\/wp\/v2\/product\/689763","targetHints":{"allow":["GET"]}}],"collection":[{"href":"https:\/\/nbg.eu\/es\/wp-json\/wp\/v2\/product"}],"about":[{"href":"https:\/\/nbg.eu\/es\/wp-json\/wp\/v2\/types\/product"}],"wp:featuredmedia":[{"embeddable":true,"href":"https:\/\/nbg.eu\/es\/wp-json\/wp\/v2\/media\/24979"}],"wp:attachment":[{"href":"https:\/\/nbg.eu\/es\/wp-json\/wp\/v2\/media?parent=689763"}],"wp:term":[{"taxonomy":"product_brand","embeddable":true,"href":"https:\/\/nbg.eu\/es\/wp-json\/wp\/v2\/product_brand?post=689763"},{"taxonomy":"product_cat","embeddable":true,"href":"https:\/\/nbg.eu\/es\/wp-json\/wp\/v2\/product_cat?post=689763"},{"taxonomy":"product_tag","embeddable":true,"href":"https:\/\/nbg.eu\/es\/wp-json\/wp\/v2\/product_tag?post=689763"}],"curies":[{"name":"wp","href":"https:\/\/api.w.org\/{rel}","templated":true}]}}