{"id":690531,"date":"2024-08-18T11:12:46","date_gmt":"2024-08-18T08:12:46","guid":{"rendered":"https:\/\/nbg.eu\/product\/front-sight-screw-m3x3-din-914-kmr\/"},"modified":"2026-05-13T15:10:01","modified_gmt":"2026-05-13T12:10:01","slug":"front-sight-screw-m3x3-din-914-kmr","status":"publish","type":"product","link":"https:\/\/nbg.eu\/es\/producto\/front-sight-screw-m3x3-din-914-kmr\/","title":{"rendered":"KMR Tornillo del Punto de Mira M3x3 DIN 914"},"content":{"rendered":"<h2>Tornillo de mira frontal M3X3 Din 914 KMR<\/h2>\n<p>Mejora el rendimiento de tu arma con el Tornillo de mira frontal M3X3 Din 914 KMR. Dise\u00f1ado para ser compatible con una amplia gama de modelos KMR, este tornillo asegura un ajuste seguro y preciso, mejorando la estabilidad y precisi\u00f3n de tu arma de fuego. Fabricado con materiales de alta calidad, el Tornillo de mira frontal M3X3 Din 914 KMR est\u00e1 construido para soportar las exigencias de los entornos t\u00e1cticos y de competici\u00f3n.<\/p>\n<p>Para armas KMR:<\/p>\n<p>KMR L-02 EMIQ (OR)<\/p>\n<p>KMR L-02 ORCA DESDE 2024<\/p>\n<p>KMR L-02 ORCA HASTA 2023<\/p>\n<p>KMR L-02 SPECTRA DESDE 2024<\/p>\n<p>KMR L-02 SPECTRA HASTA 2023<\/p>\n<p>KMR L-02 UMBRA (OR) SR<\/p>\n<p>KMR S-01 LANCE (OR)<\/p>\n<p>KMR S-02 10 (OR) SR ADA<\/p>\n<p>KMR S-02 75 (OR) SR ADA<\/p>\n<p>KMR S-02 DESDE 2024<\/p>\n<p>KMR S-02 SH1 (OR) SR ADA<\/p>\n<p>KMR S-02 SH2 (OR) SR ADA<\/p>\n<p>KMR S-02 TS (OR) SR ADA<\/p>\n<p>KMR S-02 HASTA 2023<\/p>\n<p>KMR W-02 CUDA (OR)<\/p>\n<p>KMR W-02 UMBRA<\/p>\n<p>KMR W-02 UMBRA (OR)<\/p>\n","protected":false},"excerpt":{"rendered":"<p>Tornillo de mira delantera M3X3 Din 914 para modelos de arma KMR.<\/p>\n","protected":false},"featured_media":25417,"template":"","meta":{"_acf_changed":false},"product_brand":[11503],"product_cat":[12229],"product_tag":[],"class_list":{"0":"post-690531","1":"product","2":"type-product","3":"status-publish","4":"has-post-thumbnail","6":"product_brand-kmr-precision","7":"product_cat-piezas-kmr","9":"first","10":"instock","11":"taxable","12":"shipping-taxable","13":"product-type-simple"},"acf":[],"_links":{"self":[{"href":"https:\/\/nbg.eu\/es\/wp-json\/wp\/v2\/product\/690531","targetHints":{"allow":["GET"]}}],"collection":[{"href":"https:\/\/nbg.eu\/es\/wp-json\/wp\/v2\/product"}],"about":[{"href":"https:\/\/nbg.eu\/es\/wp-json\/wp\/v2\/types\/product"}],"wp:featuredmedia":[{"embeddable":true,"href":"https:\/\/nbg.eu\/es\/wp-json\/wp\/v2\/media\/25417"}],"wp:attachment":[{"href":"https:\/\/nbg.eu\/es\/wp-json\/wp\/v2\/media?parent=690531"}],"wp:term":[{"taxonomy":"product_brand","embeddable":true,"href":"https:\/\/nbg.eu\/es\/wp-json\/wp\/v2\/product_brand?post=690531"},{"taxonomy":"product_cat","embeddable":true,"href":"https:\/\/nbg.eu\/es\/wp-json\/wp\/v2\/product_cat?post=690531"},{"taxonomy":"product_tag","embeddable":true,"href":"https:\/\/nbg.eu\/es\/wp-json\/wp\/v2\/product_tag?post=690531"}],"curies":[{"name":"wp","href":"https:\/\/api.w.org\/{rel}","templated":true}]}}