{"id":690764,"date":"2024-08-16T23:16:01","date_gmt":"2024-08-16T20:16:01","guid":{"rendered":"https:\/\/nbg.eu\/product\/hammer-pin-kmr\/"},"modified":"2026-05-13T16:04:31","modified_gmt":"2026-05-13T13:04:31","slug":"hammer-pin-kmr","status":"publish","type":"product","link":"https:\/\/nbg.eu\/es\/producto\/hammer-pin-kmr\/","title":{"rendered":"KMR Pasador del Martillo"},"content":{"rendered":"<h2>Pasador del martillo para pistolas KMR: Precisi\u00f3n y fiabilidad para su sistema de ignici\u00f3n<\/h2>\n<p>Asegure el funcionamiento suave y constante del sistema de ignici\u00f3n de su pistola KMR con nuestro pasador de martillo premium. Fabricado en acero endurecido de precisi\u00f3n, este pasador est\u00e1 dise\u00f1ado para servir como eje principal para el movimiento del martillo, garantizando un disparo y un recorrido del gatillo fiables y repetibles.<\/p>\n<p>Con un di\u00e1metro exacto de f\u00e1brica para un ajuste perfecto en los marcos KMR, nuestro pasador de martillo est\u00e1 dise\u00f1ado para evitar problemas comunes como el \u00abdesplazamiento del pasador\u00bb durante el disparo r\u00e1pido. Su acabado superficial resistente al desgaste tambi\u00e9n mejora la durabilidad del pasador, protegiendo la integridad estructural de los componentes cr\u00edticos de su arma de fuego.<\/p>\n<p>Ya sea que usted sea un tirador de competici\u00f3n aficionado o un usuario recreativo dedicado, el pasador de martillo para pistolas KMR es el componente esencial que necesita para asegurar el funcionamiento suave y fiable de su sistema de ignici\u00f3n. Conf\u00ede en su ingenier\u00eda de precisi\u00f3n y su rendimiento inquebrantable para elevar su experiencia de tiro a nuevas alturas.<\/p>\n","protected":false},"excerpt":{"rendered":"<p>Clavija de acero endurecido con precisi\u00f3n que asegura un pivote de martillo estable y un accionamiento suave del gatillo para las pistolas KMR.<\/p>\n","protected":false},"featured_media":23697,"template":"","meta":{"_acf_changed":false},"product_brand":[11503],"product_cat":[12229],"product_tag":[],"class_list":{"0":"post-690764","1":"product","2":"type-product","3":"status-publish","4":"has-post-thumbnail","6":"product_brand-kmr-precision","7":"product_cat-piezas-kmr","9":"first","10":"instock","11":"taxable","12":"shipping-taxable","13":"product-type-simple"},"acf":[],"_links":{"self":[{"href":"https:\/\/nbg.eu\/es\/wp-json\/wp\/v2\/product\/690764","targetHints":{"allow":["GET"]}}],"collection":[{"href":"https:\/\/nbg.eu\/es\/wp-json\/wp\/v2\/product"}],"about":[{"href":"https:\/\/nbg.eu\/es\/wp-json\/wp\/v2\/types\/product"}],"wp:featuredmedia":[{"embeddable":true,"href":"https:\/\/nbg.eu\/es\/wp-json\/wp\/v2\/media\/23697"}],"wp:attachment":[{"href":"https:\/\/nbg.eu\/es\/wp-json\/wp\/v2\/media?parent=690764"}],"wp:term":[{"taxonomy":"product_brand","embeddable":true,"href":"https:\/\/nbg.eu\/es\/wp-json\/wp\/v2\/product_brand?post=690764"},{"taxonomy":"product_cat","embeddable":true,"href":"https:\/\/nbg.eu\/es\/wp-json\/wp\/v2\/product_cat?post=690764"},{"taxonomy":"product_tag","embeddable":true,"href":"https:\/\/nbg.eu\/es\/wp-json\/wp\/v2\/product_tag?post=690764"}],"curies":[{"name":"wp","href":"https:\/\/api.w.org\/{rel}","templated":true}]}}