{"id":691135,"date":"2025-03-07T13:06:11","date_gmt":"2025-03-07T10:06:11","guid":{"rendered":"https:\/\/nbg.eu\/product\/kmr-or-aimpoint-acro-mounting-kit-for-l-02-w-02-steel-black\/"},"modified":"2026-05-13T16:48:13","modified_gmt":"2026-05-13T13:48:13","slug":"kmr-or-aimpoint-acro-mounting-kit-for-l-02-w-02-steel-black","status":"publish","type":"product","link":"https:\/\/nbg.eu\/es\/producto\/kmr-or-aimpoint-acro-mounting-kit-for-l-02-w-02-steel-black\/","title":{"rendered":"KMR OR Aimpoint Acro Kit de Montaje para L-02, W-02 Acero Negro"},"content":{"rendered":"<h2>KMR &#8211; O JUEGO DE MONTAJE AIMPOINT ACRO PARA L-02, W-02, ACERO NEGRO<\/h2>\n<p>El juego de montaje KMR Optic Ready (OR) Aimpoint ACRO es la soluci\u00f3n definitiva para la integraci\u00f3n de \u00f3pticas de gran solidez y una alineaci\u00f3n perfecta de la mira en tus pistolas KMR L-02 y W-02. Mecanizado con precisi\u00f3n en acero de alta resistencia, este juego de montaje cuenta con una huella espec\u00edfica para Aimpoint ACRO, un dise\u00f1o de perfil bajo y un acabado negro mate anticorrosivo para un aspecto elegante y duradero.<\/p>\n<p>La construcci\u00f3n de acero del juego de montaje KMR OR Aimpoint ACRO garantiza cero desplazamiento bajo un fuerte retroceso, proporcionando la soluci\u00f3n de montaje m\u00e1s fiable para miras de emisor cerrado. El ajuste de precisi\u00f3n garantiza que tu \u00f3ptica se mantenga calibrada incluso durante su uso intensivo en competici\u00f3n o servicio, convirti\u00e9ndolo en la elecci\u00f3n definitiva para las pistolas de la serie KMR OR.<\/p>\n","protected":false},"excerpt":{"rendered":"<p>KMR &#8211; O KIT DE MONTAJE AIMPOINT ACRO PARA L-02, W-02, ACERO NEGRO. Integraci\u00f3n de \u00f3ptica s\u00f3lida como una roca y alineaci\u00f3n perfecta de la l\u00ednea de mira para los modelos L-02 y W-02. Mecanizado con precisi\u00f3n en acero de alta resistencia, huella espec\u00edfica de Aimpoint ACRO, dise\u00f1o de perfil bajo, acabado mate negro anticorrosi\u00f3n. Proporciona la soluci\u00f3n de montaje m\u00e1s duradera para visores de emisor cerrado; la construcci\u00f3n de acero garantiza que no haya desplazamiento del cero bajo un fuerte retroceso, mientras que el ajuste de precisi\u00f3n garantiza que el visor se mantenga calibrado incluso durante competencias de alto volumen o uso en servicio en las pistolas de la serie KMR OR.<\/p>\n","protected":false},"featured_media":246157,"template":"","meta":{"_acf_changed":false},"product_brand":[11503],"product_cat":[12225,12229,12261,14920],"product_tag":[],"class_list":{"0":"post-691135","1":"product","2":"type-product","3":"status-publish","4":"has-post-thumbnail","6":"product_brand-kmr-precision","7":"product_cat-piezas-de-pistola","8":"product_cat-piezas-kmr","9":"product_cat-puntos-para-pistola","10":"product_cat-red-dot-sights-mounts-es","12":"first","13":"instock","14":"taxable","15":"shipping-taxable","16":"purchasable","17":"product-type-simple"},"acf":[],"_links":{"self":[{"href":"https:\/\/nbg.eu\/es\/wp-json\/wp\/v2\/product\/691135","targetHints":{"allow":["GET"]}}],"collection":[{"href":"https:\/\/nbg.eu\/es\/wp-json\/wp\/v2\/product"}],"about":[{"href":"https:\/\/nbg.eu\/es\/wp-json\/wp\/v2\/types\/product"}],"wp:featuredmedia":[{"embeddable":true,"href":"https:\/\/nbg.eu\/es\/wp-json\/wp\/v2\/media\/246157"}],"wp:attachment":[{"href":"https:\/\/nbg.eu\/es\/wp-json\/wp\/v2\/media?parent=691135"}],"wp:term":[{"taxonomy":"product_brand","embeddable":true,"href":"https:\/\/nbg.eu\/es\/wp-json\/wp\/v2\/product_brand?post=691135"},{"taxonomy":"product_cat","embeddable":true,"href":"https:\/\/nbg.eu\/es\/wp-json\/wp\/v2\/product_cat?post=691135"},{"taxonomy":"product_tag","embeddable":true,"href":"https:\/\/nbg.eu\/es\/wp-json\/wp\/v2\/product_tag?post=691135"}],"curies":[{"name":"wp","href":"https:\/\/api.w.org\/{rel}","templated":true}]}}