{"id":692187,"date":"2024-09-16T14:52:04","date_gmt":"2024-09-16T11:52:04","guid":{"rendered":"https:\/\/nbg.eu\/product\/magazine-catch-28-kmr-l-02-umbra\/"},"modified":"2026-05-13T15:10:48","modified_gmt":"2026-05-13T12:10:48","slug":"magazine-catch-28-kmr-l-02-umbra","status":"publish","type":"product","link":"https:\/\/nbg.eu\/es\/producto\/magazine-catch-28-kmr-l-02-umbra\/","title":{"rendered":"KMR Retenedor del Cargador 28 L-02 UMBRA"},"content":{"rendered":"<h2>KMR Magazine Catch 28 &#8211; L-02 Umbra Edition<\/h2>\n<p>El KMR Magazine Catch 28 es un componente premium dise\u00f1ado espec\u00edficamente para la KMR L-02 Umbra y la plataforma de la serie L. Dise\u00f1ado para la velocidad y la ergonom\u00eda, este liberador de revista es una actualizaci\u00f3n cr\u00edtica para los tiradores que necesitan recortar segundos en sus tiempos de recarga durante las condiciones de alta presi\u00f3n de las competencias.<\/p>\n<h3>Dise\u00f1ado para la velocidad y la precisi\u00f3n<\/h3>\n<p>En el mundo de IPSC y USPSA, la velocidad del cambio de revista puede ser la diferencia entre terminar en el podio o en el medio del grupo. La designaci\u00f3n \u00ab28\u00bb representa el \u00e1rea superficial optimizada y la altura de extensi\u00f3n, proporcionando el equilibrio perfecto entre accesibilidad y seguridad. Permite al tirador soltar la revista sin cambiar significativamente su agarre de disparo, manteniendo un mejor control sobre el arma durante todo el ciclo de recarga.<\/p>\n<h3>Especificaciones t\u00e9cnicas:<\/h3>\n<ul>\n<li><strong>Durabilidad mecanizada por CNC:<\/strong> Fabricado con componentes de acero y aluminio de alta resistencia para garantizar un acople preciso y una vida \u00fatil prolongada.<\/li>\n<li><strong>Ergonom\u00eda extendida:<\/strong> La palanca agrandada est\u00e1 estrat\u00e9gicamente posicionada para un f\u00e1cil alcance, incluso para tiradores con manos m\u00e1s peque\u00f1as o que usan guantes.<\/li>\n<li><strong>Est\u00e9tica de la serie Umbra:<\/strong> Cuenta con el acabado oscuro y de alto rendimiento que coincide perfectamente con la apariencia t\u00e1ctica premium de la KMR L-02 Umbra.<\/li>\n<li><strong>Orientaci\u00f3n ajustable:<\/strong> Dise\u00f1ado para una instalaci\u00f3n f\u00e1cil con un enfoque en un movimiento suave y sin enganches dentro del armaz\u00f3n.<\/li>\n<li><strong>Ajuste OEM:<\/strong> Una pieza genuina de KMR, lo que asegura que la revista se mantenga a la altura precisa para una alimentaci\u00f3n sin problemas y un bloqueo consistente.<\/li>\n<\/ul>\n<h3>M\u00e1xima confiabilidad bajo presi\u00f3n<\/h3>\n<p>La geometr\u00eda interna del KMR Magazine Catch 28 est\u00e1 rectificada con precisi\u00f3n para proporcionar un \u00abclic\u00bb positivo y una liberaci\u00f3n inmediata. A diferencia de los seguros de revista est\u00e1ndar que pueden sentirse blandos o requerir un esfuerzo excesivo, esta unidad ofrece una respuesta t\u00e1ctil y mec\u00e1nica que le da al tirador total confianza de que la revista ha sido expulsada con \u00e9xito.<\/p>\n<h3>Beneficios clave:<\/h3>\n<ul>\n<li><strong>Recargas m\u00e1s r\u00e1pidas:<\/strong> El \u00e1rea de superficie extendida y ampliada hace que encontrar el liberador sea instintivo y sin esfuerzo.<\/li>\n<li><strong>Asiento seguro de la revista:<\/strong> Dise\u00f1ado para mantener la revista firmemente en su lugar contra las tensiones del disparo r\u00e1pido y el movimiento.<\/li>\n<li><strong>Mayor control:<\/strong> Reduce la necesidad de \u00abromper\u00bb el agarre principal para alcanzar el bot\u00f3n, lo que permite una reacquisici\u00f3n de objetivos m\u00e1s r\u00e1pida despu\u00e9s de una recarga.<\/li>\n<li><strong>Legal para competencias:<\/strong> Dise\u00f1ado para cumplir con los requisitos de la mayor\u00eda de las reglas de equipo de divisi\u00f3n de producci\u00f3n y est\u00e1ndar, ofreciendo una ventaja ergon\u00f3mica significativa.<\/li>\n<\/ul>\n","protected":false},"excerpt":{"rendered":"<p>1100-01202-0900<\/p>\n","protected":false},"featured_media":25764,"template":"","meta":{"_acf_changed":false},"product_brand":[11503],"product_cat":[12229],"product_tag":[],"class_list":{"0":"post-692187","1":"product","2":"type-product","3":"status-publish","4":"has-post-thumbnail","6":"product_brand-kmr-precision","7":"product_cat-piezas-kmr","9":"first","10":"instock","11":"taxable","12":"shipping-taxable","13":"product-type-simple"},"acf":[],"_links":{"self":[{"href":"https:\/\/nbg.eu\/es\/wp-json\/wp\/v2\/product\/692187","targetHints":{"allow":["GET"]}}],"collection":[{"href":"https:\/\/nbg.eu\/es\/wp-json\/wp\/v2\/product"}],"about":[{"href":"https:\/\/nbg.eu\/es\/wp-json\/wp\/v2\/types\/product"}],"wp:featuredmedia":[{"embeddable":true,"href":"https:\/\/nbg.eu\/es\/wp-json\/wp\/v2\/media\/25764"}],"wp:attachment":[{"href":"https:\/\/nbg.eu\/es\/wp-json\/wp\/v2\/media?parent=692187"}],"wp:term":[{"taxonomy":"product_brand","embeddable":true,"href":"https:\/\/nbg.eu\/es\/wp-json\/wp\/v2\/product_brand?post=692187"},{"taxonomy":"product_cat","embeddable":true,"href":"https:\/\/nbg.eu\/es\/wp-json\/wp\/v2\/product_cat?post=692187"},{"taxonomy":"product_tag","embeddable":true,"href":"https:\/\/nbg.eu\/es\/wp-json\/wp\/v2\/product_tag?post=692187"}],"curies":[{"name":"wp","href":"https:\/\/api.w.org\/{rel}","templated":true}]}}