{"id":692288,"date":"2025-05-21T16:01:25","date_gmt":"2025-05-21T13:01:25","guid":{"rendered":"https:\/\/nbg.eu\/product\/magazine-kmr-l-02-orca-cal-9x19-19-rnds\/"},"modified":"2026-05-13T15:09:56","modified_gmt":"2026-05-13T12:09:56","slug":"magazine-kmr-l-02-orca-cal-9x19-19-rnds","status":"publish","type":"product","link":"https:\/\/nbg.eu\/es\/producto\/magazine-kmr-l-02-orca-cal-9x19-19-rnds\/","title":{"rendered":"KMR Cargador L-02 ORCA 9&#215;19 19 Cart."},"content":{"rendered":"<h2>REVISTA KMR L-02 ORCA cal. 9&#215;19 19 rnds<\/h2>\n<p>Mejore el rendimiento de su pistola KMR L-02 ORCA con este cargador de alta capacidad. Con capacidad para 19 cartuchos de 9x19mm, asegura una alimentaci\u00f3n confiable y un funcionamiento suave, convirti\u00e9ndolo en el compa\u00f1ero perfecto para su arma de fuego. Compatible con los modelos KMR L-02 EMIQ y EMIQ (OR), este cargador es imprescindible para aquellos que buscan una mayor capacidad y una funcionalidad mejorada.<\/p>\n<p>N\u00famero de pieza: 1152-02402-0001<\/p>\n<p>Compatible con:<\/p>\n<ul>\n<li>KMR L-02 EMIQ<\/li>\n<li>KMR L-02 EMIQ (OR)<\/li>\n<li>KMR L-02 ORCA HASTA 2023<\/li>\n<\/ul>\n","protected":false},"excerpt":{"rendered":"<p>Cargador de alta capacidad de 19 cartuchos para pistolas KMR L-02 ORCA 9&#215;19. Alimentaci\u00f3n confiable y funcionamiento suave.<\/p>\n","protected":false},"featured_media":365254,"template":"","meta":{"_acf_changed":false},"product_brand":[11503],"product_cat":[12225,12229],"product_tag":[],"class_list":{"0":"post-692288","1":"product","2":"type-product","3":"status-publish","4":"has-post-thumbnail","6":"product_brand-kmr-precision","7":"product_cat-piezas-de-pistola","8":"product_cat-piezas-kmr","10":"first","11":"instock","12":"taxable","13":"shipping-taxable","14":"product-type-simple"},"acf":[],"_links":{"self":[{"href":"https:\/\/nbg.eu\/es\/wp-json\/wp\/v2\/product\/692288","targetHints":{"allow":["GET"]}}],"collection":[{"href":"https:\/\/nbg.eu\/es\/wp-json\/wp\/v2\/product"}],"about":[{"href":"https:\/\/nbg.eu\/es\/wp-json\/wp\/v2\/types\/product"}],"wp:featuredmedia":[{"embeddable":true,"href":"https:\/\/nbg.eu\/es\/wp-json\/wp\/v2\/media\/365254"}],"wp:attachment":[{"href":"https:\/\/nbg.eu\/es\/wp-json\/wp\/v2\/media?parent=692288"}],"wp:term":[{"taxonomy":"product_brand","embeddable":true,"href":"https:\/\/nbg.eu\/es\/wp-json\/wp\/v2\/product_brand?post=692288"},{"taxonomy":"product_cat","embeddable":true,"href":"https:\/\/nbg.eu\/es\/wp-json\/wp\/v2\/product_cat?post=692288"},{"taxonomy":"product_tag","embeddable":true,"href":"https:\/\/nbg.eu\/es\/wp-json\/wp\/v2\/product_tag?post=692288"}],"curies":[{"name":"wp","href":"https:\/\/api.w.org\/{rel}","templated":true}]}}