{"id":692393,"date":"2024-08-18T11:19:05","date_gmt":"2024-08-18T08:19:05","guid":{"rendered":"https:\/\/nbg.eu\/product\/mag-release-button-screw-m3x6-iso-14581-kmr\/"},"modified":"2026-05-13T16:03:49","modified_gmt":"2026-05-13T13:03:49","slug":"mag-release-button-screw-m3x6-iso-14581-kmr","status":"publish","type":"product","link":"https:\/\/nbg.eu\/es\/producto\/mag-release-button-screw-m3x6-iso-14581-kmr\/","title":{"rendered":"KMR Tornillo del Bot\u00f3n de Liberaci\u00f3n M3x6 ISO 14581"},"content":{"rendered":"<h2>Tornillo de bot\u00f3n de liberaci\u00f3n de cargador M3X6 Iso 14581 KMR<\/h2>\n<p>Este Tornillo de bot\u00f3n de liberaci\u00f3n de cargador M3X6 Iso 14581 es un componente esencial para una amplia gama de armas KMR. Fabricado para cumplir con los est\u00e1ndares ISO 14581, este tornillo asegura una conexi\u00f3n segura y confiable para el bot\u00f3n de liberaci\u00f3n del cargador, permitiendo un funcionamiento y mantenimiento sin problemas del arma. Con un tama\u00f1o de M3x6, este accesorio es imprescindible para cualquiera que realice servicios o actualizaciones en sus armas compatibles con KMR.<\/p>\n<\/p>\n<p>Para armas KMR<\/p>\n<\/p>\n<p>KMR L-02 EMIQ<\/p>\n<\/p>\n<p>KMR L-02 EMIQ (OR)<\/p>\n<\/p>\n<p>KMR L-02 ORCA DESDE 2024<\/p>\n<\/p>\n<p>KMR L-02 ORCA HASTA 2023<\/p>\n<\/p>\n<p>KMR L-02 SPECTRA DESDE 2024<\/p>\n<\/p>\n<p>KMR L-02 SPECTRA HASTA 2023<\/p>\n<\/p>\n<p>KMR L-02 UMBRA (OR) SR<\/p>\n<\/p>\n<p>KMR S-01 LANCE (OR)<\/p>\n<\/p>\n<p>KMR S-02 DESDE 2024<\/p>\n<\/p>\n<p>KMR S-02 HASTA 2023<\/p>\n<\/p>\n<p>KMR W-02 CUDA (OR)<\/p>\n<\/p>\n<p>KMR W-02 UMBRA<\/p>\n<\/p>\n<p>KMR W-02 UMBRA (OR<\/p>\n","protected":false},"excerpt":{"rendered":"<p>Tornillo de bot\u00f3n de liberaci\u00f3n del cargador M3X6 Iso 14581 KMR para varias armas KMR.<\/p>\n","protected":false},"featured_media":25487,"template":"","meta":{"_acf_changed":false},"product_brand":[11503],"product_cat":[12229],"product_tag":[],"class_list":{"0":"post-692393","1":"product","2":"type-product","3":"status-publish","4":"has-post-thumbnail","6":"product_brand-kmr-precision","7":"product_cat-piezas-kmr","9":"first","10":"instock","11":"taxable","12":"shipping-taxable","13":"product-type-simple"},"acf":[],"_links":{"self":[{"href":"https:\/\/nbg.eu\/es\/wp-json\/wp\/v2\/product\/692393","targetHints":{"allow":["GET"]}}],"collection":[{"href":"https:\/\/nbg.eu\/es\/wp-json\/wp\/v2\/product"}],"about":[{"href":"https:\/\/nbg.eu\/es\/wp-json\/wp\/v2\/types\/product"}],"wp:featuredmedia":[{"embeddable":true,"href":"https:\/\/nbg.eu\/es\/wp-json\/wp\/v2\/media\/25487"}],"wp:attachment":[{"href":"https:\/\/nbg.eu\/es\/wp-json\/wp\/v2\/media?parent=692393"}],"wp:term":[{"taxonomy":"product_brand","embeddable":true,"href":"https:\/\/nbg.eu\/es\/wp-json\/wp\/v2\/product_brand?post=692393"},{"taxonomy":"product_cat","embeddable":true,"href":"https:\/\/nbg.eu\/es\/wp-json\/wp\/v2\/product_cat?post=692393"},{"taxonomy":"product_tag","embeddable":true,"href":"https:\/\/nbg.eu\/es\/wp-json\/wp\/v2\/product_tag?post=692393"}],"curies":[{"name":"wp","href":"https:\/\/api.w.org\/{rel}","templated":true}]}}